{"id":90,"date":"2025-07-04T22:30:36","date_gmt":"2025-07-04T20:30:36","guid":{"rendered":"https:\/\/grandparquetendurance.com\/?page_id=90"},"modified":"2025-07-31T03:35:07","modified_gmt":"2025-07-31T01:35:07","slug":"doggy-contact","status":"publish","type":"page","link":"https:\/\/grandparquetendurance.com\/index.php\/doggy-contact\/","title":{"rendered":"Doggy &#8211; Contact"},"content":{"rendered":"\t\t<div data-elementor-type=\"wp-page\" data-elementor-id=\"90\" class=\"elementor elementor-90\">\n\t\t\t\t<div class=\"elementor-element elementor-element-debd698 e-flex e-con-boxed e-con e-parent\" data-id=\"debd698\" data-element_type=\"container\">\n\t\t\t\t\t<div class=\"e-con-inner\">\n\t\t\t\t<div class=\"elementor-element elementor-element-68de14b elementor-widget elementor-widget-html\" data-id=\"68de14b\" data-element_type=\"widget\" data-widget_type=\"html.default\">\n\t\t\t\t\t<div style=\"max-width: 800px; margin: 0 auto; font-family: Arial, sans-serif; color: #2a4333;\">\r\n\r\n  <h1 style=\"text-align: center; margin-bottom: 30px;\">\ud83d\udc3e Contacts \u2013 Doggy on the Rocks<\/h1>\r\n  <p style=\"text-align: center; margin-bottom: 30px;\">Pour toute question concernant la section Canisport, vous pouvez contacter directement les personnes r\u00e9f\u00e9rentes selon le sujet.<\/p>\r\n\r\n  <!-- Infos g\u00e9n\u00e9rales -->\r\n  <h3 style=\"margin-top: 20px;\">\ud83d\udcec Informations g\u00e9n\u00e9rales<\/h3>\r\n  <ul style=\"list-style: none; padding-left: 0;\">\r\n    <li><strong>Agn\u00e8s Le Gall<\/strong> \u2013 Responsable de section<br>\ud83d\udcde 06 63 84 60 10<\/li>\r\n    <li><strong>Gilles Cabardos<\/strong> \u2013 Responsable des projets<br>\ud83d\udcde 06 50 90 28 97<\/li>\r\n    <li>\u2709\ufe0f <strong>Email :<\/strong> <a href=\"mailto:doggyontherocks@gmail.com\">doggyontherocks@gmail.com<\/a><\/li>\r\n  <\/ul>\r\n<br><\/br>\r\n\r\n  <!-- Licences -->\r\n  <h3 style=\"margin-top: 20px;\">\ud83e\udeaa Licences & Affiliation<\/h3>\r\n  <ul style=\"list-style: none; padding-left: 0;\">\r\n    <li><strong>Agn\u00e8s Le Gall<\/strong> \u2013 Responsable des licences aupr\u00e8s de la FFSLC<br>\ud83d\udcde 06 63 84 60 10<\/li>\r\n  <\/ul>\r\n<br><\/br>\r\n\r\n  <!-- Assurances -->\r\n  <h3 style=\"margin-top: 20px;\">\ud83d\udee1\ufe0f Assurances<\/h3>\r\n  <ul style=\"list-style: none; padding-left: 0;\">\r\n    <li><strong>Gilles Cabardos<\/strong> \u2013 R\u00e9f\u00e9rent assurances<br>\ud83d\udcde 06 50 90 28 97<\/li>\r\n  <\/ul>\r\n<br><\/br>\r\n\r\n  <!-- Entra\u00eenements -->\r\n  <h3 style=\"margin-top: 20px;\">\ud83d\udc15\u200d\ud83e\uddba Entra\u00eenements & Activit\u00e9s<\/h3>\r\n  <ul style=\"list-style: none; padding-left: 0;\">\r\n    <li><strong>Gilles Cabardos<\/strong> \u2013 R\u00e9f\u00e9rent entra\u00eenements<br>\ud83d\udcde 06 50 90 28 97<\/li>\r\n  <\/ul>\r\n<br><\/br>\r\n\r\n  <!-- Ressources -->\r\n  <h3 style=\"margin-top: 20px;\">\ud83d\udd17 Liens utiles<\/h3>\r\n  <ul style=\"list-style: none; padding-left: 0;\">\r\n    <li><img decoding=\"async\" src=\"https:\/\/grandparquetendurance.com\/wp-content\/uploads\/2025\/07\/FFSLC-logo-icon-512x512-1.png\"\r\n       alt=\"Logo FFSLC\"\r\n       style=\"width: 20px; height: 20px; vertical-align: middle; margin-right: 8px; border-radius: 5px;\" \/>\r\n  <a href=\"https:\/\/www.ffslc.fr\" target=\"_blank\" rel=\"noopener noreferrer\">\r\n    F\u00e9d\u00e9ration Fran\u00e7aise des Sports et Loisirs Canins (FFSLC)\r\n  <\/a>\r\n        <\/li>\r\n    <li><img decoding=\"async\" src=\"https:\/\/grandparquetendurance.com\/wp-content\/uploads\/2025\/07\/ChatGPT-Image-11-juil.-2025-15_54_15.png\"\r\n       alt=\"Facebook\"\r\n       style=\"width: 20px; height: 20px; vertical-align: middle; margin-right: 8px; border-radius: 5px;\" \/>\r\n  <a href=\"https:\/\/www.facebook.com\/DoggyOnTheRocks\" target=\"_blank\" rel=\"noopener noreferrer\">\r\n    Page Facebook \u2013 Doggy on the Rocks\r\n  <\/a><\/li>\r\n    <!-- Ajoute ici d'autres liens si disponibles (bulletin PDF, page de pr\u00e9sentation, etc.) -->\r\n  <\/ul>\r\n<\/div>\t\t\t\t<\/div>\n\t\t\t\t\t<\/div>\n\t\t\t\t<\/div>\n\t\t<div class=\"elementor-element elementor-element-e8e3a7b e-flex e-con-boxed e-con e-parent\" data-id=\"e8e3a7b\" data-element_type=\"container\">\n\t\t\t\t\t<div class=\"e-con-inner\">\n\t\t\t\t<div class=\"elementor-element elementor-element-4e57489 elementor-widget elementor-widget-spacer\" data-id=\"4e57489\" data-element_type=\"widget\" data-widget_type=\"spacer.default\">\n\t\t\t\t\t\t\t<div class=\"elementor-spacer\">\n\t\t\t<div class=\"elementor-spacer-inner\"><\/div>\n\t\t<\/div>\n\t\t\t\t\t\t<\/div>\n\t\t\t\t\t<\/div>\n\t\t\t\t<\/div>\n\t\t<div class=\"elementor-element elementor-element-6f6c2d8 e-flex e-con-boxed e-con e-parent\" data-id=\"6f6c2d8\" data-element_type=\"container\">\n\t\t\t\t\t<div class=\"e-con-inner\">\n\t\t\t\t<div class=\"elementor-element elementor-element-ebd44f7 elementor-align-center elementor-widget elementor-widget-button\" data-id=\"ebd44f7\" data-element_type=\"widget\" data-widget_type=\"button.default\">\n\t\t\t\t\t\t\t\t\t\t<a class=\"elementor-button elementor-button-link elementor-size-sm\" href=\"https:\/\/grandparquetendurance.com\/index.php\/canisport\/\">\n\t\t\t\t\t\t<span class=\"elementor-button-content-wrapper\">\n\t\t\t\t\t\t<span class=\"elementor-button-icon\">\n\t\t\t\t<svg aria-hidden=\"true\" class=\"e-font-icon-svg e-far-caret-square-left\" viewBox=\"0 0 448 512\" xmlns=\"http:\/\/www.w3.org\/2000\/svg\"><path d=\"M272 157.1v197.8c0 10.7-13 16.1-20.5 8.5l-98.3-98.9c-4.7-4.7-4.7-12.2 0-16.9l98.3-98.9c7.5-7.7 20.5-2.3 20.5 8.4zM448 80v352c0 26.5-21.5 48-48 48H48c-26.5 0-48-21.5-48-48V80c0-26.5 21.5-48 48-48h352c26.5 0 48 21.5 48 48zm-48 346V86c0-3.3-2.7-6-6-6H54c-3.3 0-6 2.7-6 6v340c0 3.3 2.7 6 6 6h340c3.3 0 6-2.7 6-6z\"><\/path><\/svg>\t\t\t<\/span>\n\t\t\t\t\t\t\t\t\t<span class=\"elementor-button-text\">Retour menu<\/span>\n\t\t\t\t\t<\/span>\n\t\t\t\t\t<\/a>\n\t\t\t\t\t\t\t\t<\/div>\n\t\t\t\t\t<\/div>\n\t\t\t\t<\/div>\n\t\t\t\t<\/div>\n\t\t","protected":false},"excerpt":{"rendered":"<p>\ud83d\udc3e Contacts \u2013 Doggy on the Rocks Pour toute question concernant la section Canisport, vous pouvez contacter directement les personnes [&hellip;]<\/p>\n","protected":false},"author":1,"featured_media":0,"parent":0,"menu_order":0,"comment_status":"closed","ping_status":"closed","template":"","meta":{"site-sidebar-layout":"no-sidebar","site-content-layout":"","ast-site-content-layout":"full-width-container","site-content-style":"default","site-sidebar-style":"default","ast-global-header-display":"","ast-banner-title-visibility":"","ast-main-header-display":"","ast-hfb-above-header-display":"","ast-hfb-below-header-display":"","ast-hfb-mobile-header-display":"","site-post-title":"disabled","ast-breadcrumbs-content":"","ast-featured-img":"disabled","footer-sml-layout":"","theme-transparent-header-meta":"","adv-header-id-meta":"","stick-header-meta":"","header-above-stick-meta":"","header-main-stick-meta":"","header-below-stick-meta":"","astra-migrate-meta-layouts":"default","ast-page-background-enabled":"default","ast-page-background-meta":{"desktop":{"background-color":"var(--ast-global-color-5)","background-image":"","background-repeat":"repeat","background-position":"center center","background-size":"auto","background-attachment":"scroll","background-type":"","background-media":"","overlay-type":"","overlay-color":"","overlay-opacity":"","overlay-gradient":""},"tablet":{"background-color":"","background-image":"","background-repeat":"repeat","background-position":"center center","background-size":"auto","background-attachment":"scroll","background-type":"","background-media":"","overlay-type":"","overlay-color":"","overlay-opacity":"","overlay-gradient":""},"mobile":{"background-color":"","background-image":"","background-repeat":"repeat","background-position":"center center","background-size":"auto","background-attachment":"scroll","background-type":"","background-media":"","overlay-type":"","overlay-color":"","overlay-opacity":"","overlay-gradient":""}},"ast-content-background-meta":{"desktop":{"background-color":"var(--ast-global-color-4)","background-image":"","background-repeat":"repeat","background-position":"center center","background-size":"auto","background-attachment":"scroll","background-type":"","background-media":"","overlay-type":"","overlay-color":"","overlay-opacity":"","overlay-gradient":""},"tablet":{"background-color":"var(--ast-global-color-4)","background-image":"","background-repeat":"repeat","background-position":"center center","background-size":"auto","background-attachment":"scroll","background-type":"","background-media":"","overlay-type":"","overlay-color":"","overlay-opacity":"","overlay-gradient":""},"mobile":{"background-color":"var(--ast-global-color-4)","background-image":"","background-repeat":"repeat","background-position":"center center","background-size":"auto","background-attachment":"scroll","background-type":"","background-media":"","overlay-type":"","overlay-color":"","overlay-opacity":"","overlay-gradient":""}},"footnotes":""},"class_list":["post-90","page","type-page","status-publish","hentry"],"yoast_head":"<!-- This site is optimized with the Yoast SEO plugin v26.6 - https:\/\/yoast.com\/wordpress\/plugins\/seo\/ -->\n<title>Doggy - Contact - Grand Parquet Endurance (GPE)<\/title>\n<meta name=\"robots\" content=\"index, follow, max-snippet:-1, max-image-preview:large, max-video-preview:-1\" \/>\n<link rel=\"canonical\" href=\"https:\/\/grandparquetendurance.com\/index.php\/doggy-contact\/\" \/>\n<meta property=\"og:locale\" content=\"fr_FR\" \/>\n<meta property=\"og:type\" content=\"article\" \/>\n<meta property=\"og:title\" content=\"Doggy - Contact - Grand Parquet Endurance (GPE)\" \/>\n<meta property=\"og:description\" content=\"\ud83d\udc3e Contacts \u2013 Doggy on the Rocks Pour toute question concernant la section Canisport, vous pouvez contacter directement les personnes [&hellip;]\" \/>\n<meta property=\"og:url\" content=\"https:\/\/grandparquetendurance.com\/index.php\/doggy-contact\/\" \/>\n<meta property=\"og:site_name\" content=\"Grand Parquet Endurance (GPE)\" \/>\n<meta property=\"article:modified_time\" content=\"2025-07-31T01:35:07+00:00\" \/>\n<meta property=\"og:image\" content=\"https:\/\/grandparquetendurance.com\/wp-content\/uploads\/2025\/07\/FFSLC-logo-icon-512x512-1.png\" \/>\n<meta name=\"twitter:card\" content=\"summary_large_image\" \/>\n<script type=\"application\/ld+json\" class=\"yoast-schema-graph\">{\"@context\":\"https:\/\/schema.org\",\"@graph\":[{\"@type\":\"WebPage\",\"@id\":\"https:\/\/grandparquetendurance.com\/index.php\/doggy-contact\/\",\"url\":\"https:\/\/grandparquetendurance.com\/index.php\/doggy-contact\/\",\"name\":\"Doggy - Contact - Grand Parquet Endurance (GPE)\",\"isPartOf\":{\"@id\":\"https:\/\/grandparquetendurance.com\/#website\"},\"primaryImageOfPage\":{\"@id\":\"https:\/\/grandparquetendurance.com\/index.php\/doggy-contact\/#primaryimage\"},\"image\":{\"@id\":\"https:\/\/grandparquetendurance.com\/index.php\/doggy-contact\/#primaryimage\"},\"thumbnailUrl\":\"https:\/\/grandparquetendurance.com\/wp-content\/uploads\/2025\/07\/FFSLC-logo-icon-512x512-1.png\",\"datePublished\":\"2025-07-04T20:30:36+00:00\",\"dateModified\":\"2025-07-31T01:35:07+00:00\",\"breadcrumb\":{\"@id\":\"https:\/\/grandparquetendurance.com\/index.php\/doggy-contact\/#breadcrumb\"},\"inLanguage\":\"fr-FR\",\"potentialAction\":[{\"@type\":\"ReadAction\",\"target\":[\"https:\/\/grandparquetendurance.com\/index.php\/doggy-contact\/\"]}]},{\"@type\":\"ImageObject\",\"inLanguage\":\"fr-FR\",\"@id\":\"https:\/\/grandparquetendurance.com\/index.php\/doggy-contact\/#primaryimage\",\"url\":\"https:\/\/grandparquetendurance.com\/wp-content\/uploads\/2025\/07\/FFSLC-logo-icon-512x512-1.png\",\"contentUrl\":\"https:\/\/grandparquetendurance.com\/wp-content\/uploads\/2025\/07\/FFSLC-logo-icon-512x512-1.png\",\"width\":512,\"height\":512},{\"@type\":\"BreadcrumbList\",\"@id\":\"https:\/\/grandparquetendurance.com\/index.php\/doggy-contact\/#breadcrumb\",\"itemListElement\":[{\"@type\":\"ListItem\",\"position\":1,\"name\":\"Accueil\",\"item\":\"https:\/\/grandparquetendurance.com\/\"},{\"@type\":\"ListItem\",\"position\":2,\"name\":\"Doggy &#8211; Contact\"}]},{\"@type\":\"WebSite\",\"@id\":\"https:\/\/grandparquetendurance.com\/#website\",\"url\":\"https:\/\/grandparquetendurance.com\/\",\"name\":\"Grand Parquet Endurance (GPE)\",\"description\":\"Au coeur du sport outdoor...\",\"potentialAction\":[{\"@type\":\"SearchAction\",\"target\":{\"@type\":\"EntryPoint\",\"urlTemplate\":\"https:\/\/grandparquetendurance.com\/?s={search_term_string}\"},\"query-input\":{\"@type\":\"PropertyValueSpecification\",\"valueRequired\":true,\"valueName\":\"search_term_string\"}}],\"inLanguage\":\"fr-FR\"}]}<\/script>\n<!-- \/ Yoast SEO plugin. -->","yoast_head_json":{"title":"Doggy - Contact - Grand Parquet Endurance (GPE)","robots":{"index":"index","follow":"follow","max-snippet":"max-snippet:-1","max-image-preview":"max-image-preview:large","max-video-preview":"max-video-preview:-1"},"canonical":"https:\/\/grandparquetendurance.com\/index.php\/doggy-contact\/","og_locale":"fr_FR","og_type":"article","og_title":"Doggy - Contact - Grand Parquet Endurance (GPE)","og_description":"\ud83d\udc3e Contacts \u2013 Doggy on the Rocks Pour toute question concernant la section Canisport, vous pouvez contacter directement les personnes [&hellip;]","og_url":"https:\/\/grandparquetendurance.com\/index.php\/doggy-contact\/","og_site_name":"Grand Parquet Endurance (GPE)","article_modified_time":"2025-07-31T01:35:07+00:00","og_image":[{"url":"https:\/\/grandparquetendurance.com\/wp-content\/uploads\/2025\/07\/FFSLC-logo-icon-512x512-1.png","type":"","width":"","height":""}],"twitter_card":"summary_large_image","schema":{"@context":"https:\/\/schema.org","@graph":[{"@type":"WebPage","@id":"https:\/\/grandparquetendurance.com\/index.php\/doggy-contact\/","url":"https:\/\/grandparquetendurance.com\/index.php\/doggy-contact\/","name":"Doggy - Contact - Grand Parquet Endurance (GPE)","isPartOf":{"@id":"https:\/\/grandparquetendurance.com\/#website"},"primaryImageOfPage":{"@id":"https:\/\/grandparquetendurance.com\/index.php\/doggy-contact\/#primaryimage"},"image":{"@id":"https:\/\/grandparquetendurance.com\/index.php\/doggy-contact\/#primaryimage"},"thumbnailUrl":"https:\/\/grandparquetendurance.com\/wp-content\/uploads\/2025\/07\/FFSLC-logo-icon-512x512-1.png","datePublished":"2025-07-04T20:30:36+00:00","dateModified":"2025-07-31T01:35:07+00:00","breadcrumb":{"@id":"https:\/\/grandparquetendurance.com\/index.php\/doggy-contact\/#breadcrumb"},"inLanguage":"fr-FR","potentialAction":[{"@type":"ReadAction","target":["https:\/\/grandparquetendurance.com\/index.php\/doggy-contact\/"]}]},{"@type":"ImageObject","inLanguage":"fr-FR","@id":"https:\/\/grandparquetendurance.com\/index.php\/doggy-contact\/#primaryimage","url":"https:\/\/grandparquetendurance.com\/wp-content\/uploads\/2025\/07\/FFSLC-logo-icon-512x512-1.png","contentUrl":"https:\/\/grandparquetendurance.com\/wp-content\/uploads\/2025\/07\/FFSLC-logo-icon-512x512-1.png","width":512,"height":512},{"@type":"BreadcrumbList","@id":"https:\/\/grandparquetendurance.com\/index.php\/doggy-contact\/#breadcrumb","itemListElement":[{"@type":"ListItem","position":1,"name":"Accueil","item":"https:\/\/grandparquetendurance.com\/"},{"@type":"ListItem","position":2,"name":"Doggy &#8211; Contact"}]},{"@type":"WebSite","@id":"https:\/\/grandparquetendurance.com\/#website","url":"https:\/\/grandparquetendurance.com\/","name":"Grand Parquet Endurance (GPE)","description":"Au coeur du sport outdoor...","potentialAction":[{"@type":"SearchAction","target":{"@type":"EntryPoint","urlTemplate":"https:\/\/grandparquetendurance.com\/?s={search_term_string}"},"query-input":{"@type":"PropertyValueSpecification","valueRequired":true,"valueName":"search_term_string"}}],"inLanguage":"fr-FR"}]}},"_links":{"self":[{"href":"https:\/\/grandparquetendurance.com\/index.php\/wp-json\/wp\/v2\/pages\/90","targetHints":{"allow":["GET"]}}],"collection":[{"href":"https:\/\/grandparquetendurance.com\/index.php\/wp-json\/wp\/v2\/pages"}],"about":[{"href":"https:\/\/grandparquetendurance.com\/index.php\/wp-json\/wp\/v2\/types\/page"}],"author":[{"embeddable":true,"href":"https:\/\/grandparquetendurance.com\/index.php\/wp-json\/wp\/v2\/users\/1"}],"replies":[{"embeddable":true,"href":"https:\/\/grandparquetendurance.com\/index.php\/wp-json\/wp\/v2\/comments?post=90"}],"version-history":[{"count":32,"href":"https:\/\/grandparquetendurance.com\/index.php\/wp-json\/wp\/v2\/pages\/90\/revisions"}],"predecessor-version":[{"id":1509,"href":"https:\/\/grandparquetendurance.com\/index.php\/wp-json\/wp\/v2\/pages\/90\/revisions\/1509"}],"wp:attachment":[{"href":"https:\/\/grandparquetendurance.com\/index.php\/wp-json\/wp\/v2\/media?parent=90"}],"curies":[{"name":"wp","href":"https:\/\/api.w.org\/{rel}","templated":true}]}}