{"id":75,"date":"2025-07-04T22:29:07","date_gmt":"2025-07-04T20:29:07","guid":{"rendered":"https:\/\/grandparquetendurance.com\/?page_id=75"},"modified":"2025-10-19T21:13:41","modified_gmt":"2025-10-19T19:13:41","slug":"adhesion-trail","status":"publish","type":"page","link":"https:\/\/grandparquetendurance.com\/index.php\/adhesion-trail\/","title":{"rendered":"WildRun &#8211; Adh\u00e9sion"},"content":{"rendered":"\t\t<div data-elementor-type=\"wp-page\" data-elementor-id=\"75\" class=\"elementor elementor-75\">\n\t\t\t\t<div class=\"elementor-element elementor-element-1b8f465 e-flex e-con-boxed e-con e-parent\" data-id=\"1b8f465\" data-element_type=\"container\">\n\t\t\t\t\t<div class=\"e-con-inner\">\n\t\t\t\t<div class=\"elementor-element elementor-element-2b0b485 elementor-widget elementor-widget-heading\" data-id=\"2b0b485\" data-element_type=\"widget\" data-widget_type=\"heading.default\">\n\t\t\t\t\t<h1 class=\"elementor-heading-title elementor-size-default\"><span style=\"font-size: 2.25rem;text-align: center\">Adh\u00e9rer \u00e0 la section Trail \"WildRun GPE\"<\/span><\/h1>\t\t\t\t<\/div>\n\t\t\t\t\t<\/div>\n\t\t\t\t<\/div>\n\t\t<div class=\"elementor-element elementor-element-0aae27d e-flex e-con-boxed e-con e-parent\" data-id=\"0aae27d\" data-element_type=\"container\">\n\t\t\t\t\t<div class=\"e-con-inner\">\n\t\t\t\t<div class=\"elementor-element elementor-element-74467ed elementor-widget elementor-widget-spacer\" data-id=\"74467ed\" data-element_type=\"widget\" data-widget_type=\"spacer.default\">\n\t\t\t\t\t\t\t<div class=\"elementor-spacer\">\n\t\t\t<div class=\"elementor-spacer-inner\"><\/div>\n\t\t<\/div>\n\t\t\t\t\t\t<\/div>\n\t\t\t\t\t<\/div>\n\t\t\t\t<\/div>\n\t\t<div class=\"elementor-element elementor-element-b6a649d e-flex e-con-boxed e-con e-parent\" data-id=\"b6a649d\" data-element_type=\"container\">\n\t\t\t\t\t<div class=\"e-con-inner\">\n\t\t\t\t<div class=\"elementor-element elementor-element-8d31b97 elementor-widget elementor-widget-text-editor\" data-id=\"8d31b97\" data-element_type=\"widget\" data-widget_type=\"text-editor.default\">\n\t\t\t\t\t\t\t\t\t<!-- ADH\u00c9SION \u2014 WILDRUN GPE -->\n\n<!-- \ud83d\udc65 Qui peut adh\u00e9rer ? -->\n<p>\ud83d\udc65<strong> Qui peut adh\u00e9rer ?<\/strong><\/p>\n<p>\nLa section est ouverte aux coureurs r\u00e9guliers ou confirm\u00e9s, passionn\u00e9s de nature, justifiant d\u2019une pratique av\u00e9r\u00e9e de course \u00e0 pied sur terrain vari\u00e9 et parcours vallonn\u00e9, voulant progresser en groupe, dans un esprit convivial.\n<\/p>\n<p>\nAdultes ou juniors, en pratique loisir ou en comp\u00e9tition, adh\u00e9rer c\u2019est participer aux entra\u00eenements, aux \u00e9v\u00e9nements, et b\u00e9n\u00e9ficier d\u2019une assurance d\u00e9di\u00e9e via la licence FFA.\n<\/p>\n<p>\nAvant de vous lancer, si vous voulez vous tester dans un de nos entra\u00eenements en conditions, vous pouvez b\u00e9n\u00e9ficier d&rsquo;une <strong>s\u00e9ance d\u2019essai<\/strong>.\n<\/p>\n\n&nbsp;\n\n<!-- \ud83d\udcbc Cotisations -->\n<p>\ud83d\udcbc <strong>Cotisations 2025\u20132026<\/strong><\/p>\n\n<div style=\"max-width: 700px; margin: 0 auto;\">\n  <table style=\"width: 100%; border-collapse: collapse; margin-top: 1em;\">\n    <thead>\n      <tr style=\"background-color: #e9f4ed; color: #2a4333;\">\n        <th style=\"padding: 10px; border: 1px solid #cccccc; text-align: center;\">Formule<\/th>\n        <th style=\"padding: 10px; border: 1px solid #cccccc; text-align: center;\">Tarif<\/th>\n        <th style=\"padding: 10px; border: 1px solid #cccccc; text-align: center;\">D\u00e9tail<\/th>\n      <\/tr>\n    <\/thead>\n    <tbody>\n      <tr>\n        <td style=\"padding: 10px; border: 1px solid #ccc;\">Running (\u00e0 partir de 16&nbsp;ans)<\/td>\n        <td style=\"padding: 10px; border: 1px solid #cccccc; text-align: center;\">121,50&nbsp;\u20ac<\/td>\n        <td style=\"padding: 10px; border: 1px solid #ccc;\">50&nbsp;\u20ac adh\u00e9sion + 71,50&nbsp;\u20ac licence FFA<\/td>\n      <\/tr>\n      <tr style=\"background-color: #f9f9f9;\">\n        <td style=\"padding: 10px; border: 1px solid #ccc;\">Comp\u00e9tition (cadets 16\u201317&nbsp;ans \u00e0 masters)<\/td>\n        <td style=\"padding: 10px; border: 1px solid #cccccc; text-align: center;\">121,50&nbsp;\u20ac<\/td>\n        <td style=\"padding: 10px; border: 1px solid #ccc;\">50&nbsp;\u20ac adh\u00e9sion + 71,50&nbsp;\u20ac licence FFA<\/td>\n      <\/tr>\n    <\/tbody>\n  <\/table>\n<\/div>\n\n<p><strong>Remarques<\/strong> : si <em>famille m\u00eame foyer<\/em> (3 personnes mini) ou <em>famille monoparentale<\/em> (1 adulte + 1 enfant) : <strong>r\u00e9duction de 5&nbsp;\u20ac<\/strong> sur chaque cotisation (justificatif \u00e0 fournir).<\/p>\n\n&nbsp;\n\n<!-- \ud83d\udcb3 Paiement & Assurance -->\n<p><strong>\ud83d\udcb3 Paiement<\/strong><\/p>\n<p>\nCotisation \u00e0 r\u00e9gler <strong>par virement bancaire<\/strong>. Merci d\u2019indiquer en r\u00e9f\u00e9rence : <em>\u00ab&nbsp;adh\u00e9sion WildRun GPE \u2013 Nom-Pr\u00e9nom&nbsp;\u00bb<\/em> (tous les pr\u00e9noms si m\u00eame foyer).\n<\/p>\n\n<p><strong>\ud83d\udee1\ufe0f Assurance<\/strong><\/p>\n<p>\nLe club, affili\u00e9 \u00e0 la FFA, dispose d\u2019une responsabilit\u00e9 civile adapt\u00e9e. Les <strong>licences FFA<\/strong> incluent une assurance compl\u00e9mentaire. \nLes membres peuvent, s\u2019ils le souhaitent, compl\u00e9ter avec une assurance sp\u00e9cifique (ex.&nbsp;ITRA) ou une RC personnelle. Apr\u00e8s lecture de la <em>Politique d\u2019assurance de WildRun GPE<\/em>, chacun fait son choix en toute conscience.\n<\/p>\n\n&nbsp;\n\n<!-- \ud83d\udcdd Docs \u00e0 fournir -->\n<p>\ud83d\udcdd <strong>Documents \u00e0 fournir pour finaliser l\u2019adh\u00e9sion<\/strong><\/p>\n<p>Merci de pr\u00e9parer les documents suivants (\u00e0 envoyer ou \u00e0 remettre au responsable adh\u00e9sion) :<\/p>\n<ul>\n  <li>Bulletin d\u2019adh\u00e9sion compl\u00e9t\u00e9 et sign\u00e9<\/li>\n  <li>Photocopie de la carte d\u2019identit\u00e9<\/li>\n  <li>Charte \u00e9thique de la section WildRun GPE sign\u00e9e<\/li>\n  <li>Justification de l\u2019assurance compl\u00e9mentaire \u00e9ventuellement prise (peut \u00eatre fournie ult\u00e9rieurement)<\/li>\n  <li>R\u00e8glement de la cotisation<\/li>\n<\/ul>\n<p style=\"font-size: 0.95em; opacity: 0.9;\">\nPour la licence FFA, la cr\u00e9ation\/validation se fait via l\u2019espace f\u00e9d\u00e9ral (cr\u00e9\u00e9 par le club). Le paiement se fait au club qui reverse ensuite \u00e0 la FFA lors de la validation de la licence.\n<\/p>\n\n&nbsp;\n\n<!-- \ud83d\udcf8 Droit \u00e0 l'image & Engagement -->\n<p><strong>\ud83d\udcf8 Droit \u00e0 l\u2019image<\/strong><\/p>\n<p>\nUne autorisation\/refus de diffusion d\u2019images est propos\u00e9e conform\u00e9ment au r\u00e8glement int\u00e9rieur. Votre choix est modifiable en cours d\u2019ann\u00e9e sur simple demande \u00e9crite au Pr\u00e9sident du club.\n<\/p>\n\n<p><strong>\ud83e\udd1d Engagement de l\u2019adh\u00e9rent<\/strong><\/p>\n<p>\nJe reconnais avoir pris connaissance des documents remis (dont la Notice d\u2019information licenci\u00e9 FFA et la notice MAIF), adh\u00e9rer \u00e0 la Politique d\u2019assurance de WildRun GPE, et m\u2019engage \u00e0 respecter les r\u00e8glements int\u00e9rieurs de GPE et de la section WildRun GPE, ainsi que la Charte \u00c9thique.\n<\/p>\n\n&nbsp;\n\n<!-- \ud83d\udcec Contact & inscription -->\n<p>\ud83d\udcec <strong>Contact &#038; inscription<\/strong><\/p>\n<p>\n\ud83d\udccc Responsable du club : <strong>Gilles Cabardos<\/strong> \u2013 \ud83d\udcf1 06&nbsp;50&nbsp;90&nbsp;28&nbsp;97<br>\n\ud83d\udccc Responsable des adh\u00e9sions : <strong>Thimot\u00e9e Delebecque<\/strong> \u2013 \ud83d\udcf1 06&nbsp;49&nbsp;70&nbsp;81&nbsp;83<br>\n\ud83d\udce7 <a href=\"mailto:wildrungpe@gmail.com\">wildrungpe@gmail.com<\/a> &nbsp;\u2022&nbsp; Facebook \/ Instagram : <strong>WildRun GPE<\/strong>\n<\/p>\n\n<p>Sur demande, vous recevrez le <strong>dossier d\u2019inscription<\/strong> complet, comprenant&nbsp;:<\/p>\n<ul>\n  <li>le bulletin d\u2019adh\u00e9sion<\/li>\n  <li>la charte \u00e9thique de WildRun GPE\n<\/li>\n  <li>les r\u00e8glements int\u00e9rieurs de GPE et de WildRun GPE<\/li>\n  <li>la politique assurance de GPE et de ses sections<\/li>\n<li>la politique de confidentialit\u00e9<\/li>\n<li>les notices FFA<\/li> \n<\/ul>\n\n<!-- \/ADH\u00c9SION \u2014 WILDRUN GPE -->\t\t\t\t\t\t\t\t<\/div>\n\t\t\t\t<div class=\"elementor-element elementor-element-d37a8bd elementor-widget elementor-widget-spacer\" data-id=\"d37a8bd\" data-element_type=\"widget\" data-widget_type=\"spacer.default\">\n\t\t\t\t\t\t\t<div class=\"elementor-spacer\">\n\t\t\t<div class=\"elementor-spacer-inner\"><\/div>\n\t\t<\/div>\n\t\t\t\t\t\t<\/div>\n\t\t<div class=\"elementor-element elementor-element-1476469 e-flex e-con-boxed e-con e-child\" data-id=\"1476469\" data-element_type=\"container\">\n\t\t\t\t\t<div class=\"e-con-inner\">\n\t\t\t\t<div class=\"elementor-element elementor-element-062942e elementor-align-center elementor-widget elementor-widget-button\" data-id=\"062942e\" data-element_type=\"widget\" data-widget_type=\"button.default\">\n\t\t\t\t\t\t\t\t\t\t<a class=\"elementor-button elementor-button-link elementor-size-sm\" href=\"https:\/\/grandparquetendurance.com\/index.php\/section-trail\/\">\n\t\t\t\t\t\t<span class=\"elementor-button-content-wrapper\">\n\t\t\t\t\t\t<span class=\"elementor-button-icon\">\n\t\t\t\t<svg aria-hidden=\"true\" class=\"e-font-icon-svg e-far-caret-square-left\" viewBox=\"0 0 448 512\" xmlns=\"http:\/\/www.w3.org\/2000\/svg\"><path d=\"M272 157.1v197.8c0 10.7-13 16.1-20.5 8.5l-98.3-98.9c-4.7-4.7-4.7-12.2 0-16.9l98.3-98.9c7.5-7.7 20.5-2.3 20.5 8.4zM448 80v352c0 26.5-21.5 48-48 48H48c-26.5 0-48-21.5-48-48V80c0-26.5 21.5-48 48-48h352c26.5 0 48 21.5 48 48zm-48 346V86c0-3.3-2.7-6-6-6H54c-3.3 0-6 2.7-6 6v340c0 3.3 2.7 6 6 6h340c3.3 0 6-2.7 6-6z\"><\/path><\/svg>\t\t\t<\/span>\n\t\t\t\t\t\t\t\t\t<span class=\"elementor-button-text\">Retour menu<\/span>\n\t\t\t\t\t<\/span>\n\t\t\t\t\t<\/a>\n\t\t\t\t\t\t\t\t<\/div>\n\t\t\t\t\t<\/div>\n\t\t\t\t<\/div>\n\t\t\t\t\t<\/div>\n\t\t\t\t<\/div>\n\t\t\t\t<\/div>\n\t\t","protected":false},"excerpt":{"rendered":"<p>Adh\u00e9rer \u00e0 la section Trail \u00ab\u00a0WildRun GPE\u00a0\u00bb \ud83d\udc65 Qui peut adh\u00e9rer ? La section est ouverte aux coureurs r\u00e9guliers ou [&hellip;]<\/p>\n","protected":false},"author":1,"featured_media":0,"parent":0,"menu_order":0,"comment_status":"closed","ping_status":"closed","template":"","meta":{"site-sidebar-layout":"no-sidebar","site-content-layout":"","ast-site-content-layout":"full-width-container","site-content-style":"default","site-sidebar-style":"default","ast-global-header-display":"","ast-banner-title-visibility":"","ast-main-header-display":"","ast-hfb-above-header-display":"","ast-hfb-below-header-display":"","ast-hfb-mobile-header-display":"","site-post-title":"disabled","ast-breadcrumbs-content":"","ast-featured-img":"disabled","footer-sml-layout":"","theme-transparent-header-meta":"","adv-header-id-meta":"","stick-header-meta":"","header-above-stick-meta":"","header-main-stick-meta":"","header-below-stick-meta":"","astra-migrate-meta-layouts":"default","ast-page-background-enabled":"default","ast-page-background-meta":{"desktop":{"background-color":"var(--ast-global-color-5)","background-image":"","background-repeat":"repeat","background-position":"center center","background-size":"auto","background-attachment":"scroll","background-type":"","background-media":"","overlay-type":"","overlay-color":"","overlay-opacity":"","overlay-gradient":""},"tablet":{"background-color":"","background-image":"","background-repeat":"repeat","background-position":"center center","background-size":"auto","background-attachment":"scroll","background-type":"","background-media":"","overlay-type":"","overlay-color":"","overlay-opacity":"","overlay-gradient":""},"mobile":{"background-color":"","background-image":"","background-repeat":"repeat","background-position":"center center","background-size":"auto","background-attachment":"scroll","background-type":"","background-media":"","overlay-type":"","overlay-color":"","overlay-opacity":"","overlay-gradient":""}},"ast-content-background-meta":{"desktop":{"background-color":"var(--ast-global-color-4)","background-image":"","background-repeat":"repeat","background-position":"center center","background-size":"auto","background-attachment":"scroll","background-type":"","background-media":"","overlay-type":"","overlay-color":"","overlay-opacity":"","overlay-gradient":""},"tablet":{"background-color":"var(--ast-global-color-4)","background-image":"","background-repeat":"repeat","background-position":"center center","background-size":"auto","background-attachment":"scroll","background-type":"","background-media":"","overlay-type":"","overlay-color":"","overlay-opacity":"","overlay-gradient":""},"mobile":{"background-color":"var(--ast-global-color-4)","background-image":"","background-repeat":"repeat","background-position":"center center","background-size":"auto","background-attachment":"scroll","background-type":"","background-media":"","overlay-type":"","overlay-color":"","overlay-opacity":"","overlay-gradient":""}},"footnotes":""},"class_list":["post-75","page","type-page","status-publish","hentry"],"yoast_head":"<!-- This site is optimized with the Yoast SEO plugin v26.6 - https:\/\/yoast.com\/wordpress\/plugins\/seo\/ -->\n<title>WildRun - Adh\u00e9sion - Grand Parquet Endurance (GPE)<\/title>\n<meta name=\"robots\" content=\"index, follow, max-snippet:-1, max-image-preview:large, max-video-preview:-1\" \/>\n<link rel=\"canonical\" href=\"https:\/\/grandparquetendurance.com\/index.php\/adhesion-trail\/\" \/>\n<meta property=\"og:locale\" content=\"fr_FR\" \/>\n<meta property=\"og:type\" content=\"article\" \/>\n<meta property=\"og:title\" content=\"WildRun - Adh\u00e9sion - Grand Parquet Endurance (GPE)\" \/>\n<meta property=\"og:description\" content=\"Adh\u00e9rer \u00e0 la section Trail \u00ab\u00a0WildRun GPE\u00a0\u00bb \ud83d\udc65 Qui peut adh\u00e9rer ? La section est ouverte aux coureurs r\u00e9guliers ou [&hellip;]\" \/>\n<meta property=\"og:url\" content=\"https:\/\/grandparquetendurance.com\/index.php\/adhesion-trail\/\" \/>\n<meta property=\"og:site_name\" content=\"Grand Parquet Endurance (GPE)\" \/>\n<meta property=\"article:modified_time\" content=\"2025-10-19T19:13:41+00:00\" \/>\n<meta name=\"twitter:card\" content=\"summary_large_image\" \/>\n<meta name=\"twitter:label1\" content=\"Dur\u00e9e de lecture estim\u00e9e\" \/>\n\t<meta name=\"twitter:data1\" content=\"3 minutes\" \/>\n<script type=\"application\/ld+json\" class=\"yoast-schema-graph\">{\"@context\":\"https:\/\/schema.org\",\"@graph\":[{\"@type\":\"WebPage\",\"@id\":\"https:\/\/grandparquetendurance.com\/index.php\/adhesion-trail\/\",\"url\":\"https:\/\/grandparquetendurance.com\/index.php\/adhesion-trail\/\",\"name\":\"WildRun - Adh\u00e9sion - Grand Parquet Endurance (GPE)\",\"isPartOf\":{\"@id\":\"https:\/\/grandparquetendurance.com\/#website\"},\"datePublished\":\"2025-07-04T20:29:07+00:00\",\"dateModified\":\"2025-10-19T19:13:41+00:00\",\"breadcrumb\":{\"@id\":\"https:\/\/grandparquetendurance.com\/index.php\/adhesion-trail\/#breadcrumb\"},\"inLanguage\":\"fr-FR\",\"potentialAction\":[{\"@type\":\"ReadAction\",\"target\":[\"https:\/\/grandparquetendurance.com\/index.php\/adhesion-trail\/\"]}]},{\"@type\":\"BreadcrumbList\",\"@id\":\"https:\/\/grandparquetendurance.com\/index.php\/adhesion-trail\/#breadcrumb\",\"itemListElement\":[{\"@type\":\"ListItem\",\"position\":1,\"name\":\"Accueil\",\"item\":\"https:\/\/grandparquetendurance.com\/\"},{\"@type\":\"ListItem\",\"position\":2,\"name\":\"WildRun &#8211; Adh\u00e9sion\"}]},{\"@type\":\"WebSite\",\"@id\":\"https:\/\/grandparquetendurance.com\/#website\",\"url\":\"https:\/\/grandparquetendurance.com\/\",\"name\":\"Grand Parquet Endurance (GPE)\",\"description\":\"Au coeur du sport outdoor...\",\"potentialAction\":[{\"@type\":\"SearchAction\",\"target\":{\"@type\":\"EntryPoint\",\"urlTemplate\":\"https:\/\/grandparquetendurance.com\/?s={search_term_string}\"},\"query-input\":{\"@type\":\"PropertyValueSpecification\",\"valueRequired\":true,\"valueName\":\"search_term_string\"}}],\"inLanguage\":\"fr-FR\"}]}<\/script>\n<!-- \/ Yoast SEO plugin. -->","yoast_head_json":{"title":"WildRun - Adh\u00e9sion - Grand Parquet Endurance (GPE)","robots":{"index":"index","follow":"follow","max-snippet":"max-snippet:-1","max-image-preview":"max-image-preview:large","max-video-preview":"max-video-preview:-1"},"canonical":"https:\/\/grandparquetendurance.com\/index.php\/adhesion-trail\/","og_locale":"fr_FR","og_type":"article","og_title":"WildRun - Adh\u00e9sion - Grand Parquet Endurance (GPE)","og_description":"Adh\u00e9rer \u00e0 la section Trail \u00ab\u00a0WildRun GPE\u00a0\u00bb \ud83d\udc65 Qui peut adh\u00e9rer ? La section est ouverte aux coureurs r\u00e9guliers ou [&hellip;]","og_url":"https:\/\/grandparquetendurance.com\/index.php\/adhesion-trail\/","og_site_name":"Grand Parquet Endurance (GPE)","article_modified_time":"2025-10-19T19:13:41+00:00","twitter_card":"summary_large_image","twitter_misc":{"Dur\u00e9e de lecture estim\u00e9e":"3 minutes"},"schema":{"@context":"https:\/\/schema.org","@graph":[{"@type":"WebPage","@id":"https:\/\/grandparquetendurance.com\/index.php\/adhesion-trail\/","url":"https:\/\/grandparquetendurance.com\/index.php\/adhesion-trail\/","name":"WildRun - Adh\u00e9sion - Grand Parquet Endurance (GPE)","isPartOf":{"@id":"https:\/\/grandparquetendurance.com\/#website"},"datePublished":"2025-07-04T20:29:07+00:00","dateModified":"2025-10-19T19:13:41+00:00","breadcrumb":{"@id":"https:\/\/grandparquetendurance.com\/index.php\/adhesion-trail\/#breadcrumb"},"inLanguage":"fr-FR","potentialAction":[{"@type":"ReadAction","target":["https:\/\/grandparquetendurance.com\/index.php\/adhesion-trail\/"]}]},{"@type":"BreadcrumbList","@id":"https:\/\/grandparquetendurance.com\/index.php\/adhesion-trail\/#breadcrumb","itemListElement":[{"@type":"ListItem","position":1,"name":"Accueil","item":"https:\/\/grandparquetendurance.com\/"},{"@type":"ListItem","position":2,"name":"WildRun &#8211; Adh\u00e9sion"}]},{"@type":"WebSite","@id":"https:\/\/grandparquetendurance.com\/#website","url":"https:\/\/grandparquetendurance.com\/","name":"Grand Parquet Endurance (GPE)","description":"Au coeur du sport outdoor...","potentialAction":[{"@type":"SearchAction","target":{"@type":"EntryPoint","urlTemplate":"https:\/\/grandparquetendurance.com\/?s={search_term_string}"},"query-input":{"@type":"PropertyValueSpecification","valueRequired":true,"valueName":"search_term_string"}}],"inLanguage":"fr-FR"}]}},"_links":{"self":[{"href":"https:\/\/grandparquetendurance.com\/index.php\/wp-json\/wp\/v2\/pages\/75","targetHints":{"allow":["GET"]}}],"collection":[{"href":"https:\/\/grandparquetendurance.com\/index.php\/wp-json\/wp\/v2\/pages"}],"about":[{"href":"https:\/\/grandparquetendurance.com\/index.php\/wp-json\/wp\/v2\/types\/page"}],"author":[{"embeddable":true,"href":"https:\/\/grandparquetendurance.com\/index.php\/wp-json\/wp\/v2\/users\/1"}],"replies":[{"embeddable":true,"href":"https:\/\/grandparquetendurance.com\/index.php\/wp-json\/wp\/v2\/comments?post=75"}],"version-history":[{"count":35,"href":"https:\/\/grandparquetendurance.com\/index.php\/wp-json\/wp\/v2\/pages\/75\/revisions"}],"predecessor-version":[{"id":1767,"href":"https:\/\/grandparquetendurance.com\/index.php\/wp-json\/wp\/v2\/pages\/75\/revisions\/1767"}],"wp:attachment":[{"href":"https:\/\/grandparquetendurance.com\/index.php\/wp-json\/wp\/v2\/media?parent=75"}],"curies":[{"name":"wp","href":"https:\/\/api.w.org\/{rel}","templated":true}]}}