{"id":70,"date":"2025-07-04T22:28:45","date_gmt":"2025-07-04T20:28:45","guid":{"rendered":"https:\/\/grandparquetendurance.com\/?page_id=70"},"modified":"2025-07-31T03:27:17","modified_gmt":"2025-07-31T01:27:17","slug":"adhesion-doggy","status":"publish","type":"page","link":"https:\/\/grandparquetendurance.com\/index.php\/adhesion-doggy\/","title":{"rendered":"Doggy &#8211; adh\u00e9sion"},"content":{"rendered":"\t\t<div data-elementor-type=\"wp-page\" data-elementor-id=\"70\" class=\"elementor elementor-70\">\n\t\t\t\t<div class=\"elementor-element elementor-element-4841cff e-con-full e-flex e-con e-parent\" data-id=\"4841cff\" data-element_type=\"container\">\n\t\t\t\t<div class=\"elementor-element elementor-element-2f7800e elementor-widget elementor-widget-heading\" data-id=\"2f7800e\" data-element_type=\"widget\" data-widget_type=\"heading.default\">\n\t\t\t\t\t<h1 class=\"elementor-heading-title elementor-size-default\">\ud83d\udc3e Adh\u00e9rer \u00e0 la section Canisport \"Doggy on the Rocks\"<\/h1>\t\t\t\t<\/div>\n\t\t\t\t<\/div>\n\t\t<div class=\"elementor-element elementor-element-80a201d e-con-full e-flex e-con e-parent\" data-id=\"80a201d\" data-element_type=\"container\">\n\t\t\t\t<div class=\"elementor-element elementor-element-67c483b elementor-widget elementor-widget-spacer\" data-id=\"67c483b\" data-element_type=\"widget\" data-widget_type=\"spacer.default\">\n\t\t\t\t\t\t\t<div class=\"elementor-spacer\">\n\t\t\t<div class=\"elementor-spacer-inner\"><\/div>\n\t\t<\/div>\n\t\t\t\t\t\t<\/div>\n\t\t\t\t<\/div>\n\t\t<div class=\"elementor-element elementor-element-f49ffd8 e-flex e-con-boxed e-con e-parent\" data-id=\"f49ffd8\" data-element_type=\"container\">\n\t\t\t\t\t<div class=\"e-con-inner\">\n\t\t\t\t<div class=\"elementor-element elementor-element-b0e7966 elementor-widget elementor-widget-text-editor\" data-id=\"b0e7966\" data-element_type=\"widget\" data-widget_type=\"text-editor.default\">\n\t\t\t\t\t\t\t\t\t<p>\ud83d\udc65<strong> Qui peut adh\u00e9rer ?<\/strong><\/p>\n<p>La section est ouverte \u00e0 tous : d\u00e9butants ou confirm\u00e9s, adultes ou enfants (de minimes \u00e0 juniors), en pratique loisir ou en comp\u00e9tition. L\u2019adh\u00e9sion permet de participer aux entra\u00eenements, \u00e9v\u00e9nements, et de b\u00e9n\u00e9ficier d\u2019une assurance d\u00e9di\u00e9e.<\/p>\n<p>Avant de vous lancer, si vous avez un doute, si vous voulez tester votre chien en conditions, vous pouvez b\u00e9n\u00e9ficier d&rsquo;un pack essai constitu\u00e9 de 3 s\u00e9ances, prises en charge par la f\u00e9d\u00e9ration. Vous serez couvert en terme d&rsquo;assurance comme un adh\u00e9rent loisir ou comp\u00e9tition.<\/p>\n<p>\ud83d\udcbc Cotisations 2025\u20132026<\/p>\n<div style=\"max-width: 700px; margin: 0 auto;\">\n<table style=\"width: 100%; border-collapse: collapse; margin-top: 1em;\">\n<thead>\n<tr style=\"background-color: #e9f4ed; color: #2a4333;\">\n<th style=\"padding: 10px; border: 1px solid #cccccc; text-align: center;\">Formule<\/th>\n<th style=\"padding: 10px; border: 1px solid #cccccc; text-align: center;\">Tarif<\/th>\n<th style=\"padding: 10px; border: 1px solid #cccccc; text-align: center;\">D\u00e9tail<\/th>\n<\/tr>\n<\/thead>\n<tbody>\n<tr>\n<td style=\"padding: 10px; border: 1px solid #ccc;\">Comp\u00e9tition adulte \/ handisport<\/td>\n<td style=\"padding: 10px; border: 1px solid #cccccc; text-align: center;\">90\u202f\u20ac<\/td>\n<td style=\"padding: 10px; border: 1px solid #ccc;\">50\u202f\u20ac adh\u00e9sion + 40\u202f\u20ac licence<\/td>\n<\/tr>\n<tr style=\"background-color: #f9f9f9;\">\n<td style=\"padding: 10px; border: 1px solid #ccc;\">Loisir adulte \/ handisport<\/td>\n<td style=\"padding: 10px; border: 1px solid #cccccc; text-align: center;\">75\u202f\u20ac<\/td>\n<td style=\"padding: 10px; border: 1px solid #ccc;\">50\u202f\u20ac adh\u00e9sion + 25\u202f\u20ac licence<\/td>\n<\/tr>\n<tr>\n<td style=\"padding: 10px; border: 1px solid #ccc;\">Enfant \/ junior<\/td>\n<td style=\"padding: 10px; border: 1px solid #cccccc; text-align: center;\">65\u202f\u20ac<\/td>\n<td style=\"padding: 10px; border: 1px solid #ccc;\">50\u202f\u20ac adh\u00e9sion + 15\u202f\u20ac licence<\/td>\n<\/tr>\n<\/tbody>\n<\/table>\n<\/div>\n<p><strong>Remarques<\/strong> : si famille m\u00eame foyer (3 personnes mini) ou famille monoparentale (1 adulte + 1 enfant) : r\u00e9duction de 5 \u20ac sur chaque cotisation. Justificatif \u00e0 fournir.<\/p>\n<p><strong>\ud83d\udcdd Documents \u00e0 fournir pour finaliser l\u2019adh\u00e9sion<\/strong><\/p>\n<p>Merci de pr\u00e9parer les documents suivants (\u00e0 envoyer ou \u00e0 remettre au responsable adh\u00e9sion) :<\/p>\n<p>\u2705 <strong>Certificat m\u00e9dical<\/strong> ou <strong>questionnaire de sant\u00e9<\/strong><br>\u2705 <strong>Photocopie de la carte d\u2019identit\u00e9<\/strong><br>\u2705 <strong>Sch\u00e9ma vaccinal complet de chaque chien<\/strong> (photocopie du carnet de sant\u00e9)<br>\u2705 <strong>Documents sp\u00e9cifiques<\/strong> pour :<\/p>\n<ul>\n<li>Chiens de <strong>2e cat\u00e9gorie<\/strong> : documents n\u00e9cessaires \u00e0 la d\u00e9tention<\/li>\n<li>Chiens <strong>\u00e2g\u00e9s de 9 ans ou plus<\/strong> : certificat v\u00e9t\u00e9rinaire autorisant la poursuite de la pratique des disciplines choisies<\/li>\n<li>Chiens <strong>de 12 \u00e0 16 mois<\/strong> : certificat v\u00e9t\u00e9rinaire de non contre-indication pour un d\u00e9marrage des activit\u00e9s en douceur<\/li>\n<\/ul>\n<p><strong>\ud83d\udcec Contact &amp; inscription<\/strong><\/p>\n<p>\ud83d\udccc Responsable adh\u00e9sion : <strong>Gilles Cabardos<\/strong><br>\ud83d\udcf1 06 50 90 28 97<br>\ud83d\udce7 doggyontherocks@gmail.com<\/p>\n<p>Sur demande, vous recevrez le dossier complet d&rsquo;inscription, comprenant :<\/p>\n<ul>\n<li>le pack accueil (toutes documentations utiles)<\/li>\n<li>la notice d&rsquo;information licenci\u00e9 de la FFSLC<\/li>\n<li>le bulletin d&rsquo;adh\u00e9sion<\/li>\n<li>les r\u00e9glements int\u00e9rieurs de GPE et de Doggy on the Rocks<\/li>\n<li>la politique assurance de GPE et ses sections, pour vous assurer de votre couverture en cas d&rsquo;accident<\/li>\n<\/ul>\t\t\t\t\t\t\t\t<\/div>\n\t\t\t\t<div class=\"elementor-element elementor-element-9ddb5da elementor-widget elementor-widget-spacer\" data-id=\"9ddb5da\" data-element_type=\"widget\" data-widget_type=\"spacer.default\">\n\t\t\t\t\t\t\t<div class=\"elementor-spacer\">\n\t\t\t<div class=\"elementor-spacer-inner\"><\/div>\n\t\t<\/div>\n\t\t\t\t\t\t<\/div>\n\t\t<div class=\"elementor-element elementor-element-d4a5347 e-flex e-con-boxed e-con e-child\" data-id=\"d4a5347\" data-element_type=\"container\">\n\t\t\t\t\t<div class=\"e-con-inner\">\n\t\t\t\t<div class=\"elementor-element elementor-element-d35d508 elementor-align-center elementor-widget elementor-widget-button\" data-id=\"d35d508\" data-element_type=\"widget\" data-widget_type=\"button.default\">\n\t\t\t\t\t\t\t\t\t\t<a class=\"elementor-button elementor-button-link elementor-size-sm\" href=\"https:\/\/grandparquetendurance.com\/index.php\/canisport\/\">\n\t\t\t\t\t\t<span class=\"elementor-button-content-wrapper\">\n\t\t\t\t\t\t<span class=\"elementor-button-icon\">\n\t\t\t\t<svg aria-hidden=\"true\" class=\"e-font-icon-svg e-far-caret-square-left\" viewBox=\"0 0 448 512\" xmlns=\"http:\/\/www.w3.org\/2000\/svg\"><path d=\"M272 157.1v197.8c0 10.7-13 16.1-20.5 8.5l-98.3-98.9c-4.7-4.7-4.7-12.2 0-16.9l98.3-98.9c7.5-7.7 20.5-2.3 20.5 8.4zM448 80v352c0 26.5-21.5 48-48 48H48c-26.5 0-48-21.5-48-48V80c0-26.5 21.5-48 48-48h352c26.5 0 48 21.5 48 48zm-48 346V86c0-3.3-2.7-6-6-6H54c-3.3 0-6 2.7-6 6v340c0 3.3 2.7 6 6 6h340c3.3 0 6-2.7 6-6z\"><\/path><\/svg>\t\t\t<\/span>\n\t\t\t\t\t\t\t\t\t<span class=\"elementor-button-text\">Retour menu<\/span>\n\t\t\t\t\t<\/span>\n\t\t\t\t\t<\/a>\n\t\t\t\t\t\t\t\t<\/div>\n\t\t\t\t\t<\/div>\n\t\t\t\t<\/div>\n\t\t\t\t\t<\/div>\n\t\t\t\t<\/div>\n\t\t\t\t<\/div>\n\t\t","protected":false},"excerpt":{"rendered":"<p>\ud83d\udc3e Adh\u00e9rer \u00e0 la section Canisport \u00ab\u00a0Doggy on the Rocks\u00a0\u00bb \ud83d\udc65 Qui peut adh\u00e9rer ? La section est ouverte \u00e0 [&hellip;]<\/p>\n","protected":false},"author":1,"featured_media":0,"parent":0,"menu_order":0,"comment_status":"closed","ping_status":"closed","template":"","meta":{"site-sidebar-layout":"no-sidebar","site-content-layout":"","ast-site-content-layout":"full-width-container","site-content-style":"default","site-sidebar-style":"default","ast-global-header-display":"","ast-banner-title-visibility":"","ast-main-header-display":"","ast-hfb-above-header-display":"","ast-hfb-below-header-display":"","ast-hfb-mobile-header-display":"","site-post-title":"disabled","ast-breadcrumbs-content":"","ast-featured-img":"disabled","footer-sml-layout":"","theme-transparent-header-meta":"","adv-header-id-meta":"","stick-header-meta":"","header-above-stick-meta":"","header-main-stick-meta":"","header-below-stick-meta":"","astra-migrate-meta-layouts":"default","ast-page-background-enabled":"default","ast-page-background-meta":{"desktop":{"background-color":"var(--ast-global-color-5)","background-image":"","background-repeat":"repeat","background-position":"center center","background-size":"auto","background-attachment":"scroll","background-type":"","background-media":"","overlay-type":"","overlay-color":"","overlay-opacity":"","overlay-gradient":""},"tablet":{"background-color":"","background-image":"","background-repeat":"repeat","background-position":"center center","background-size":"auto","background-attachment":"scroll","background-type":"","background-media":"","overlay-type":"","overlay-color":"","overlay-opacity":"","overlay-gradient":""},"mobile":{"background-color":"","background-image":"","background-repeat":"repeat","background-position":"center center","background-size":"auto","background-attachment":"scroll","background-type":"","background-media":"","overlay-type":"","overlay-color":"","overlay-opacity":"","overlay-gradient":""}},"ast-content-background-meta":{"desktop":{"background-color":"var(--ast-global-color-4)","background-image":"","background-repeat":"repeat","background-position":"center center","background-size":"auto","background-attachment":"scroll","background-type":"","background-media":"","overlay-type":"","overlay-color":"","overlay-opacity":"","overlay-gradient":""},"tablet":{"background-color":"var(--ast-global-color-4)","background-image":"","background-repeat":"repeat","background-position":"center center","background-size":"auto","background-attachment":"scroll","background-type":"","background-media":"","overlay-type":"","overlay-color":"","overlay-opacity":"","overlay-gradient":""},"mobile":{"background-color":"var(--ast-global-color-4)","background-image":"","background-repeat":"repeat","background-position":"center center","background-size":"auto","background-attachment":"scroll","background-type":"","background-media":"","overlay-type":"","overlay-color":"","overlay-opacity":"","overlay-gradient":""}},"footnotes":""},"class_list":["post-70","page","type-page","status-publish","hentry"],"yoast_head":"<!-- This site is optimized with the Yoast SEO plugin v26.6 - https:\/\/yoast.com\/wordpress\/plugins\/seo\/ -->\n<title>Doggy - adh\u00e9sion - Grand Parquet Endurance (GPE)<\/title>\n<meta name=\"robots\" content=\"index, follow, max-snippet:-1, max-image-preview:large, max-video-preview:-1\" \/>\n<link rel=\"canonical\" href=\"https:\/\/grandparquetendurance.com\/index.php\/adhesion-doggy\/\" \/>\n<meta property=\"og:locale\" content=\"fr_FR\" \/>\n<meta property=\"og:type\" content=\"article\" \/>\n<meta property=\"og:title\" content=\"Doggy - adh\u00e9sion - Grand Parquet Endurance (GPE)\" \/>\n<meta property=\"og:description\" content=\"\ud83d\udc3e Adh\u00e9rer \u00e0 la section Canisport \u00ab\u00a0Doggy on the Rocks\u00a0\u00bb \ud83d\udc65 Qui peut adh\u00e9rer ? La section est ouverte \u00e0 [&hellip;]\" \/>\n<meta property=\"og:url\" content=\"https:\/\/grandparquetendurance.com\/index.php\/adhesion-doggy\/\" \/>\n<meta property=\"og:site_name\" content=\"Grand Parquet Endurance (GPE)\" \/>\n<meta property=\"article:modified_time\" content=\"2025-07-31T01:27:17+00:00\" \/>\n<meta name=\"twitter:card\" content=\"summary_large_image\" \/>\n<meta name=\"twitter:label1\" content=\"Dur\u00e9e de lecture estim\u00e9e\" \/>\n\t<meta name=\"twitter:data1\" content=\"2 minutes\" \/>\n<script type=\"application\/ld+json\" class=\"yoast-schema-graph\">{\"@context\":\"https:\/\/schema.org\",\"@graph\":[{\"@type\":\"WebPage\",\"@id\":\"https:\/\/grandparquetendurance.com\/index.php\/adhesion-doggy\/\",\"url\":\"https:\/\/grandparquetendurance.com\/index.php\/adhesion-doggy\/\",\"name\":\"Doggy - adh\u00e9sion - Grand Parquet Endurance (GPE)\",\"isPartOf\":{\"@id\":\"https:\/\/grandparquetendurance.com\/#website\"},\"datePublished\":\"2025-07-04T20:28:45+00:00\",\"dateModified\":\"2025-07-31T01:27:17+00:00\",\"breadcrumb\":{\"@id\":\"https:\/\/grandparquetendurance.com\/index.php\/adhesion-doggy\/#breadcrumb\"},\"inLanguage\":\"fr-FR\",\"potentialAction\":[{\"@type\":\"ReadAction\",\"target\":[\"https:\/\/grandparquetendurance.com\/index.php\/adhesion-doggy\/\"]}]},{\"@type\":\"BreadcrumbList\",\"@id\":\"https:\/\/grandparquetendurance.com\/index.php\/adhesion-doggy\/#breadcrumb\",\"itemListElement\":[{\"@type\":\"ListItem\",\"position\":1,\"name\":\"Accueil\",\"item\":\"https:\/\/grandparquetendurance.com\/\"},{\"@type\":\"ListItem\",\"position\":2,\"name\":\"Doggy &#8211; adh\u00e9sion\"}]},{\"@type\":\"WebSite\",\"@id\":\"https:\/\/grandparquetendurance.com\/#website\",\"url\":\"https:\/\/grandparquetendurance.com\/\",\"name\":\"Grand Parquet Endurance (GPE)\",\"description\":\"Au coeur du sport outdoor...\",\"potentialAction\":[{\"@type\":\"SearchAction\",\"target\":{\"@type\":\"EntryPoint\",\"urlTemplate\":\"https:\/\/grandparquetendurance.com\/?s={search_term_string}\"},\"query-input\":{\"@type\":\"PropertyValueSpecification\",\"valueRequired\":true,\"valueName\":\"search_term_string\"}}],\"inLanguage\":\"fr-FR\"}]}<\/script>\n<!-- \/ Yoast SEO plugin. -->","yoast_head_json":{"title":"Doggy - adh\u00e9sion - Grand Parquet Endurance (GPE)","robots":{"index":"index","follow":"follow","max-snippet":"max-snippet:-1","max-image-preview":"max-image-preview:large","max-video-preview":"max-video-preview:-1"},"canonical":"https:\/\/grandparquetendurance.com\/index.php\/adhesion-doggy\/","og_locale":"fr_FR","og_type":"article","og_title":"Doggy - adh\u00e9sion - Grand Parquet Endurance (GPE)","og_description":"\ud83d\udc3e Adh\u00e9rer \u00e0 la section Canisport \u00ab\u00a0Doggy on the Rocks\u00a0\u00bb \ud83d\udc65 Qui peut adh\u00e9rer ? La section est ouverte \u00e0 [&hellip;]","og_url":"https:\/\/grandparquetendurance.com\/index.php\/adhesion-doggy\/","og_site_name":"Grand Parquet Endurance (GPE)","article_modified_time":"2025-07-31T01:27:17+00:00","twitter_card":"summary_large_image","twitter_misc":{"Dur\u00e9e de lecture estim\u00e9e":"2 minutes"},"schema":{"@context":"https:\/\/schema.org","@graph":[{"@type":"WebPage","@id":"https:\/\/grandparquetendurance.com\/index.php\/adhesion-doggy\/","url":"https:\/\/grandparquetendurance.com\/index.php\/adhesion-doggy\/","name":"Doggy - adh\u00e9sion - Grand Parquet Endurance (GPE)","isPartOf":{"@id":"https:\/\/grandparquetendurance.com\/#website"},"datePublished":"2025-07-04T20:28:45+00:00","dateModified":"2025-07-31T01:27:17+00:00","breadcrumb":{"@id":"https:\/\/grandparquetendurance.com\/index.php\/adhesion-doggy\/#breadcrumb"},"inLanguage":"fr-FR","potentialAction":[{"@type":"ReadAction","target":["https:\/\/grandparquetendurance.com\/index.php\/adhesion-doggy\/"]}]},{"@type":"BreadcrumbList","@id":"https:\/\/grandparquetendurance.com\/index.php\/adhesion-doggy\/#breadcrumb","itemListElement":[{"@type":"ListItem","position":1,"name":"Accueil","item":"https:\/\/grandparquetendurance.com\/"},{"@type":"ListItem","position":2,"name":"Doggy &#8211; adh\u00e9sion"}]},{"@type":"WebSite","@id":"https:\/\/grandparquetendurance.com\/#website","url":"https:\/\/grandparquetendurance.com\/","name":"Grand Parquet Endurance (GPE)","description":"Au coeur du sport outdoor...","potentialAction":[{"@type":"SearchAction","target":{"@type":"EntryPoint","urlTemplate":"https:\/\/grandparquetendurance.com\/?s={search_term_string}"},"query-input":{"@type":"PropertyValueSpecification","valueRequired":true,"valueName":"search_term_string"}}],"inLanguage":"fr-FR"}]}},"_links":{"self":[{"href":"https:\/\/grandparquetendurance.com\/index.php\/wp-json\/wp\/v2\/pages\/70","targetHints":{"allow":["GET"]}}],"collection":[{"href":"https:\/\/grandparquetendurance.com\/index.php\/wp-json\/wp\/v2\/pages"}],"about":[{"href":"https:\/\/grandparquetendurance.com\/index.php\/wp-json\/wp\/v2\/types\/page"}],"author":[{"embeddable":true,"href":"https:\/\/grandparquetendurance.com\/index.php\/wp-json\/wp\/v2\/users\/1"}],"replies":[{"embeddable":true,"href":"https:\/\/grandparquetendurance.com\/index.php\/wp-json\/wp\/v2\/comments?post=70"}],"version-history":[{"count":35,"href":"https:\/\/grandparquetendurance.com\/index.php\/wp-json\/wp\/v2\/pages\/70\/revisions"}],"predecessor-version":[{"id":1497,"href":"https:\/\/grandparquetendurance.com\/index.php\/wp-json\/wp\/v2\/pages\/70\/revisions\/1497"}],"wp:attachment":[{"href":"https:\/\/grandparquetendurance.com\/index.php\/wp-json\/wp\/v2\/media?parent=70"}],"curies":[{"name":"wp","href":"https:\/\/api.w.org\/{rel}","templated":true}]}}