{"id":60,"date":"2025-07-04T22:27:51","date_gmt":"2025-07-04T20:27:51","guid":{"rendered":"https:\/\/grandparquetendurance.com\/?page_id=60"},"modified":"2025-07-31T00:27:47","modified_gmt":"2025-07-30T22:27:47","slug":"presentation-de-gpe","status":"publish","type":"page","link":"https:\/\/grandparquetendurance.com\/index.php\/presentation-de-gpe\/","title":{"rendered":"Endurance &#8211; Historique de GPE"},"content":{"rendered":"\t\t<div data-elementor-type=\"wp-page\" data-elementor-id=\"60\" class=\"elementor elementor-60\">\n\t\t\t\t<div class=\"elementor-element elementor-element-35201da e-flex e-con-boxed e-con e-parent\" data-id=\"35201da\" data-element_type=\"container\">\n\t\t\t\t\t<div class=\"e-con-inner\">\n\t\t\t\t<div class=\"elementor-element elementor-element-50b8c58 elementor-widget elementor-widget-html\" data-id=\"50b8c58\" data-element_type=\"widget\" data-widget_type=\"html.default\">\n\t\t\t\t\t<div style=\"text-align:center; padding: 40px 20px; background-color: #f0f7f0; border-top: 4px solid #2a4333; border-radius: 12px;\">\r\n  <img decoding=\"async\" src=\"https:\/\/grandparquetendurance.com\/wp-content\/uploads\/2025\/07\/emoji-livre-ouvert.png\" alt=\"Ic\u00f4ne livre ouvert\" style=\"height:50px; margin-bottom: 15px; opacity: 0.9;\" \/>\r\n  <h2 style=\"font-family: 'Montserrat', sans-serif; font-size: 36px; color: #215732; margin: 0;\">\r\n    Un peu d\u2019histoire\u2026\r\n  <\/h2>\r\n  <p style=\"font-size: 20px; color: #215732; margin-top: 10px;\">\r\n    D\u2019hier \u00e0 aujourd\u2019hui, d\u00e9couvrez les origines et les valeurs de notre association.\r\n  <\/p>\r\n<\/div>\t\t\t\t<\/div>\n\t\t\t\t\t<\/div>\n\t\t\t\t<\/div>\n\t\t<div class=\"elementor-element elementor-element-53ee9f9 e-flex e-con-boxed e-con e-parent\" data-id=\"53ee9f9\" data-element_type=\"container\">\n\t\t\t\t\t<div class=\"e-con-inner\">\n\t\t\t\t<div class=\"elementor-element elementor-element-7747d9a elementor-widget elementor-widget-text-editor\" data-id=\"7747d9a\" data-element_type=\"widget\" data-widget_type=\"text-editor.default\">\n\t\t\t\t\t\t\t\t\t<h2><span style=\"text-decoration: underline;\"><span style=\"color: #215732; text-decoration: underline;\">\ud83e\uddec A l&rsquo;origine&#8230;<\/span><\/span><\/h2><p>Grand Parquet Endurance est une association de type loi 1901 fond\u00e9e en 2010, dont l\u2019objet initial \u00e9tait d\u2019organiser des comp\u00e9titions d\u2019endurance \u00e9questre, de niveau national et international, sur le site du Grand Parquet \u00e0 Fontainebleau.<\/p><p>For\u00eat l\u00e9gendaire, lieu de comp\u00e9tition mythique, une \u00e9quipe motiv\u00e9e, tout \u00e9tait r\u00e9uni pour mettre en place et d\u00e9velopper un \u00e9v\u00e8nement exceptionnel. De 2011 \u00e0 2024, tous les meilleurs cavaliers de la discipline \u00e0 travers le globe ont foul\u00e9 les pistes de Fontainebleau, confirmant ainsi ann\u00e9e apr\u00e8s ann\u00e9e la qualit\u00e9 et la place du Concours International d\u2019Endurance de Fontainebleau dans le paysage mondial de l\u2019Endurance\u00a0! Dans la page d\u00e9di\u00e9e \u00e0 notre histoire et aux anciennes comp\u00e9titions, vous retrouverez les exploits d\u2019illustres grands cavaliers qui ont particip\u00e9 au rayonnement de notre organisation.<\/p><h2>\u00a0<\/h2><h2><span style=\"text-decoration: underline; color: #215732;\"><strong>\ud83d\udd00 Le tournant 2024\u2026<\/strong><\/span><\/h2><p>Pour des raisons administratives de gestion de la For\u00eat, notre \u00e9v\u00e8nement annuel (jusqu\u2019\u00e0 deux \u00e9ditions par an) se voit refuser son autorisation. Octobre 2024 sera la derni\u00e8re \u00e9dition\u2026<\/p><p>Pour autant, fort d\u2019un dynamisme jamais ralenti, notre \u00e9quipe toujours motiv\u00e9e, s\u2019est lanc\u00e9e un nouveau d\u00e9fi d\u00e8s 2023\u00a0: organiser une comp\u00e9tition de canicross sur le site du Grand Parquet. Vague r\u00e9flexion de soir\u00e9e au d\u00e9part, l\u2019id\u00e9e germe et m\u00e2ture pendant plusieurs mois avant de d\u00e9boucher sur un projet structur\u00e9 qui se construit en collaboration avec la Directrice du Grand Parquet Agathe Jolly. Cette derni\u00e8re cherche \u00e0 diversifier les \u00e9v\u00e8nements qu\u2019elle accueille sur le site \u00e0 des fins d\u2019\u00e9quilibre budg\u00e9taire et d\u2019envie de renouvellement d\u2019int\u00e9r\u00eat pour le public de la r\u00e9gion. GPE cr\u00e9e alors le Cani Trophy Fontainebleau. Son Pr\u00e9sident, traileur et pratiquant des sports tract\u00e9s mono chien (canicross, canitrail, caniVTT\u2026), en est le moteur. Membre du Canisports Melun, il embarque le club avec GPE. Janvier 2024 sera une premi\u00e8re \u00e9dition qui marque les esprits des participants en raison d\u2019un site d\u2019accueil hors norme pour cette discipline.<\/p><p>En janvier 2025, pour la seconde \u00e9dition du Cani Trophy Fontainebleau, GPE d\u00e9cide d\u2019ajouter un trail humain et cr\u00e9e alors le Fontainebleau Outdoor Festival, qui englobe les deux \u00e9v\u00e8nements de sports outdoor\u00a0: le Cani Trophy Fontainebleau et le Trail des Carriers. La base du renouveau de GPE est pr\u00e9sente\u2026<\/p><h2>\u00a0<\/h2><h2><span style=\"text-decoration: underline; color: #215732;\"><strong>\ud83d\udee4\ufe0f La confirmation 2025\u2026<\/strong><\/span><\/h2><p>Dans la continuit\u00e9 de ces projets 2025, lors de l\u2019Assembl\u00e9e G\u00e9n\u00e9rale de l\u2019association, GPE devient une association multisports. Les statuts sont modifi\u00e9s pour accueillir des sections et l\u2019ensemble de la gestion est adapt\u00e9. En juin 2025, l\u2019AG valide l\u2019\u00e9volution, les modifications sont enregistr\u00e9es en Pr\u00e9fecture et les premi\u00e8res sections voient le jour. La premi\u00e8re accueille l\u2019activit\u00e9 historique de l\u2019endurance \u00e9questre. La seconde concerne le canisport. La section constitu\u00e9e par une \u00e9quipe de passionn\u00e9s adopte le nom de \u00ab Doggy on the Rocks \u00bb et s\u2019affilie \u00e0 la F\u00e9d\u00e9ration Fran\u00e7aise des Sports et Loisirs Canons (FFSLC). La troisi\u00e8me section concerne la pratique du trail, et voit sa mise en place \u00e0 la fin de l\u2019\u00e9t\u00e9 2025.<\/p><p>Voici ainsi les trois premi\u00e8res sections constitu\u00e9es et pr\u00eates \u00e0 relever les nouveaux d\u00e9fis, comme\u00a0:<\/p><ul><li>L\u2019animation annuelle des clubs ainsi form\u00e9s, de sorties loisirs entre membres, d\u2019entrainements r\u00e9cr\u00e9atifs ou comp\u00e9titifs, et de tout \u00e9v\u00e8nement de la vie des sections\u00a0;<\/li><li>La participation \u00e0 des comp\u00e9titions\u00a0;<\/li><li>L\u2019organisation d\u2019\u00e9v\u00e8nements divers et multiples (moments festifs club, rencontres conviviales interclub, comp\u00e9titions mono discipline via sa section, \u00e9v\u00e8nements multi-activit\u00e9s\u2026).<\/li><\/ul><h2>\u00a0<\/h2><h2><span style=\"text-decoration: underline; color: #215732;\"><strong>\ud83c\udfaf A partir de 2026\u2026<\/strong><\/span><\/h2><p>GPE met en place une planification pluriannuelle en coordination avec les autorit\u00e9s locales (notamment l\u2019ONF pour les comp\u00e9titions qui rentrent dans le nouveau cadre l\u00e9gal) et programme des \u00e9v\u00e8nements d\u2019endurance \u00e9questre, de canisport et de trail. Rendez-vous sur les pages d\u00e9di\u00e9es \u00e0 nos projets\u00a0!<\/p>\t\t\t\t\t\t\t\t<\/div>\n\t\t\t\t\t<\/div>\n\t\t\t\t<\/div>\n\t\t\t\t<\/div>\n\t\t","protected":false},"excerpt":{"rendered":"<p>Un peu d\u2019histoire\u2026 D\u2019hier \u00e0 aujourd\u2019hui, d\u00e9couvrez les origines et les valeurs de notre association. \ud83e\uddec A l&rsquo;origine&#8230; Grand Parquet [&hellip;]<\/p>\n","protected":false},"author":1,"featured_media":0,"parent":0,"menu_order":0,"comment_status":"closed","ping_status":"closed","template":"","meta":{"site-sidebar-layout":"no-sidebar","site-content-layout":"","ast-site-content-layout":"full-width-container","site-content-style":"default","site-sidebar-style":"default","ast-global-header-display":"","ast-banner-title-visibility":"","ast-main-header-display":"","ast-hfb-above-header-display":"","ast-hfb-below-header-display":"","ast-hfb-mobile-header-display":"","site-post-title":"disabled","ast-breadcrumbs-content":"","ast-featured-img":"disabled","footer-sml-layout":"","theme-transparent-header-meta":"","adv-header-id-meta":"","stick-header-meta":"","header-above-stick-meta":"","header-main-stick-meta":"","header-below-stick-meta":"","astra-migrate-meta-layouts":"default","ast-page-background-enabled":"default","ast-page-background-meta":{"desktop":{"background-color":"var(--ast-global-color-5)","background-image":"","background-repeat":"repeat","background-position":"center center","background-size":"auto","background-attachment":"scroll","background-type":"","background-media":"","overlay-type":"","overlay-color":"","overlay-opacity":"","overlay-gradient":""},"tablet":{"background-color":"","background-image":"","background-repeat":"repeat","background-position":"center center","background-size":"auto","background-attachment":"scroll","background-type":"","background-media":"","overlay-type":"","overlay-color":"","overlay-opacity":"","overlay-gradient":""},"mobile":{"background-color":"","background-image":"","background-repeat":"repeat","background-position":"center center","background-size":"auto","background-attachment":"scroll","background-type":"","background-media":"","overlay-type":"","overlay-color":"","overlay-opacity":"","overlay-gradient":""}},"ast-content-background-meta":{"desktop":{"background-color":"var(--ast-global-color-4)","background-image":"","background-repeat":"repeat","background-position":"center center","background-size":"auto","background-attachment":"scroll","background-type":"","background-media":"","overlay-type":"","overlay-color":"","overlay-opacity":"","overlay-gradient":""},"tablet":{"background-color":"var(--ast-global-color-4)","background-image":"","background-repeat":"repeat","background-position":"center center","background-size":"auto","background-attachment":"scroll","background-type":"","background-media":"","overlay-type":"","overlay-color":"","overlay-opacity":"","overlay-gradient":""},"mobile":{"background-color":"var(--ast-global-color-4)","background-image":"","background-repeat":"repeat","background-position":"center center","background-size":"auto","background-attachment":"scroll","background-type":"","background-media":"","overlay-type":"","overlay-color":"","overlay-opacity":"","overlay-gradient":""}},"footnotes":""},"class_list":["post-60","page","type-page","status-publish","hentry"],"yoast_head":"<!-- This site is optimized with the Yoast SEO plugin v26.6 - https:\/\/yoast.com\/wordpress\/plugins\/seo\/ -->\n<title>Endurance - Historique de GPE - Grand Parquet Endurance (GPE)<\/title>\n<meta name=\"robots\" content=\"index, follow, max-snippet:-1, max-image-preview:large, max-video-preview:-1\" \/>\n<link rel=\"canonical\" href=\"https:\/\/grandparquetendurance.com\/index.php\/presentation-de-gpe\/\" \/>\n<meta property=\"og:locale\" content=\"fr_FR\" \/>\n<meta property=\"og:type\" content=\"article\" \/>\n<meta property=\"og:title\" content=\"Endurance - Historique de GPE - Grand Parquet Endurance (GPE)\" \/>\n<meta property=\"og:description\" content=\"Un peu d\u2019histoire\u2026 D\u2019hier \u00e0 aujourd\u2019hui, d\u00e9couvrez les origines et les valeurs de notre association. \ud83e\uddec A l&rsquo;origine&#8230; Grand Parquet [&hellip;]\" \/>\n<meta property=\"og:url\" content=\"https:\/\/grandparquetendurance.com\/index.php\/presentation-de-gpe\/\" \/>\n<meta property=\"og:site_name\" content=\"Grand Parquet Endurance (GPE)\" \/>\n<meta property=\"article:modified_time\" content=\"2025-07-30T22:27:47+00:00\" \/>\n<meta property=\"og:image\" content=\"https:\/\/grandparquetendurance.com\/wp-content\/uploads\/2025\/07\/emoji-livre-ouvert.png\" \/>\n<meta name=\"twitter:card\" content=\"summary_large_image\" \/>\n<meta name=\"twitter:label1\" content=\"Dur\u00e9e de lecture estim\u00e9e\" \/>\n\t<meta name=\"twitter:data1\" content=\"5 minutes\" \/>\n<script type=\"application\/ld+json\" class=\"yoast-schema-graph\">{\"@context\":\"https:\/\/schema.org\",\"@graph\":[{\"@type\":\"WebPage\",\"@id\":\"https:\/\/grandparquetendurance.com\/index.php\/presentation-de-gpe\/\",\"url\":\"https:\/\/grandparquetendurance.com\/index.php\/presentation-de-gpe\/\",\"name\":\"Endurance - Historique de GPE - Grand Parquet Endurance (GPE)\",\"isPartOf\":{\"@id\":\"https:\/\/grandparquetendurance.com\/#website\"},\"primaryImageOfPage\":{\"@id\":\"https:\/\/grandparquetendurance.com\/index.php\/presentation-de-gpe\/#primaryimage\"},\"image\":{\"@id\":\"https:\/\/grandparquetendurance.com\/index.php\/presentation-de-gpe\/#primaryimage\"},\"thumbnailUrl\":\"https:\/\/grandparquetendurance.com\/wp-content\/uploads\/2025\/07\/emoji-livre-ouvert.png\",\"datePublished\":\"2025-07-04T20:27:51+00:00\",\"dateModified\":\"2025-07-30T22:27:47+00:00\",\"breadcrumb\":{\"@id\":\"https:\/\/grandparquetendurance.com\/index.php\/presentation-de-gpe\/#breadcrumb\"},\"inLanguage\":\"fr-FR\",\"potentialAction\":[{\"@type\":\"ReadAction\",\"target\":[\"https:\/\/grandparquetendurance.com\/index.php\/presentation-de-gpe\/\"]}]},{\"@type\":\"ImageObject\",\"inLanguage\":\"fr-FR\",\"@id\":\"https:\/\/grandparquetendurance.com\/index.php\/presentation-de-gpe\/#primaryimage\",\"url\":\"https:\/\/grandparquetendurance.com\/wp-content\/uploads\/2025\/07\/emoji-livre-ouvert.png\",\"contentUrl\":\"https:\/\/grandparquetendurance.com\/wp-content\/uploads\/2025\/07\/emoji-livre-ouvert.png\",\"width\":96,\"height\":96},{\"@type\":\"BreadcrumbList\",\"@id\":\"https:\/\/grandparquetendurance.com\/index.php\/presentation-de-gpe\/#breadcrumb\",\"itemListElement\":[{\"@type\":\"ListItem\",\"position\":1,\"name\":\"Accueil\",\"item\":\"https:\/\/grandparquetendurance.com\/\"},{\"@type\":\"ListItem\",\"position\":2,\"name\":\"Endurance &#8211; Historique de GPE\"}]},{\"@type\":\"WebSite\",\"@id\":\"https:\/\/grandparquetendurance.com\/#website\",\"url\":\"https:\/\/grandparquetendurance.com\/\",\"name\":\"Grand Parquet Endurance (GPE)\",\"description\":\"Au coeur du sport outdoor...\",\"potentialAction\":[{\"@type\":\"SearchAction\",\"target\":{\"@type\":\"EntryPoint\",\"urlTemplate\":\"https:\/\/grandparquetendurance.com\/?s={search_term_string}\"},\"query-input\":{\"@type\":\"PropertyValueSpecification\",\"valueRequired\":true,\"valueName\":\"search_term_string\"}}],\"inLanguage\":\"fr-FR\"}]}<\/script>\n<!-- \/ Yoast SEO plugin. -->","yoast_head_json":{"title":"Endurance - Historique de GPE - Grand Parquet Endurance (GPE)","robots":{"index":"index","follow":"follow","max-snippet":"max-snippet:-1","max-image-preview":"max-image-preview:large","max-video-preview":"max-video-preview:-1"},"canonical":"https:\/\/grandparquetendurance.com\/index.php\/presentation-de-gpe\/","og_locale":"fr_FR","og_type":"article","og_title":"Endurance - Historique de GPE - Grand Parquet Endurance (GPE)","og_description":"Un peu d\u2019histoire\u2026 D\u2019hier \u00e0 aujourd\u2019hui, d\u00e9couvrez les origines et les valeurs de notre association. \ud83e\uddec A l&rsquo;origine&#8230; Grand Parquet [&hellip;]","og_url":"https:\/\/grandparquetendurance.com\/index.php\/presentation-de-gpe\/","og_site_name":"Grand Parquet Endurance (GPE)","article_modified_time":"2025-07-30T22:27:47+00:00","og_image":[{"url":"https:\/\/grandparquetendurance.com\/wp-content\/uploads\/2025\/07\/emoji-livre-ouvert.png","type":"","width":"","height":""}],"twitter_card":"summary_large_image","twitter_misc":{"Dur\u00e9e de lecture estim\u00e9e":"5 minutes"},"schema":{"@context":"https:\/\/schema.org","@graph":[{"@type":"WebPage","@id":"https:\/\/grandparquetendurance.com\/index.php\/presentation-de-gpe\/","url":"https:\/\/grandparquetendurance.com\/index.php\/presentation-de-gpe\/","name":"Endurance - Historique de GPE - Grand Parquet Endurance (GPE)","isPartOf":{"@id":"https:\/\/grandparquetendurance.com\/#website"},"primaryImageOfPage":{"@id":"https:\/\/grandparquetendurance.com\/index.php\/presentation-de-gpe\/#primaryimage"},"image":{"@id":"https:\/\/grandparquetendurance.com\/index.php\/presentation-de-gpe\/#primaryimage"},"thumbnailUrl":"https:\/\/grandparquetendurance.com\/wp-content\/uploads\/2025\/07\/emoji-livre-ouvert.png","datePublished":"2025-07-04T20:27:51+00:00","dateModified":"2025-07-30T22:27:47+00:00","breadcrumb":{"@id":"https:\/\/grandparquetendurance.com\/index.php\/presentation-de-gpe\/#breadcrumb"},"inLanguage":"fr-FR","potentialAction":[{"@type":"ReadAction","target":["https:\/\/grandparquetendurance.com\/index.php\/presentation-de-gpe\/"]}]},{"@type":"ImageObject","inLanguage":"fr-FR","@id":"https:\/\/grandparquetendurance.com\/index.php\/presentation-de-gpe\/#primaryimage","url":"https:\/\/grandparquetendurance.com\/wp-content\/uploads\/2025\/07\/emoji-livre-ouvert.png","contentUrl":"https:\/\/grandparquetendurance.com\/wp-content\/uploads\/2025\/07\/emoji-livre-ouvert.png","width":96,"height":96},{"@type":"BreadcrumbList","@id":"https:\/\/grandparquetendurance.com\/index.php\/presentation-de-gpe\/#breadcrumb","itemListElement":[{"@type":"ListItem","position":1,"name":"Accueil","item":"https:\/\/grandparquetendurance.com\/"},{"@type":"ListItem","position":2,"name":"Endurance &#8211; Historique de GPE"}]},{"@type":"WebSite","@id":"https:\/\/grandparquetendurance.com\/#website","url":"https:\/\/grandparquetendurance.com\/","name":"Grand Parquet Endurance (GPE)","description":"Au coeur du sport outdoor...","potentialAction":[{"@type":"SearchAction","target":{"@type":"EntryPoint","urlTemplate":"https:\/\/grandparquetendurance.com\/?s={search_term_string}"},"query-input":{"@type":"PropertyValueSpecification","valueRequired":true,"valueName":"search_term_string"}}],"inLanguage":"fr-FR"}]}},"_links":{"self":[{"href":"https:\/\/grandparquetendurance.com\/index.php\/wp-json\/wp\/v2\/pages\/60","targetHints":{"allow":["GET"]}}],"collection":[{"href":"https:\/\/grandparquetendurance.com\/index.php\/wp-json\/wp\/v2\/pages"}],"about":[{"href":"https:\/\/grandparquetendurance.com\/index.php\/wp-json\/wp\/v2\/types\/page"}],"author":[{"embeddable":true,"href":"https:\/\/grandparquetendurance.com\/index.php\/wp-json\/wp\/v2\/users\/1"}],"replies":[{"embeddable":true,"href":"https:\/\/grandparquetendurance.com\/index.php\/wp-json\/wp\/v2\/comments?post=60"}],"version-history":[{"count":35,"href":"https:\/\/grandparquetendurance.com\/index.php\/wp-json\/wp\/v2\/pages\/60\/revisions"}],"predecessor-version":[{"id":1471,"href":"https:\/\/grandparquetendurance.com\/index.php\/wp-json\/wp\/v2\/pages\/60\/revisions\/1471"}],"wp:attachment":[{"href":"https:\/\/grandparquetendurance.com\/index.php\/wp-json\/wp\/v2\/media?parent=60"}],"curies":[{"name":"wp","href":"https:\/\/api.w.org\/{rel}","templated":true}]}}