{"id":46,"date":"2025-07-04T22:20:17","date_gmt":"2025-07-04T20:20:17","guid":{"rendered":"https:\/\/grandparquetendurance.com\/?page_id=46"},"modified":"2025-09-16T23:21:31","modified_gmt":"2025-09-16T21:21:31","slug":"section-trail","status":"publish","type":"page","link":"https:\/\/grandparquetendurance.com\/index.php\/section-trail\/","title":{"rendered":"WildRun &#8211; Pr\u00e9sentation"},"content":{"rendered":"\t\t<div data-elementor-type=\"wp-page\" data-elementor-id=\"46\" class=\"elementor elementor-46\">\n\t\t\t\t<div class=\"elementor-element elementor-element-a544ecb e-flex e-con-boxed e-con e-parent\" data-id=\"a544ecb\" data-element_type=\"container\">\n\t\t\t\t\t<div class=\"e-con-inner\">\n\t\t\t\t<div class=\"elementor-element elementor-element-4f8565c elementor-widget__width-inherit elementor-widget elementor-widget-maxmegamenu\" data-id=\"4f8565c\" data-element_type=\"widget\" data-widget_type=\"maxmegamenu.default\">\n\t\t\t\t<div class=\"elementor-widget-container\">\n\t\t\t\t\t<div id=\"mega-menu-wrap-max_mega_menu_5\" class=\"mega-menu-wrap\"><div class=\"mega-menu-toggle\"><div class=\"mega-toggle-blocks-left\"><\/div><div class=\"mega-toggle-blocks-center\"><\/div><div class=\"mega-toggle-blocks-right\"><div class='mega-toggle-block mega-menu-toggle-animated-block mega-toggle-block-0' id='mega-toggle-block-0'><button aria-label=\"Toggle Menu\" class=\"mega-toggle-animated mega-toggle-animated-slider\" type=\"button\" aria-expanded=\"false\">\n                  <span class=\"mega-toggle-animated-box\">\n                    <span class=\"mega-toggle-animated-inner\"><\/span>\n                  <\/span>\n                <\/button><\/div><\/div><\/div><ul id=\"mega-menu-max_mega_menu_5\" class=\"mega-menu max-mega-menu mega-menu-horizontal mega-no-js\" data-event=\"hover_intent\" data-effect=\"fade_up\" data-effect-speed=\"200\" data-effect-mobile=\"slide_right\" data-effect-speed-mobile=\"200\" data-mobile-force-width=\"false\" data-second-click=\"go\" data-document-click=\"collapse\" data-vertical-behaviour=\"standard\" data-breakpoint=\"768\" data-unbind=\"true\" data-mobile-state=\"collapse_all\" data-mobile-direction=\"vertical\" data-hover-intent-timeout=\"300\" data-hover-intent-interval=\"100\"><li class=\"mega-menu-item mega-menu-item-type-post_type mega-menu-item-object-page mega-align-bottom-left mega-menu-flyout mega-menu-item-537\" id=\"mega-menu-item-537\"><a class=\"mega-menu-link\" href=\"https:\/\/grandparquetendurance.com\/index.php\/section-trail\/\" tabindex=\"0\">WildRun \u2013 Pr\u00e9sentation<\/a><\/li><li class=\"mega-menu-item mega-menu-item-type-post_type mega-menu-item-object-page mega-align-bottom-left mega-menu-flyout mega-menu-item-1750\" id=\"mega-menu-item-1750\"><a class=\"mega-menu-link\" href=\"https:\/\/grandparquetendurance.com\/index.php\/wildrun-le-bureau-de-section-2\/\" tabindex=\"0\">WildRun \u2013 Le Bureau de Section<\/a><\/li><li class=\"mega-menu-item mega-menu-item-type-post_type mega-menu-item-object-page mega-align-bottom-left mega-menu-flyout mega-menu-item-534\" id=\"mega-menu-item-534\"><a class=\"mega-menu-link\" href=\"https:\/\/grandparquetendurance.com\/index.php\/adhesion-trail\/\" tabindex=\"0\">WildRun \u2013 Adh\u00e9sion<\/a><\/li><li class=\"mega-menu-item mega-menu-item-type-post_type mega-menu-item-object-page mega-align-bottom-left mega-menu-flyout mega-menu-item-1847\" id=\"mega-menu-item-1847\"><a class=\"mega-menu-link\" href=\"https:\/\/grandparquetendurance.com\/index.php\/wildrun-nos-animateurs\/\" tabindex=\"0\">WildRun \u2013 Nos animateurs<\/a><\/li><li class=\"mega-menu-item mega-menu-item-type-post_type mega-menu-item-object-page mega-align-bottom-left mega-menu-flyout mega-menu-item-1795\" id=\"mega-menu-item-1795\"><a class=\"mega-menu-link\" href=\"https:\/\/grandparquetendurance.com\/index.php\/wildrun-nos-plannings\/\" tabindex=\"0\">WildRun \u2013 Nos plannings<\/a><\/li><li class=\"mega-menu-item mega-menu-item-type-post_type mega-menu-item-object-page mega-align-bottom-left mega-menu-flyout mega-menu-item-536\" id=\"mega-menu-item-536\"><a class=\"mega-menu-link\" href=\"https:\/\/grandparquetendurance.com\/index.php\/wildrun-les-assurances\/\" tabindex=\"0\">WildRun \u2013 Les assurances<\/a><\/li><li class=\"mega-menu-item mega-menu-item-type-post_type mega-menu-item-object-page mega-align-bottom-left mega-menu-flyout mega-menu-item-972\" id=\"mega-menu-item-972\"><a class=\"mega-menu-link\" href=\"https:\/\/grandparquetendurance.com\/index.php\/wilrun-contacts\/\" tabindex=\"0\">WildRun \u2013 Contacts<\/a><\/li><\/ul><button class='mega-close' aria-label='Close'><\/button><\/div>\t\t\t\t<\/div>\n\t\t\t\t<\/div>\n\t\t\t\t\t<\/div>\n\t\t\t\t<\/div>\n\t\t<div class=\"elementor-element elementor-element-cdf01db e-flex e-con-boxed e-con e-parent\" data-id=\"cdf01db\" data-element_type=\"container\">\n\t\t\t\t\t<div class=\"e-con-inner\">\n\t\t\t\t<div class=\"elementor-element elementor-element-ba7147c elementor-widget elementor-widget-heading\" data-id=\"ba7147c\" data-element_type=\"widget\" data-widget_type=\"heading.default\">\n\t\t\t\t\t<h1 class=\"elementor-heading-title elementor-size-default\"><h1 style=\"text-align: center\"><strong>\ud83c\udfc3 WildRun GPE<\/strong><\/h1><h1 style=\"text-align: center\"><em>La section Trail de Grand Parquet Endurance<\/em><\/h1><\/h1>\t\t\t\t<\/div>\n\t\t\t\t\t<\/div>\n\t\t\t\t<\/div>\n\t\t<div class=\"elementor-element elementor-element-5ea5c1b e-con-full e-flex e-con e-parent\" data-id=\"5ea5c1b\" data-element_type=\"container\">\n\t\t\t\t<div class=\"elementor-element elementor-element-f8c5a16 elementor-widget__width-inherit elementor-widget elementor-widget-text-editor\" data-id=\"f8c5a16\" data-element_type=\"widget\" data-widget_type=\"text-editor.default\">\n\t\t\t\t\t\t\t\t\t<span style=\"color: #215732;\"><strong>\ud83c\udf3f Courir libre, courir sauvage<\/strong><\/span>\n<div><span style=\"color: #215732;\">La section Trail de GPE vous emm\u00e8ne au c\u0153ur de la nature, sur les sentiers sauvages de Fontainebleau. Rochers, pins, sable, d\u00e9nivel\u00e9 : un terrain de jeu id\u00e9al pour se d\u00e9passer dans un esprit convivial et engag\u00e9.<\/span><\/div>\n<span style=\"color: #215732;\"><strong>\ud83c\udfaf Nos objectifs<\/strong><\/span>\n<ul>\n \t<li><span style=\"color: #215732;\">Promouvoir la course nature<\/span><\/li>\n \t<li><span style=\"color: #215732;\">Organiser des entra\u00eenements r\u00e9guliers en for\u00eat<\/span><\/li>\n \t<li><span style=\"color: #215732;\">Participer \u00e0 des \u00e9v\u00e9nements r\u00e9gionaux et nationaux<\/span><\/li>\n \t<li><span style=\"color: #215732;\">F\u00e9d\u00e9rer une communaut\u00e9 autour du d\u00e9passement de soi et du respect de l\u2019environnement<\/span><\/li>\n<\/ul>\n<span style=\"color: #215732;\"><strong>\ud83d\udccd Nos terrains de jeu<\/strong><\/span>\n<ul>\n \t<li><span style=\"color: #215732;\">For\u00eat de Fontainebleau, For\u00eat de La Commanderie, autres terrains praticables dans un p\u00e9rim\u00e8tre raisonnable<\/span><\/li>\n \t<li style=\"font-size: 16px;\"><span style=\"color: #215732;\">Parcours vari\u00e9s : sentiers forestiers, monotraces, d\u00e9nivel\u00e9\u2026 terrain adapt\u00e9 en fonction du niveau et du type d\u2019entrainement<\/span><\/li>\n \t<li><span style=\"color: #215732;\">Sites embl\u00e9matiques : La Dame Jouanne, Rocher Canon, Trois Pignons, Apremont\u2026<\/span><\/li>\n<\/ul>\n<span style=\"color: #215732;\"><strong>\u00a0<\/strong><\/span>\n\n\n<span style=\"color: #215732;\"><strong>\ud83d\udc65 Pour qui ?<\/strong><\/span>\n<ul>\n \t<li><span style=\"color: #215732;\">Coureurs justifiant d&rsquo;une pratique av\u00e9r\u00e9e de course \u00e0 pied sur terrain vari\u00e9 et parcours vallonn\u00e9<\/span><\/li>\n \t<li><span style=\"color: #215732;\">Coureurs r\u00e9guliers voulant progresser en groupe, dans un esprit convivial<\/span><\/li>\n \t<li><span style=\"color: #215732;\">coureurs confirm\u00e9s,\u00a0 passionn\u00e9s de nature<\/span><\/li>\n<\/ul>\n<span style=\"color: #215732;\"><strong>\ud83d\udcc5 Activit\u00e9s propos\u00e9es<\/strong><\/span>\n<ul>\n \t<li><span style=\"color: #215732;\">Sorties hebdomadaires partag\u00e9es<\/span><\/li>\n \t<li><span style=\"color: #215732;\">S\u00e9ances loisir \/ s\u00e9ances techniques partag\u00e9es \/ stages ou week-end Trail &amp; techniques en terrain naturel<\/span><\/li>\n \t<li style=\"font-size: 16px;\"><span style=\"color: #215732;\">Participation aux comp\u00e9titions, selon le calendrier f\u00e9d\u00e9ral en vigueur<\/span><\/li>\n \t<li style=\"font-size: 16px;\"><span style=\"color: #215732;\">Journ\u00e9es d\u00e9couverte, forum des associations,\u2026<\/span><\/li>\n \t<li style=\"font-size: 16px;\"><span style=\"color: #215732;\">Ev\u00e8nements club festifs et conviviaux, inter-disciplines et inter-sections<\/span><\/li>\n \t<li style=\"font-size: 16px;\"><span style=\"color: #215732;\">Week-end montagne (mode rando-course ou randonn\u00e9e \/ groupes de niveaux)<\/span><\/li>\n \t<li><span style=\"color: #215732;\">Partenariat avec les autres sections GPE<\/span><\/li>\n<\/ul>\t\t\t\t\t\t\t\t<\/div>\n\t\t\t\t<\/div>\n\t\t\t\t<\/div>\n\t\t","protected":false},"excerpt":{"rendered":"<p>WildRun \u2013 Pr\u00e9sentation WildRun \u2013 Le Bureau de Section WildRun \u2013 Adh\u00e9sion WildRun \u2013 Les assurances WildRun \u2013 Contacts \ud83c\udfc3 [&hellip;]<\/p>\n","protected":false},"author":1,"featured_media":0,"parent":0,"menu_order":0,"comment_status":"closed","ping_status":"closed","template":"","meta":{"site-sidebar-layout":"default","site-content-layout":"","ast-site-content-layout":"default","site-content-style":"default","site-sidebar-style":"default","ast-global-header-display":"","ast-banner-title-visibility":"","ast-main-header-display":"","ast-hfb-above-header-display":"","ast-hfb-below-header-display":"","ast-hfb-mobile-header-display":"","site-post-title":"disabled","ast-breadcrumbs-content":"","ast-featured-img":"","footer-sml-layout":"","theme-transparent-header-meta":"","adv-header-id-meta":"","stick-header-meta":"","header-above-stick-meta":"","header-main-stick-meta":"","header-below-stick-meta":"","astra-migrate-meta-layouts":"default","ast-page-background-enabled":"default","ast-page-background-meta":{"desktop":{"background-color":"var(--ast-global-color-5)","background-image":"","background-repeat":"repeat","background-position":"center center","background-size":"auto","background-attachment":"scroll","background-type":"","background-media":"","overlay-type":"","overlay-color":"","overlay-opacity":"","overlay-gradient":""},"tablet":{"background-color":"","background-image":"","background-repeat":"repeat","background-position":"center center","background-size":"auto","background-attachment":"scroll","background-type":"","background-media":"","overlay-type":"","overlay-color":"","overlay-opacity":"","overlay-gradient":""},"mobile":{"background-color":"","background-image":"","background-repeat":"repeat","background-position":"center center","background-size":"auto","background-attachment":"scroll","background-type":"","background-media":"","overlay-type":"","overlay-color":"","overlay-opacity":"","overlay-gradient":""}},"ast-content-background-meta":{"desktop":{"background-color":"var(--ast-global-color-4)","background-image":"","background-repeat":"repeat","background-position":"center center","background-size":"auto","background-attachment":"scroll","background-type":"","background-media":"","overlay-type":"","overlay-color":"","overlay-opacity":"","overlay-gradient":""},"tablet":{"background-color":"var(--ast-global-color-4)","background-image":"","background-repeat":"repeat","background-position":"center center","background-size":"auto","background-attachment":"scroll","background-type":"","background-media":"","overlay-type":"","overlay-color":"","overlay-opacity":"","overlay-gradient":""},"mobile":{"background-color":"var(--ast-global-color-4)","background-image":"","background-repeat":"repeat","background-position":"center center","background-size":"auto","background-attachment":"scroll","background-type":"","background-media":"","overlay-type":"","overlay-color":"","overlay-opacity":"","overlay-gradient":""}},"footnotes":""},"class_list":["post-46","page","type-page","status-publish","hentry"],"yoast_head":"<!-- This site is optimized with the Yoast SEO plugin v26.6 - https:\/\/yoast.com\/wordpress\/plugins\/seo\/ -->\n<title>WildRun - Pr\u00e9sentation - Grand Parquet Endurance (GPE)<\/title>\n<meta name=\"robots\" content=\"index, follow, max-snippet:-1, max-image-preview:large, max-video-preview:-1\" \/>\n<link rel=\"canonical\" href=\"https:\/\/grandparquetendurance.com\/index.php\/section-trail\/\" \/>\n<meta property=\"og:locale\" content=\"fr_FR\" \/>\n<meta property=\"og:type\" content=\"article\" \/>\n<meta property=\"og:title\" content=\"WildRun - Pr\u00e9sentation - Grand Parquet Endurance (GPE)\" \/>\n<meta property=\"og:description\" content=\"WildRun \u2013 Pr\u00e9sentation WildRun \u2013 Le Bureau de Section WildRun \u2013 Adh\u00e9sion WildRun \u2013 Les assurances WildRun \u2013 Contacts \ud83c\udfc3 [&hellip;]\" \/>\n<meta property=\"og:url\" content=\"https:\/\/grandparquetendurance.com\/index.php\/section-trail\/\" \/>\n<meta property=\"og:site_name\" content=\"Grand Parquet Endurance (GPE)\" \/>\n<meta property=\"article:modified_time\" content=\"2025-09-16T21:21:31+00:00\" \/>\n<meta name=\"twitter:card\" content=\"summary_large_image\" \/>\n<meta name=\"twitter:label1\" content=\"Dur\u00e9e de lecture estim\u00e9e\" \/>\n\t<meta name=\"twitter:data1\" content=\"1 minute\" \/>\n<script type=\"application\/ld+json\" class=\"yoast-schema-graph\">{\"@context\":\"https:\/\/schema.org\",\"@graph\":[{\"@type\":\"WebPage\",\"@id\":\"https:\/\/grandparquetendurance.com\/index.php\/section-trail\/\",\"url\":\"https:\/\/grandparquetendurance.com\/index.php\/section-trail\/\",\"name\":\"WildRun - Pr\u00e9sentation - Grand Parquet Endurance (GPE)\",\"isPartOf\":{\"@id\":\"https:\/\/grandparquetendurance.com\/#website\"},\"datePublished\":\"2025-07-04T20:20:17+00:00\",\"dateModified\":\"2025-09-16T21:21:31+00:00\",\"breadcrumb\":{\"@id\":\"https:\/\/grandparquetendurance.com\/index.php\/section-trail\/#breadcrumb\"},\"inLanguage\":\"fr-FR\",\"potentialAction\":[{\"@type\":\"ReadAction\",\"target\":[\"https:\/\/grandparquetendurance.com\/index.php\/section-trail\/\"]}]},{\"@type\":\"BreadcrumbList\",\"@id\":\"https:\/\/grandparquetendurance.com\/index.php\/section-trail\/#breadcrumb\",\"itemListElement\":[{\"@type\":\"ListItem\",\"position\":1,\"name\":\"Accueil\",\"item\":\"https:\/\/grandparquetendurance.com\/\"},{\"@type\":\"ListItem\",\"position\":2,\"name\":\"WildRun &#8211; Pr\u00e9sentation\"}]},{\"@type\":\"WebSite\",\"@id\":\"https:\/\/grandparquetendurance.com\/#website\",\"url\":\"https:\/\/grandparquetendurance.com\/\",\"name\":\"Grand Parquet Endurance (GPE)\",\"description\":\"Au coeur du sport outdoor...\",\"potentialAction\":[{\"@type\":\"SearchAction\",\"target\":{\"@type\":\"EntryPoint\",\"urlTemplate\":\"https:\/\/grandparquetendurance.com\/?s={search_term_string}\"},\"query-input\":{\"@type\":\"PropertyValueSpecification\",\"valueRequired\":true,\"valueName\":\"search_term_string\"}}],\"inLanguage\":\"fr-FR\"}]}<\/script>\n<!-- \/ Yoast SEO plugin. -->","yoast_head_json":{"title":"WildRun - Pr\u00e9sentation - Grand Parquet Endurance (GPE)","robots":{"index":"index","follow":"follow","max-snippet":"max-snippet:-1","max-image-preview":"max-image-preview:large","max-video-preview":"max-video-preview:-1"},"canonical":"https:\/\/grandparquetendurance.com\/index.php\/section-trail\/","og_locale":"fr_FR","og_type":"article","og_title":"WildRun - Pr\u00e9sentation - Grand Parquet Endurance (GPE)","og_description":"WildRun \u2013 Pr\u00e9sentation WildRun \u2013 Le Bureau de Section WildRun \u2013 Adh\u00e9sion WildRun \u2013 Les assurances WildRun \u2013 Contacts \ud83c\udfc3 [&hellip;]","og_url":"https:\/\/grandparquetendurance.com\/index.php\/section-trail\/","og_site_name":"Grand Parquet Endurance (GPE)","article_modified_time":"2025-09-16T21:21:31+00:00","twitter_card":"summary_large_image","twitter_misc":{"Dur\u00e9e de lecture estim\u00e9e":"1 minute"},"schema":{"@context":"https:\/\/schema.org","@graph":[{"@type":"WebPage","@id":"https:\/\/grandparquetendurance.com\/index.php\/section-trail\/","url":"https:\/\/grandparquetendurance.com\/index.php\/section-trail\/","name":"WildRun - Pr\u00e9sentation - Grand Parquet Endurance (GPE)","isPartOf":{"@id":"https:\/\/grandparquetendurance.com\/#website"},"datePublished":"2025-07-04T20:20:17+00:00","dateModified":"2025-09-16T21:21:31+00:00","breadcrumb":{"@id":"https:\/\/grandparquetendurance.com\/index.php\/section-trail\/#breadcrumb"},"inLanguage":"fr-FR","potentialAction":[{"@type":"ReadAction","target":["https:\/\/grandparquetendurance.com\/index.php\/section-trail\/"]}]},{"@type":"BreadcrumbList","@id":"https:\/\/grandparquetendurance.com\/index.php\/section-trail\/#breadcrumb","itemListElement":[{"@type":"ListItem","position":1,"name":"Accueil","item":"https:\/\/grandparquetendurance.com\/"},{"@type":"ListItem","position":2,"name":"WildRun &#8211; Pr\u00e9sentation"}]},{"@type":"WebSite","@id":"https:\/\/grandparquetendurance.com\/#website","url":"https:\/\/grandparquetendurance.com\/","name":"Grand Parquet Endurance (GPE)","description":"Au coeur du sport outdoor...","potentialAction":[{"@type":"SearchAction","target":{"@type":"EntryPoint","urlTemplate":"https:\/\/grandparquetendurance.com\/?s={search_term_string}"},"query-input":{"@type":"PropertyValueSpecification","valueRequired":true,"valueName":"search_term_string"}}],"inLanguage":"fr-FR"}]}},"_links":{"self":[{"href":"https:\/\/grandparquetendurance.com\/index.php\/wp-json\/wp\/v2\/pages\/46","targetHints":{"allow":["GET"]}}],"collection":[{"href":"https:\/\/grandparquetendurance.com\/index.php\/wp-json\/wp\/v2\/pages"}],"about":[{"href":"https:\/\/grandparquetendurance.com\/index.php\/wp-json\/wp\/v2\/types\/page"}],"author":[{"embeddable":true,"href":"https:\/\/grandparquetendurance.com\/index.php\/wp-json\/wp\/v2\/users\/1"}],"replies":[{"embeddable":true,"href":"https:\/\/grandparquetendurance.com\/index.php\/wp-json\/wp\/v2\/comments?post=46"}],"version-history":[{"count":42,"href":"https:\/\/grandparquetendurance.com\/index.php\/wp-json\/wp\/v2\/pages\/46\/revisions"}],"predecessor-version":[{"id":1717,"href":"https:\/\/grandparquetendurance.com\/index.php\/wp-json\/wp\/v2\/pages\/46\/revisions\/1717"}],"wp:attachment":[{"href":"https:\/\/grandparquetendurance.com\/index.php\/wp-json\/wp\/v2\/media?parent=46"}],"curies":[{"name":"wp","href":"https:\/\/api.w.org\/{rel}","templated":true}]}}