{"id":29,"date":"2025-07-04T21:18:08","date_gmt":"2025-07-04T19:18:08","guid":{"rendered":"https:\/\/grandparquetendurance.com\/?page_id=29"},"modified":"2025-07-31T03:21:59","modified_gmt":"2025-07-31T01:21:59","slug":"canisport","status":"publish","type":"page","link":"https:\/\/grandparquetendurance.com\/index.php\/canisport\/","title":{"rendered":"Doggy &#8211; pr\u00e9sentation"},"content":{"rendered":"\t\t<div data-elementor-type=\"wp-page\" data-elementor-id=\"29\" class=\"elementor elementor-29\">\n\t\t\t\t<div class=\"elementor-element elementor-element-9df45f5 e-flex e-con-boxed e-con e-parent\" data-id=\"9df45f5\" data-element_type=\"container\">\n\t\t\t\t\t<div class=\"e-con-inner\">\n\t\t\t\t<div class=\"elementor-element elementor-element-6e39e91 elementor-widget__width-inherit elementor-widget elementor-widget-maxmegamenu\" data-id=\"6e39e91\" data-element_type=\"widget\" data-widget_type=\"maxmegamenu.default\">\n\t\t\t\t<div class=\"elementor-widget-container\">\n\t\t\t\t\t<div id=\"mega-menu-wrap-secondary_menu\" class=\"mega-menu-wrap\"><div class=\"mega-menu-toggle\"><div class=\"mega-toggle-blocks-left\"><\/div><div class=\"mega-toggle-blocks-center\"><\/div><div class=\"mega-toggle-blocks-right\"><div class='mega-toggle-block mega-menu-toggle-animated-block mega-toggle-block-0' id='mega-toggle-block-0'><button aria-label=\"Toggle Menu\" class=\"mega-toggle-animated mega-toggle-animated-slider\" type=\"button\" aria-expanded=\"false\">\n                  <span class=\"mega-toggle-animated-box\">\n                    <span class=\"mega-toggle-animated-inner\"><\/span>\n                  <\/span>\n                <\/button><\/div><\/div><\/div><ul id=\"mega-menu-secondary_menu\" class=\"mega-menu max-mega-menu mega-menu-horizontal mega-no-js\" data-event=\"hover_intent\" data-effect=\"fade_up\" data-effect-speed=\"200\" data-effect-mobile=\"slide_right\" data-effect-speed-mobile=\"200\" data-mobile-force-width=\"false\" data-second-click=\"go\" data-document-click=\"collapse\" data-vertical-behaviour=\"standard\" data-breakpoint=\"768\" data-unbind=\"true\" data-mobile-state=\"collapse_all\" data-mobile-direction=\"vertical\" data-hover-intent-timeout=\"300\" data-hover-intent-interval=\"100\"><li class=\"mega-menu-item mega-menu-item-type-post_type mega-menu-item-object-page mega-align-bottom-left mega-menu-flyout mega-menu-item-276\" id=\"mega-menu-item-276\"><a class=\"mega-menu-link\" href=\"https:\/\/grandparquetendurance.com\/index.php\/canisport\/\" tabindex=\"0\">Pr\u00e9sentation Doggy on the Rocks<\/a><\/li><li class=\"mega-menu-item mega-menu-item-type-post_type mega-menu-item-object-page mega-align-bottom-left mega-menu-flyout mega-menu-item-432\" id=\"mega-menu-item-432\"><a class=\"mega-menu-link\" href=\"https:\/\/grandparquetendurance.com\/index.php\/doggy-le-bureau-de-section\/\" tabindex=\"0\">Doggy \u2013 Le Bureau de Section<\/a><\/li><li class=\"mega-menu-item mega-menu-item-type-post_type mega-menu-item-object-page mega-align-bottom-left mega-menu-flyout mega-menu-item-435\" id=\"mega-menu-item-435\"><a class=\"mega-menu-link\" href=\"https:\/\/grandparquetendurance.com\/index.php\/adhesion-doggy\/\" tabindex=\"0\">Doggy \u2013 adh\u00e9sion<\/a><\/li><li class=\"mega-menu-item mega-menu-item-type-post_type mega-menu-item-object-page mega-align-bottom-left mega-menu-flyout mega-menu-item-1699\" id=\"mega-menu-item-1699\"><a class=\"mega-menu-link\" href=\"https:\/\/grandparquetendurance.com\/index.php\/doggy-nos-animateurs\/\" tabindex=\"0\">Doggy \u2013 Nos animateurs<\/a><\/li><li class=\"mega-menu-item mega-menu-item-type-post_type mega-menu-item-object-page mega-align-bottom-left mega-menu-flyout mega-menu-item-1461\" id=\"mega-menu-item-1461\"><a class=\"mega-menu-link\" href=\"https:\/\/grandparquetendurance.com\/index.php\/doggy-_-nos-plannings\/\" tabindex=\"0\">Doggy \u2013 Nos plannings<\/a><\/li><li class=\"mega-menu-item mega-menu-item-type-post_type mega-menu-item-object-page mega-align-bottom-left mega-menu-flyout mega-menu-item-434\" id=\"mega-menu-item-434\"><a class=\"mega-menu-link\" href=\"https:\/\/grandparquetendurance.com\/index.php\/doggy-les-assurances\/\" tabindex=\"0\">Doggy \u2013 les assurances<\/a><\/li><li class=\"mega-menu-item mega-menu-item-type-post_type mega-menu-item-object-page mega-align-bottom-left mega-menu-flyout mega-menu-item-433\" id=\"mega-menu-item-433\"><a class=\"mega-menu-link\" href=\"https:\/\/grandparquetendurance.com\/index.php\/doggy-contact\/\" tabindex=\"0\">Doggy \u2013 Contact<\/a><\/li><\/ul><button class='mega-close' aria-label='Close'><\/button><\/div>\t\t\t\t<\/div>\n\t\t\t\t<\/div>\n\t\t\t\t\t<\/div>\n\t\t\t\t<\/div>\n\t\t<div class=\"elementor-element elementor-element-3bbfe10 e-con-full e-flex e-con e-parent\" data-id=\"3bbfe10\" data-element_type=\"container\">\n\t\t\t\t<div class=\"elementor-element elementor-element-a286896 elementor-widget elementor-widget-heading\" data-id=\"a286896\" data-element_type=\"widget\" data-widget_type=\"heading.default\">\n\t\t\t\t\t<h1 class=\"elementor-heading-title elementor-size-default\"><h1 style=\"text-align: center\"><strong>\ud83d\udc15 Doggy on the Rocks - Le club \u26f0\ufe0f<\/strong><\/h1><h1 style=\"text-align: center\"><em>La section Canisport de Grand Parquet Endurance<\/em><\/h1><\/h1>\t\t\t\t<\/div>\n\t\t\t\t<\/div>\n\t\t<div class=\"elementor-element elementor-element-4a95d13 e-con-full e-flex e-con e-parent\" data-id=\"4a95d13\" data-element_type=\"container\">\n\t\t\t\t<div class=\"elementor-element elementor-element-def6edd elementor-widget elementor-widget-text-editor\" data-id=\"def6edd\" data-element_type=\"widget\" data-widget_type=\"text-editor.default\">\n\t\t\t\t\t\t\t\t\t<strong>\ud83c\udf1f Bouger ensemble, courir \u00e0 deux<\/strong>\n<div>Affili\u00e9e \u00e0 la F\u00e9d\u00e9ration Fran\u00e7aise des Sports et Loisirs Canins (FFSLC), la section Canisport de GPE r\u00e9unit les passionn\u00e9s de sport et de complicit\u00e9 canine. Dans un cadre naturel exceptionnel, nous explorons les disciplines du canisport (canicross, canimarche, caniVTT, canitrotinette, canitrail&#8230;) o\u00f9 l\u2019humain et le chien avancent ensemble, dans le respect, l\u2019effort et le plaisir partag\u00e9.<\/div>\n&nbsp;\n<div style=\"display: flex; justify-content: center;\"><a href=\"https:\/\/ffslc.fr\" target=\"_blank\" rel=\"noopener noreferrer\">\n<img decoding=\"async\" style=\"width: 100px; height: 100px; border-radius: 15px; object-fit: cover;\" src=\"https:\/\/grandparquetendurance.com\/wp-content\/uploads\/2025\/07\/ADM-04.C01-Logo-FFSLC-fond-bleu.png\" alt=\"Logo FFSLC\" \/><\/a><\/div>\n<strong>\ud83c\udfaf Nos objectifs<\/strong>\n<ul>\n \t<li>Promouvoir la pratique du sport avec son chien<\/li>\n \t<li>Organiser des entra\u00eenements adapt\u00e9s pour tous niveaux<\/li>\n \t<li>Promouvoir la discipline pour les jeunes, au sein d&rsquo;une section d\u00e9di\u00e9e<\/li>\n \t<li>Participer \u00e0 des \u00e9v\u00e9nements canisportifs locaux, r\u00e9gionaux et nationaux<\/li>\n \t<li>Encourager la relation ma\u00eetre-chien \u00e0 travers l\u2019activit\u00e9 physique<\/li>\n \t<li>Organiser des \u00e9v\u00e8nements et f\u00e9d\u00e9rer les pratiquants de tous clubs et tous horizons<\/li>\n<\/ul>\n<strong>\ud83d\udccd Nos terrains d\u2019aventure<\/strong>\n<ul>\n \t<li>For\u00eat de Fontainebleau, For\u00eat de La Commanderie (La Dame Jouanne), autres terrains praticables dans un p\u00e9rim\u00e8tre raisonnable<\/li>\n \t<li>Parcours vari\u00e9s : sentiers forestiers, monotraces, d\u00e9nivel\u00e9&#8230; terrains adapt\u00e9s en fonction de la discipline , du niveau et du type d&rsquo;entrainement<\/li>\n<\/ul>\n<strong>\ud83d\udc65 Pour qui ?<\/strong>\n<ul>\n \t<li>Duos sportifs : ma\u00eetres et chiens, d\u00e9butants ou confirm\u00e9s<\/li>\n \t<li>Adh\u00e9rents ou personnes souhaitant d\u00e9couvrir le canisport (pass d\u00e9couverte 3 s\u00e9ances, voir la page \u00ab\u00a0Doggy &#8211; adh\u00e9sion\u00a0\u00bb)<\/li>\n<\/ul>\n<strong>\ud83d\udcc5 Activit\u00e9s propos\u00e9es<\/strong>\n<ul>\n \t<li>Sorties hebdomadaires canisport (canicross, caniVTT, canitrotinette,\u00a0 canitrail, canimarche)<\/li>\n \t<li>S\u00e9ances loisir \/ s\u00e9ances techniques et \u00e9ducatives \/ s\u00e9ances pr\u00e9paration aux comp\u00e9titions&#8230;<\/li>\n \t<li>Participation aux comp\u00e9titions, selon le calendrier f\u00e9d\u00e9ral en vigueur<\/li>\n \t<li>Journ\u00e9es d\u00e9couverte, forum des associations,&#8230;<\/li>\n \t<li>Ev\u00e8nements club festifs et conviviaux, inter-disciplines et inter-sections<\/li>\n \t<li>Week-end montagne (mode rando-course ou randonn\u00e9e \/ groupes de niveaux)<\/li>\n<\/ul>\n&nbsp;\n<p data-start=\"264\" data-end=\"391\">\ud83d\udcf2 <strong data-start=\"267\" data-end=\"282\">En pratique<\/strong><br data-start=\"282\" data-end=\"285\" \/>Une fois inscrit(e), vous acc\u00e9dez \u00e0 notre groupe WhatsApp priv\u00e9. C\u2019est notre camp de base virtuel pour :<\/p>\n\n<ul data-start=\"392\" data-end=\"583\">\n \t<li data-start=\"392\" data-end=\"434\">\n<p data-start=\"394\" data-end=\"434\">Planifier les entra\u00eenements collectifs<\/p>\n<\/li>\n \t<li data-start=\"435\" data-end=\"478\">\n<p data-start=\"437\" data-end=\"478\">Partager le calendrier des comp\u00e9titions<\/p>\n<\/li>\n \t<li data-start=\"479\" data-end=\"523\">\n<p data-start=\"481\" data-end=\"523\">Organiser les d\u00e9placements et \u00e9v\u00e9nements<\/p>\n<\/li>\n \t<li data-start=\"524\" data-end=\"583\">\n<p data-start=\"526\" data-end=\"583\">\u00c9changer conseils, retours d\u2019exp\u00e9rience et bonne humeur !<\/p>\n<\/li>\n<\/ul>\t\t\t\t\t\t\t\t<\/div>\n\t\t\t\t<\/div>\n\t\t\t\t<\/div>\n\t\t","protected":false},"excerpt":{"rendered":"<p>Pr\u00e9sentation Doggy on the Rocks Doggy \u2013 Le Bureau de Section Doggy \u2013 adh\u00e9sion Doggy \u2013 Nos plannings Doggy \u2013 [&hellip;]<\/p>\n","protected":false},"author":1,"featured_media":0,"parent":0,"menu_order":0,"comment_status":"closed","ping_status":"closed","template":"","meta":{"site-sidebar-layout":"default","site-content-layout":"","ast-site-content-layout":"default","site-content-style":"default","site-sidebar-style":"default","ast-global-header-display":"","ast-banner-title-visibility":"","ast-main-header-display":"","ast-hfb-above-header-display":"","ast-hfb-below-header-display":"","ast-hfb-mobile-header-display":"","site-post-title":"disabled","ast-breadcrumbs-content":"","ast-featured-img":"","footer-sml-layout":"","theme-transparent-header-meta":"","adv-header-id-meta":"","stick-header-meta":"","header-above-stick-meta":"","header-main-stick-meta":"","header-below-stick-meta":"","astra-migrate-meta-layouts":"default","ast-page-background-enabled":"default","ast-page-background-meta":{"desktop":{"background-color":"var(--ast-global-color-5)","background-image":"","background-repeat":"repeat","background-position":"center center","background-size":"auto","background-attachment":"scroll","background-type":"","background-media":"","overlay-type":"","overlay-color":"","overlay-opacity":"","overlay-gradient":""},"tablet":{"background-color":"","background-image":"","background-repeat":"repeat","background-position":"center center","background-size":"auto","background-attachment":"scroll","background-type":"","background-media":"","overlay-type":"","overlay-color":"","overlay-opacity":"","overlay-gradient":""},"mobile":{"background-color":"","background-image":"","background-repeat":"repeat","background-position":"center center","background-size":"auto","background-attachment":"scroll","background-type":"","background-media":"","overlay-type":"","overlay-color":"","overlay-opacity":"","overlay-gradient":""}},"ast-content-background-meta":{"desktop":{"background-color":"var(--ast-global-color-4)","background-image":"","background-repeat":"repeat","background-position":"center center","background-size":"auto","background-attachment":"scroll","background-type":"","background-media":"","overlay-type":"","overlay-color":"","overlay-opacity":"","overlay-gradient":""},"tablet":{"background-color":"var(--ast-global-color-4)","background-image":"","background-repeat":"repeat","background-position":"center center","background-size":"auto","background-attachment":"scroll","background-type":"","background-media":"","overlay-type":"","overlay-color":"","overlay-opacity":"","overlay-gradient":""},"mobile":{"background-color":"var(--ast-global-color-4)","background-image":"","background-repeat":"repeat","background-position":"center center","background-size":"auto","background-attachment":"scroll","background-type":"","background-media":"","overlay-type":"","overlay-color":"","overlay-opacity":"","overlay-gradient":""}},"footnotes":""},"class_list":["post-29","page","type-page","status-publish","hentry"],"yoast_head":"<!-- This site is optimized with the Yoast SEO plugin v26.6 - https:\/\/yoast.com\/wordpress\/plugins\/seo\/ -->\n<title>Doggy - pr\u00e9sentation - Grand Parquet Endurance (GPE)<\/title>\n<meta name=\"robots\" content=\"index, follow, max-snippet:-1, max-image-preview:large, max-video-preview:-1\" \/>\n<link rel=\"canonical\" href=\"https:\/\/grandparquetendurance.com\/index.php\/canisport\/\" \/>\n<meta property=\"og:locale\" content=\"fr_FR\" \/>\n<meta property=\"og:type\" content=\"article\" \/>\n<meta property=\"og:title\" content=\"Doggy - pr\u00e9sentation - Grand Parquet Endurance (GPE)\" \/>\n<meta property=\"og:description\" content=\"Pr\u00e9sentation Doggy on the Rocks Doggy \u2013 Le Bureau de Section Doggy \u2013 adh\u00e9sion Doggy \u2013 Nos plannings Doggy \u2013 [&hellip;]\" \/>\n<meta property=\"og:url\" content=\"https:\/\/grandparquetendurance.com\/index.php\/canisport\/\" \/>\n<meta property=\"og:site_name\" content=\"Grand Parquet Endurance (GPE)\" \/>\n<meta property=\"article:modified_time\" content=\"2025-07-31T01:21:59+00:00\" \/>\n<meta property=\"og:image\" content=\"https:\/\/grandparquetendurance.com\/wp-content\/uploads\/2025\/07\/ADM-04.C01-Logo-FFSLC-fond-bleu.png\" \/>\n<meta name=\"twitter:card\" content=\"summary_large_image\" \/>\n<meta name=\"twitter:label1\" content=\"Dur\u00e9e de lecture estim\u00e9e\" \/>\n\t<meta name=\"twitter:data1\" content=\"2 minutes\" \/>\n<script type=\"application\/ld+json\" class=\"yoast-schema-graph\">{\"@context\":\"https:\/\/schema.org\",\"@graph\":[{\"@type\":\"WebPage\",\"@id\":\"https:\/\/grandparquetendurance.com\/index.php\/canisport\/\",\"url\":\"https:\/\/grandparquetendurance.com\/index.php\/canisport\/\",\"name\":\"Doggy - pr\u00e9sentation - Grand Parquet Endurance (GPE)\",\"isPartOf\":{\"@id\":\"https:\/\/grandparquetendurance.com\/#website\"},\"primaryImageOfPage\":{\"@id\":\"https:\/\/grandparquetendurance.com\/index.php\/canisport\/#primaryimage\"},\"image\":{\"@id\":\"https:\/\/grandparquetendurance.com\/index.php\/canisport\/#primaryimage\"},\"thumbnailUrl\":\"https:\/\/grandparquetendurance.com\/wp-content\/uploads\/2025\/07\/ADM-04.C01-Logo-FFSLC-fond-bleu.png\",\"datePublished\":\"2025-07-04T19:18:08+00:00\",\"dateModified\":\"2025-07-31T01:21:59+00:00\",\"breadcrumb\":{\"@id\":\"https:\/\/grandparquetendurance.com\/index.php\/canisport\/#breadcrumb\"},\"inLanguage\":\"fr-FR\",\"potentialAction\":[{\"@type\":\"ReadAction\",\"target\":[\"https:\/\/grandparquetendurance.com\/index.php\/canisport\/\"]}]},{\"@type\":\"ImageObject\",\"inLanguage\":\"fr-FR\",\"@id\":\"https:\/\/grandparquetendurance.com\/index.php\/canisport\/#primaryimage\",\"url\":\"https:\/\/grandparquetendurance.com\/wp-content\/uploads\/2025\/07\/ADM-04.C01-Logo-FFSLC-fond-bleu.png\",\"contentUrl\":\"https:\/\/grandparquetendurance.com\/wp-content\/uploads\/2025\/07\/ADM-04.C01-Logo-FFSLC-fond-bleu.png\",\"width\":2479,\"height\":2482},{\"@type\":\"BreadcrumbList\",\"@id\":\"https:\/\/grandparquetendurance.com\/index.php\/canisport\/#breadcrumb\",\"itemListElement\":[{\"@type\":\"ListItem\",\"position\":1,\"name\":\"Accueil\",\"item\":\"https:\/\/grandparquetendurance.com\/\"},{\"@type\":\"ListItem\",\"position\":2,\"name\":\"Doggy &#8211; pr\u00e9sentation\"}]},{\"@type\":\"WebSite\",\"@id\":\"https:\/\/grandparquetendurance.com\/#website\",\"url\":\"https:\/\/grandparquetendurance.com\/\",\"name\":\"Grand Parquet Endurance (GPE)\",\"description\":\"Au coeur du sport outdoor...\",\"potentialAction\":[{\"@type\":\"SearchAction\",\"target\":{\"@type\":\"EntryPoint\",\"urlTemplate\":\"https:\/\/grandparquetendurance.com\/?s={search_term_string}\"},\"query-input\":{\"@type\":\"PropertyValueSpecification\",\"valueRequired\":true,\"valueName\":\"search_term_string\"}}],\"inLanguage\":\"fr-FR\"}]}<\/script>\n<!-- \/ Yoast SEO plugin. -->","yoast_head_json":{"title":"Doggy - pr\u00e9sentation - Grand Parquet Endurance (GPE)","robots":{"index":"index","follow":"follow","max-snippet":"max-snippet:-1","max-image-preview":"max-image-preview:large","max-video-preview":"max-video-preview:-1"},"canonical":"https:\/\/grandparquetendurance.com\/index.php\/canisport\/","og_locale":"fr_FR","og_type":"article","og_title":"Doggy - pr\u00e9sentation - Grand Parquet Endurance (GPE)","og_description":"Pr\u00e9sentation Doggy on the Rocks Doggy \u2013 Le Bureau de Section Doggy \u2013 adh\u00e9sion Doggy \u2013 Nos plannings Doggy \u2013 [&hellip;]","og_url":"https:\/\/grandparquetendurance.com\/index.php\/canisport\/","og_site_name":"Grand Parquet Endurance (GPE)","article_modified_time":"2025-07-31T01:21:59+00:00","og_image":[{"url":"https:\/\/grandparquetendurance.com\/wp-content\/uploads\/2025\/07\/ADM-04.C01-Logo-FFSLC-fond-bleu.png","type":"","width":"","height":""}],"twitter_card":"summary_large_image","twitter_misc":{"Dur\u00e9e de lecture estim\u00e9e":"2 minutes"},"schema":{"@context":"https:\/\/schema.org","@graph":[{"@type":"WebPage","@id":"https:\/\/grandparquetendurance.com\/index.php\/canisport\/","url":"https:\/\/grandparquetendurance.com\/index.php\/canisport\/","name":"Doggy - pr\u00e9sentation - Grand Parquet Endurance (GPE)","isPartOf":{"@id":"https:\/\/grandparquetendurance.com\/#website"},"primaryImageOfPage":{"@id":"https:\/\/grandparquetendurance.com\/index.php\/canisport\/#primaryimage"},"image":{"@id":"https:\/\/grandparquetendurance.com\/index.php\/canisport\/#primaryimage"},"thumbnailUrl":"https:\/\/grandparquetendurance.com\/wp-content\/uploads\/2025\/07\/ADM-04.C01-Logo-FFSLC-fond-bleu.png","datePublished":"2025-07-04T19:18:08+00:00","dateModified":"2025-07-31T01:21:59+00:00","breadcrumb":{"@id":"https:\/\/grandparquetendurance.com\/index.php\/canisport\/#breadcrumb"},"inLanguage":"fr-FR","potentialAction":[{"@type":"ReadAction","target":["https:\/\/grandparquetendurance.com\/index.php\/canisport\/"]}]},{"@type":"ImageObject","inLanguage":"fr-FR","@id":"https:\/\/grandparquetendurance.com\/index.php\/canisport\/#primaryimage","url":"https:\/\/grandparquetendurance.com\/wp-content\/uploads\/2025\/07\/ADM-04.C01-Logo-FFSLC-fond-bleu.png","contentUrl":"https:\/\/grandparquetendurance.com\/wp-content\/uploads\/2025\/07\/ADM-04.C01-Logo-FFSLC-fond-bleu.png","width":2479,"height":2482},{"@type":"BreadcrumbList","@id":"https:\/\/grandparquetendurance.com\/index.php\/canisport\/#breadcrumb","itemListElement":[{"@type":"ListItem","position":1,"name":"Accueil","item":"https:\/\/grandparquetendurance.com\/"},{"@type":"ListItem","position":2,"name":"Doggy &#8211; pr\u00e9sentation"}]},{"@type":"WebSite","@id":"https:\/\/grandparquetendurance.com\/#website","url":"https:\/\/grandparquetendurance.com\/","name":"Grand Parquet Endurance (GPE)","description":"Au coeur du sport outdoor...","potentialAction":[{"@type":"SearchAction","target":{"@type":"EntryPoint","urlTemplate":"https:\/\/grandparquetendurance.com\/?s={search_term_string}"},"query-input":{"@type":"PropertyValueSpecification","valueRequired":true,"valueName":"search_term_string"}}],"inLanguage":"fr-FR"}]}},"_links":{"self":[{"href":"https:\/\/grandparquetendurance.com\/index.php\/wp-json\/wp\/v2\/pages\/29","targetHints":{"allow":["GET"]}}],"collection":[{"href":"https:\/\/grandparquetendurance.com\/index.php\/wp-json\/wp\/v2\/pages"}],"about":[{"href":"https:\/\/grandparquetendurance.com\/index.php\/wp-json\/wp\/v2\/types\/page"}],"author":[{"embeddable":true,"href":"https:\/\/grandparquetendurance.com\/index.php\/wp-json\/wp\/v2\/users\/1"}],"replies":[{"embeddable":true,"href":"https:\/\/grandparquetendurance.com\/index.php\/wp-json\/wp\/v2\/comments?post=29"}],"version-history":[{"count":123,"href":"https:\/\/grandparquetendurance.com\/index.php\/wp-json\/wp\/v2\/pages\/29\/revisions"}],"predecessor-version":[{"id":1488,"href":"https:\/\/grandparquetendurance.com\/index.php\/wp-json\/wp\/v2\/pages\/29\/revisions\/1488"}],"wp:attachment":[{"href":"https:\/\/grandparquetendurance.com\/index.php\/wp-json\/wp\/v2\/media?parent=29"}],"curies":[{"name":"wp","href":"https:\/\/api.w.org\/{rel}","templated":true}]}}