{"id":286,"date":"2025-07-06T00:03:34","date_gmt":"2025-07-05T22:03:34","guid":{"rendered":"https:\/\/grandparquetendurance.com\/?page_id=286"},"modified":"2025-07-31T03:25:15","modified_gmt":"2025-07-31T01:25:15","slug":"doggy-le-bureau-de-section","status":"publish","type":"page","link":"https:\/\/grandparquetendurance.com\/index.php\/doggy-le-bureau-de-section\/","title":{"rendered":"Doggy &#8211; Le Bureau de Section"},"content":{"rendered":"\t\t<div data-elementor-type=\"wp-page\" data-elementor-id=\"286\" class=\"elementor elementor-286\">\n\t\t\t\t<div class=\"elementor-element elementor-element-233817f e-flex e-con-boxed e-con e-parent\" data-id=\"233817f\" data-element_type=\"container\">\n\t\t\t\t\t<div class=\"e-con-inner\">\n\t\t\t\t<div class=\"elementor-element elementor-element-62e8ea3 elementor-widget elementor-widget-heading\" data-id=\"62e8ea3\" data-element_type=\"widget\" data-widget_type=\"heading.default\">\n\t\t\t\t\t<h1 class=\"elementor-heading-title elementor-size-default\">\ud83d\udc3e Le Bureau de la section Canisport \u2013 Doggy on the Rocks<\/h1>\t\t\t\t<\/div>\n\t\t\t\t\t<\/div>\n\t\t\t\t<\/div>\n\t\t<div class=\"elementor-element elementor-element-46dd7c8 e-flex e-con-boxed e-con e-parent\" data-id=\"46dd7c8\" data-element_type=\"container\">\n\t\t\t\t\t<div class=\"e-con-inner\">\n\t\t\t\t<div class=\"elementor-element elementor-element-82be4a0 elementor-widget elementor-widget-spacer\" data-id=\"82be4a0\" data-element_type=\"widget\" data-widget_type=\"spacer.default\">\n\t\t\t\t\t\t\t<div class=\"elementor-spacer\">\n\t\t\t<div class=\"elementor-spacer-inner\"><\/div>\n\t\t<\/div>\n\t\t\t\t\t\t<\/div>\n\t\t\t\t<div class=\"elementor-element elementor-element-905555d elementor-widget elementor-widget-text-editor\" data-id=\"905555d\" data-element_type=\"widget\" data-widget_type=\"text-editor.default\">\n\t\t\t\t\t\t\t\t\t<p><span style=\"color: #215732;\">Le bureau coordonne la vie de la section, assure son bon fonctionnement administratif, sportif et financier, et veille \u00e0 repr\u00e9senter ses adh\u00e9rents aupr\u00e8s de GPE.<\/span><\/p><p><span style=\"color: #215732;\">Il est \u00e9lu pour 3 ans lors de l&rsquo;Assembl\u00e9e G\u00e9n\u00e9rale de la section.\u00a0<\/span><\/p><p><span style=\"color: #215732;\">L&rsquo;Assembl\u00e9e G\u00e9n\u00e9rale constitutive a eu lieu le 24 juin 2025. Le bureau actuel est \u00e9lu jusqu&rsquo;en 2028.<\/span><\/p>\t\t\t\t\t\t\t\t<\/div>\n\t\t\t\t<div class=\"elementor-element elementor-element-e5c1254 elementor-widget elementor-widget-spacer\" data-id=\"e5c1254\" data-element_type=\"widget\" data-widget_type=\"spacer.default\">\n\t\t\t\t\t\t\t<div class=\"elementor-spacer\">\n\t\t\t<div class=\"elementor-spacer-inner\"><\/div>\n\t\t<\/div>\n\t\t\t\t\t\t<\/div>\n\t\t\t\t\t<\/div>\n\t\t\t\t<\/div>\n\t\t<div class=\"elementor-element elementor-element-ece1332 e-flex e-con-boxed e-con e-parent\" data-id=\"ece1332\" data-element_type=\"container\">\n\t\t\t\t\t<div class=\"e-con-inner\">\n\t\t\t\t<div class=\"elementor-element elementor-element-d04bf13 elementor-widget elementor-widget-heading\" data-id=\"d04bf13\" data-element_type=\"widget\" data-widget_type=\"heading.default\">\n\t\t\t\t\t<h2 class=\"elementor-heading-title elementor-size-default\"><h1 data-elementor-setting-key=\"title\" data-pen-placeholder=\"\u00c9crivez ici...\" style=\"font-style: normal;font-weight: 600;font-family: Roboto, sans-serif\">\ud83d\udc3e Composition du Bureau actuel \u2013 Doggy on the Rocks<span style=\"font-size: 1.875rem;font-style: inherit\"><\/span><\/h1><\/h2>\t\t\t\t<\/div>\n\t\t\t\t\t<\/div>\n\t\t\t\t<\/div>\n\t\t<div class=\"elementor-element elementor-element-efde062 e-flex e-con-boxed e-con e-parent\" data-id=\"efde062\" data-element_type=\"container\">\n\t\t\t\t\t<div class=\"e-con-inner\">\n\t\t\t\t<div class=\"elementor-element elementor-element-8877526 elementor-widget elementor-widget-html\" data-id=\"8877526\" data-element_type=\"widget\" data-widget_type=\"html.default\">\n\t\t\t\t\t<div style=\"max-width: 900px; margin: 0 auto; padding: 20px;\">\r\n  <h2 style=\"text-align: center; color: #2a4333; margin-bottom: 30px;\"> <\/h2>\r\n\r\n\r\n  <!-- Responsable de section -->\r\n  <div style=\"display: flex; align-items: flex-start; gap: 20px; margin-bottom: 30px; flex-wrap: wrap;\">\r\n    <img decoding=\"async\" src=\"https:\/\/grandparquetendurance.com\/wp-content\/uploads\/2025\/07\/Resp-section-1.jpg\" alt=\"Photo Responsable\" style=\"width: 160px; height: 160px; border-radius: 12px; object-fit: cover;\" \/>\r\n    <div>\r\n      <h2 style=\"margin: 0; color: #2155732;\">Responsable de section \u2013 Agn\u00e8s Le Gall<\/h2>\r\n      <p style=\"margin: 8px 0;\">\r\n        Coordonne les activit\u00e9s canisportives et repr\u00e9sente la section aupr\u00e8s de GPE.\r\n      <\/p>\r\n      <ul style=\"margin: 0; padding-left: 20px;\">\r\n        <li>\u2714 Supervise les activit\u00e9s et les budgets<\/li>\r\n        <li>\u2714 Veille au respect des r\u00e8gles<\/li>\r\n        <li>\u2714 Pr\u00e9pare le rapport d'activit\u00e9 annuel<\/li>\r\n      <\/ul>\r\n    <\/div>\r\n  <\/div>\r\n<br><\/br>\r\n  <!-- Tr\u00e9sorier -->\r\n  <div style=\"display: flex; align-items: flex-start; gap: 20px; margin-bottom: 30px; flex-wrap: wrap;\">\r\n    <img decoding=\"async\" src=\"https:\/\/grandparquetendurance.com\/wp-content\/uploads\/2025\/07\/Tresorier.jpg\" alt=\"Photo Tr\u00e9sorier\" style=\"width: 160px; height: 160px; border-radius: 12px; object-fit: cover;\" \/>\r\n    <div>\r\n      <h2 style=\"margin: 0; color: #2155732;\">Tr\u00e9sorier \u2013 Gilles Cabardos<\/h2>\r\n      <p style=\"margin: 8px 0;\">\r\n        G\u00e8re le budget et les d\u00e9penses de la section en lien avec le Tr\u00e9sorier g\u00e9n\u00e9ral de GPE.\r\n      <\/p>\r\n      <ul style=\"margin: 0; padding-left: 20px;\">\r\n        <li>\u2714 Suit la comptabilit\u00e9 de la section<\/li>\r\n        <li>\u2714 Pr\u00e9pare le bilan et le budget pr\u00e9visionnel<\/li>\r\n        <li>\u2714 Contr\u00f4le les d\u00e9penses dans le cadre autoris\u00e9<\/li>\r\n      <\/ul>\r\n    <\/div>\r\n  <\/div>\r\n<br><\/br>\r\n  <!-- Secr\u00e9taire -->\r\n  <div style=\"display: flex; align-items: flex-start; gap: 20px; margin-bottom: 30px; flex-wrap: wrap;\">\r\n    <img decoding=\"async\" src=\"https:\/\/grandparquetendurance.com\/wp-content\/uploads\/2025\/07\/Secretaire.jpg\" alt=\"Photo Secr\u00e9taire\" style=\"width: 160px; height: 160px; border-radius: 12px; object-fit: cover;\" \/>\r\n    <div>\r\n      <h2 style=\"margin: 0; color: #2155732;\">Secr\u00e9taire \u2013 C\u00e9line Dellis<\/h2>\r\n      <p style=\"margin: 8px 0;\">\r\n        G\u00e8re les inscriptions, les convocations et la r\u00e9daction des comptes rendus.\r\n      <\/p>\r\n      <ul style=\"margin: 0; padding-left: 20px;\">\r\n        <li>\u2714 Suit les adh\u00e9sions et les exclusions<\/li>\r\n        <li>\u2714 Coordonne la communication interne<\/li>\r\n        <li>\u2714 Participe \u00e0 la r\u00e9daction du rapport d\u2019activit\u00e9<\/li>\r\n      <\/ul>\r\n    <\/div>\r\n  <\/div>\r\n<\/div>\t\t\t\t<\/div>\n\t\t\t\t\t<\/div>\n\t\t\t\t<\/div>\n\t\t<div class=\"elementor-element elementor-element-28411c7 e-flex e-con-boxed e-con e-parent\" data-id=\"28411c7\" data-element_type=\"container\">\n\t\t\t\t\t<div class=\"e-con-inner\">\n\t\t\t\t<div class=\"elementor-element elementor-element-3504e20 elementor-widget elementor-widget-spacer\" data-id=\"3504e20\" data-element_type=\"widget\" data-widget_type=\"spacer.default\">\n\t\t\t\t\t\t\t<div class=\"elementor-spacer\">\n\t\t\t<div class=\"elementor-spacer-inner\"><\/div>\n\t\t<\/div>\n\t\t\t\t\t\t<\/div>\n\t\t\t\t\t<\/div>\n\t\t\t\t<\/div>\n\t\t<div class=\"elementor-element elementor-element-ca8772d e-flex e-con-boxed e-con e-parent\" data-id=\"ca8772d\" data-element_type=\"container\">\n\t\t\t\t\t<div class=\"e-con-inner\">\n\t\t\t\t<div class=\"elementor-element elementor-element-fff3ac4 elementor-align-center elementor-widget elementor-widget-button\" data-id=\"fff3ac4\" data-element_type=\"widget\" data-widget_type=\"button.default\">\n\t\t\t\t\t\t\t\t\t\t<a class=\"elementor-button elementor-button-link elementor-size-sm\" href=\"https:\/\/grandparquetendurance.com\/index.php\/canisport\/\">\n\t\t\t\t\t\t<span class=\"elementor-button-content-wrapper\">\n\t\t\t\t\t\t<span class=\"elementor-button-icon\">\n\t\t\t\t<svg aria-hidden=\"true\" class=\"e-font-icon-svg e-far-caret-square-left\" viewBox=\"0 0 448 512\" xmlns=\"http:\/\/www.w3.org\/2000\/svg\"><path d=\"M272 157.1v197.8c0 10.7-13 16.1-20.5 8.5l-98.3-98.9c-4.7-4.7-4.7-12.2 0-16.9l98.3-98.9c7.5-7.7 20.5-2.3 20.5 8.4zM448 80v352c0 26.5-21.5 48-48 48H48c-26.5 0-48-21.5-48-48V80c0-26.5 21.5-48 48-48h352c26.5 0 48 21.5 48 48zm-48 346V86c0-3.3-2.7-6-6-6H54c-3.3 0-6 2.7-6 6v340c0 3.3 2.7 6 6 6h340c3.3 0 6-2.7 6-6z\"><\/path><\/svg>\t\t\t<\/span>\n\t\t\t\t\t\t\t\t\t<span class=\"elementor-button-text\">Retour menu<\/span>\n\t\t\t\t\t<\/span>\n\t\t\t\t\t<\/a>\n\t\t\t\t\t\t\t\t<\/div>\n\t\t\t\t\t<\/div>\n\t\t\t\t<\/div>\n\t\t\t\t<\/div>\n\t\t","protected":false},"excerpt":{"rendered":"<p>\ud83d\udc3e Le Bureau de la section Canisport \u2013 Doggy on the Rocks Le bureau coordonne la vie de la section, [&hellip;]<\/p>\n","protected":false},"author":1,"featured_media":0,"parent":0,"menu_order":0,"comment_status":"closed","ping_status":"closed","template":"","meta":{"site-sidebar-layout":"no-sidebar","site-content-layout":"","ast-site-content-layout":"full-width-container","site-content-style":"default","site-sidebar-style":"default","ast-global-header-display":"","ast-banner-title-visibility":"","ast-main-header-display":"","ast-hfb-above-header-display":"","ast-hfb-below-header-display":"","ast-hfb-mobile-header-display":"","site-post-title":"disabled","ast-breadcrumbs-content":"","ast-featured-img":"disabled","footer-sml-layout":"","theme-transparent-header-meta":"","adv-header-id-meta":"","stick-header-meta":"","header-above-stick-meta":"","header-main-stick-meta":"","header-below-stick-meta":"","astra-migrate-meta-layouts":"default","ast-page-background-enabled":"default","ast-page-background-meta":{"desktop":{"background-color":"var(--ast-global-color-5)","background-image":"","background-repeat":"repeat","background-position":"center center","background-size":"auto","background-attachment":"scroll","background-type":"","background-media":"","overlay-type":"","overlay-color":"","overlay-opacity":"","overlay-gradient":""},"tablet":{"background-color":"","background-image":"","background-repeat":"repeat","background-position":"center center","background-size":"auto","background-attachment":"scroll","background-type":"","background-media":"","overlay-type":"","overlay-color":"","overlay-opacity":"","overlay-gradient":""},"mobile":{"background-color":"","background-image":"","background-repeat":"repeat","background-position":"center center","background-size":"auto","background-attachment":"scroll","background-type":"","background-media":"","overlay-type":"","overlay-color":"","overlay-opacity":"","overlay-gradient":""}},"ast-content-background-meta":{"desktop":{"background-color":"var(--ast-global-color-4)","background-image":"","background-repeat":"repeat","background-position":"center center","background-size":"auto","background-attachment":"scroll","background-type":"","background-media":"","overlay-type":"","overlay-color":"","overlay-opacity":"","overlay-gradient":""},"tablet":{"background-color":"var(--ast-global-color-4)","background-image":"","background-repeat":"repeat","background-position":"center center","background-size":"auto","background-attachment":"scroll","background-type":"","background-media":"","overlay-type":"","overlay-color":"","overlay-opacity":"","overlay-gradient":""},"mobile":{"background-color":"var(--ast-global-color-4)","background-image":"","background-repeat":"repeat","background-position":"center center","background-size":"auto","background-attachment":"scroll","background-type":"","background-media":"","overlay-type":"","overlay-color":"","overlay-opacity":"","overlay-gradient":""}},"footnotes":""},"class_list":["post-286","page","type-page","status-publish","hentry"],"yoast_head":"<!-- This site is optimized with the Yoast SEO plugin v26.6 - https:\/\/yoast.com\/wordpress\/plugins\/seo\/ -->\n<title>Doggy - Le Bureau de Section - Grand Parquet Endurance (GPE)<\/title>\n<meta name=\"robots\" content=\"index, follow, max-snippet:-1, max-image-preview:large, max-video-preview:-1\" \/>\n<link rel=\"canonical\" href=\"https:\/\/grandparquetendurance.com\/index.php\/doggy-le-bureau-de-section\/\" \/>\n<meta property=\"og:locale\" content=\"fr_FR\" \/>\n<meta property=\"og:type\" content=\"article\" \/>\n<meta property=\"og:title\" content=\"Doggy - Le Bureau de Section - Grand Parquet Endurance (GPE)\" \/>\n<meta property=\"og:description\" content=\"\ud83d\udc3e Le Bureau de la section Canisport \u2013 Doggy on the Rocks Le bureau coordonne la vie de la section, [&hellip;]\" \/>\n<meta property=\"og:url\" content=\"https:\/\/grandparquetendurance.com\/index.php\/doggy-le-bureau-de-section\/\" \/>\n<meta property=\"og:site_name\" content=\"Grand Parquet Endurance (GPE)\" \/>\n<meta property=\"article:modified_time\" content=\"2025-07-31T01:25:15+00:00\" \/>\n<meta property=\"og:image\" content=\"https:\/\/grandparquetendurance.com\/wp-content\/uploads\/2025\/07\/Resp-section-1.jpg\" \/>\n<meta name=\"twitter:card\" content=\"summary_large_image\" \/>\n<meta name=\"twitter:label1\" content=\"Dur\u00e9e de lecture estim\u00e9e\" \/>\n\t<meta name=\"twitter:data1\" content=\"1 minute\" \/>\n<script type=\"application\/ld+json\" class=\"yoast-schema-graph\">{\"@context\":\"https:\/\/schema.org\",\"@graph\":[{\"@type\":\"WebPage\",\"@id\":\"https:\/\/grandparquetendurance.com\/index.php\/doggy-le-bureau-de-section\/\",\"url\":\"https:\/\/grandparquetendurance.com\/index.php\/doggy-le-bureau-de-section\/\",\"name\":\"Doggy - Le Bureau de Section - Grand Parquet Endurance (GPE)\",\"isPartOf\":{\"@id\":\"https:\/\/grandparquetendurance.com\/#website\"},\"primaryImageOfPage\":{\"@id\":\"https:\/\/grandparquetendurance.com\/index.php\/doggy-le-bureau-de-section\/#primaryimage\"},\"image\":{\"@id\":\"https:\/\/grandparquetendurance.com\/index.php\/doggy-le-bureau-de-section\/#primaryimage\"},\"thumbnailUrl\":\"https:\/\/grandparquetendurance.com\/wp-content\/uploads\/2025\/07\/Resp-section-1.jpg\",\"datePublished\":\"2025-07-05T22:03:34+00:00\",\"dateModified\":\"2025-07-31T01:25:15+00:00\",\"breadcrumb\":{\"@id\":\"https:\/\/grandparquetendurance.com\/index.php\/doggy-le-bureau-de-section\/#breadcrumb\"},\"inLanguage\":\"fr-FR\",\"potentialAction\":[{\"@type\":\"ReadAction\",\"target\":[\"https:\/\/grandparquetendurance.com\/index.php\/doggy-le-bureau-de-section\/\"]}]},{\"@type\":\"ImageObject\",\"inLanguage\":\"fr-FR\",\"@id\":\"https:\/\/grandparquetendurance.com\/index.php\/doggy-le-bureau-de-section\/#primaryimage\",\"url\":\"https:\/\/grandparquetendurance.com\/wp-content\/uploads\/2025\/07\/Resp-section-1.jpg\",\"contentUrl\":\"https:\/\/grandparquetendurance.com\/wp-content\/uploads\/2025\/07\/Resp-section-1.jpg\",\"width\":1365,\"height\":1529},{\"@type\":\"BreadcrumbList\",\"@id\":\"https:\/\/grandparquetendurance.com\/index.php\/doggy-le-bureau-de-section\/#breadcrumb\",\"itemListElement\":[{\"@type\":\"ListItem\",\"position\":1,\"name\":\"Accueil\",\"item\":\"https:\/\/grandparquetendurance.com\/\"},{\"@type\":\"ListItem\",\"position\":2,\"name\":\"Doggy &#8211; Le Bureau de Section\"}]},{\"@type\":\"WebSite\",\"@id\":\"https:\/\/grandparquetendurance.com\/#website\",\"url\":\"https:\/\/grandparquetendurance.com\/\",\"name\":\"Grand Parquet Endurance (GPE)\",\"description\":\"Au coeur du sport outdoor...\",\"potentialAction\":[{\"@type\":\"SearchAction\",\"target\":{\"@type\":\"EntryPoint\",\"urlTemplate\":\"https:\/\/grandparquetendurance.com\/?s={search_term_string}\"},\"query-input\":{\"@type\":\"PropertyValueSpecification\",\"valueRequired\":true,\"valueName\":\"search_term_string\"}}],\"inLanguage\":\"fr-FR\"}]}<\/script>\n<!-- \/ Yoast SEO plugin. -->","yoast_head_json":{"title":"Doggy - Le Bureau de Section - Grand Parquet Endurance (GPE)","robots":{"index":"index","follow":"follow","max-snippet":"max-snippet:-1","max-image-preview":"max-image-preview:large","max-video-preview":"max-video-preview:-1"},"canonical":"https:\/\/grandparquetendurance.com\/index.php\/doggy-le-bureau-de-section\/","og_locale":"fr_FR","og_type":"article","og_title":"Doggy - Le Bureau de Section - Grand Parquet Endurance (GPE)","og_description":"\ud83d\udc3e Le Bureau de la section Canisport \u2013 Doggy on the Rocks Le bureau coordonne la vie de la section, [&hellip;]","og_url":"https:\/\/grandparquetendurance.com\/index.php\/doggy-le-bureau-de-section\/","og_site_name":"Grand Parquet Endurance (GPE)","article_modified_time":"2025-07-31T01:25:15+00:00","og_image":[{"url":"https:\/\/grandparquetendurance.com\/wp-content\/uploads\/2025\/07\/Resp-section-1.jpg","type":"","width":"","height":""}],"twitter_card":"summary_large_image","twitter_misc":{"Dur\u00e9e de lecture estim\u00e9e":"1 minute"},"schema":{"@context":"https:\/\/schema.org","@graph":[{"@type":"WebPage","@id":"https:\/\/grandparquetendurance.com\/index.php\/doggy-le-bureau-de-section\/","url":"https:\/\/grandparquetendurance.com\/index.php\/doggy-le-bureau-de-section\/","name":"Doggy - Le Bureau de Section - Grand Parquet Endurance (GPE)","isPartOf":{"@id":"https:\/\/grandparquetendurance.com\/#website"},"primaryImageOfPage":{"@id":"https:\/\/grandparquetendurance.com\/index.php\/doggy-le-bureau-de-section\/#primaryimage"},"image":{"@id":"https:\/\/grandparquetendurance.com\/index.php\/doggy-le-bureau-de-section\/#primaryimage"},"thumbnailUrl":"https:\/\/grandparquetendurance.com\/wp-content\/uploads\/2025\/07\/Resp-section-1.jpg","datePublished":"2025-07-05T22:03:34+00:00","dateModified":"2025-07-31T01:25:15+00:00","breadcrumb":{"@id":"https:\/\/grandparquetendurance.com\/index.php\/doggy-le-bureau-de-section\/#breadcrumb"},"inLanguage":"fr-FR","potentialAction":[{"@type":"ReadAction","target":["https:\/\/grandparquetendurance.com\/index.php\/doggy-le-bureau-de-section\/"]}]},{"@type":"ImageObject","inLanguage":"fr-FR","@id":"https:\/\/grandparquetendurance.com\/index.php\/doggy-le-bureau-de-section\/#primaryimage","url":"https:\/\/grandparquetendurance.com\/wp-content\/uploads\/2025\/07\/Resp-section-1.jpg","contentUrl":"https:\/\/grandparquetendurance.com\/wp-content\/uploads\/2025\/07\/Resp-section-1.jpg","width":1365,"height":1529},{"@type":"BreadcrumbList","@id":"https:\/\/grandparquetendurance.com\/index.php\/doggy-le-bureau-de-section\/#breadcrumb","itemListElement":[{"@type":"ListItem","position":1,"name":"Accueil","item":"https:\/\/grandparquetendurance.com\/"},{"@type":"ListItem","position":2,"name":"Doggy &#8211; Le Bureau de Section"}]},{"@type":"WebSite","@id":"https:\/\/grandparquetendurance.com\/#website","url":"https:\/\/grandparquetendurance.com\/","name":"Grand Parquet Endurance (GPE)","description":"Au coeur du sport outdoor...","potentialAction":[{"@type":"SearchAction","target":{"@type":"EntryPoint","urlTemplate":"https:\/\/grandparquetendurance.com\/?s={search_term_string}"},"query-input":{"@type":"PropertyValueSpecification","valueRequired":true,"valueName":"search_term_string"}}],"inLanguage":"fr-FR"}]}},"_links":{"self":[{"href":"https:\/\/grandparquetendurance.com\/index.php\/wp-json\/wp\/v2\/pages\/286","targetHints":{"allow":["GET"]}}],"collection":[{"href":"https:\/\/grandparquetendurance.com\/index.php\/wp-json\/wp\/v2\/pages"}],"about":[{"href":"https:\/\/grandparquetendurance.com\/index.php\/wp-json\/wp\/v2\/types\/page"}],"author":[{"embeddable":true,"href":"https:\/\/grandparquetendurance.com\/index.php\/wp-json\/wp\/v2\/users\/1"}],"replies":[{"embeddable":true,"href":"https:\/\/grandparquetendurance.com\/index.php\/wp-json\/wp\/v2\/comments?post=286"}],"version-history":[{"count":50,"href":"https:\/\/grandparquetendurance.com\/index.php\/wp-json\/wp\/v2\/pages\/286\/revisions"}],"predecessor-version":[{"id":1494,"href":"https:\/\/grandparquetendurance.com\/index.php\/wp-json\/wp\/v2\/pages\/286\/revisions\/1494"}],"wp:attachment":[{"href":"https:\/\/grandparquetendurance.com\/index.php\/wp-json\/wp\/v2\/media?parent=286"}],"curies":[{"name":"wp","href":"https:\/\/api.w.org\/{rel}","templated":true}]}}