{"id":160,"date":"2025-07-05T12:23:33","date_gmt":"2025-07-05T10:23:33","guid":{"rendered":"https:\/\/grandparquetendurance.com\/?page_id=160"},"modified":"2025-07-31T16:42:26","modified_gmt":"2025-07-31T14:42:26","slug":"le-conseil-dadministration","status":"publish","type":"page","link":"https:\/\/grandparquetendurance.com\/index.php\/le-conseil-dadministration\/","title":{"rendered":"GPE &#8211; Le Conseil d&rsquo;Administration"},"content":{"rendered":"\t\t<div data-elementor-type=\"wp-page\" data-elementor-id=\"160\" class=\"elementor elementor-160\">\n\t\t\t\t<div class=\"elementor-element elementor-element-e4dfe33 e-flex e-con-boxed e-con e-parent\" data-id=\"e4dfe33\" data-element_type=\"container\">\n\t\t\t\t\t<div class=\"e-con-inner\">\n\t\t\t\t<div class=\"elementor-element elementor-element-940ae52 elementor-widget elementor-widget-heading\" data-id=\"940ae52\" data-element_type=\"widget\" data-widget_type=\"heading.default\">\n\t\t\t\t\t<h1 class=\"elementor-heading-title elementor-size-default\">\ud83d\udc3e Le Conseil d'Administration de Grand Parquet Endurance<\/h1>\t\t\t\t<\/div>\n\t\t\t\t\t<\/div>\n\t\t\t\t<\/div>\n\t\t<div class=\"elementor-element elementor-element-6d8d103 e-flex e-con-boxed e-con e-parent\" data-id=\"6d8d103\" data-element_type=\"container\">\n\t\t\t\t\t<div class=\"e-con-inner\">\n\t\t\t\t<div class=\"elementor-element elementor-element-81b5214 elementor-widget elementor-widget-spacer\" data-id=\"81b5214\" data-element_type=\"widget\" data-widget_type=\"spacer.default\">\n\t\t\t\t\t\t\t<div class=\"elementor-spacer\">\n\t\t\t<div class=\"elementor-spacer-inner\"><\/div>\n\t\t<\/div>\n\t\t\t\t\t\t<\/div>\n\t\t\t\t\t<\/div>\n\t\t\t\t<\/div>\n\t\t<div class=\"elementor-element elementor-element-76e975d e-flex e-con-boxed e-con e-parent\" data-id=\"76e975d\" data-element_type=\"container\">\n\t\t\t\t\t<div class=\"e-con-inner\">\n\t\t\t\t<div class=\"elementor-element elementor-element-1224ff0 elementor-widget elementor-widget-text-editor\" data-id=\"1224ff0\" data-element_type=\"widget\" data-widget_type=\"text-editor.default\">\n\t\t\t\t\t\t\t\t\t<p><span style=\"color: #215732;\">Le Conseil d\u2019Administration (CA) g\u00e8re la gouvernance de l\u2019association m\u00e8re. Il inclut deux repr\u00e9sentants par section sportive en tant que membres \u00e9lus des sections, \u00e0 c\u00f4t\u00e9 de membres d\u00e9sign\u00e9s par l\u2019Assembl\u00e9e G\u00e9n\u00e9rale Ordinaire de l\u2019association m\u00e8re. Le Conseil a notamment pour objet de mettre en \u0153uvre les d\u00e9cisions de l\u2019assembl\u00e9e g\u00e9n\u00e9rale, d\u2019organiser et d\u2019animer la vie de l\u2019association dans le cadre fix\u00e9 par les statuts.<\/span><\/p><p><span style=\"font-style: inherit; font-weight: inherit; color: #215732;\">Le Conseil d\u2019Administration d\u00e9l\u00e9guera aux sections et \u00e0 leur bureau respectif les d\u00e9penses courantes de bon fonctionnement.<\/span><\/p><p><span style=\"color: #215732;\">Il est \u00e9lu pour 4 ans lors de l&rsquo;Assembl\u00e9e G\u00e9n\u00e9rale de GPE (association m\u00e8re).\u00a0<\/span><\/p><p><span style=\"color: #215732;\">La derni\u00e8re Assembl\u00e9e G\u00e9n\u00e9rale s&rsquo;est tenue le 21 juin 2025. Le CA actuel est \u00e9lu jusqu&rsquo;en 2029.<\/span><\/p>\t\t\t\t\t\t\t\t<\/div>\n\t\t\t\t\t<\/div>\n\t\t\t\t<\/div>\n\t\t<div class=\"elementor-element elementor-element-9f0d345 e-flex e-con-boxed e-con e-parent\" data-id=\"9f0d345\" data-element_type=\"container\">\n\t\t\t\t\t<div class=\"e-con-inner\">\n\t\t\t\t<div class=\"elementor-element elementor-element-ff6cdb5 elementor-widget elementor-widget-spacer\" data-id=\"ff6cdb5\" data-element_type=\"widget\" data-widget_type=\"spacer.default\">\n\t\t\t\t\t\t\t<div class=\"elementor-spacer\">\n\t\t\t<div class=\"elementor-spacer-inner\"><\/div>\n\t\t<\/div>\n\t\t\t\t\t\t<\/div>\n\t\t\t\t\t<\/div>\n\t\t\t\t<\/div>\n\t\t<div class=\"elementor-element elementor-element-90c07ba e-flex e-con-boxed e-con e-parent\" data-id=\"90c07ba\" data-element_type=\"container\">\n\t\t\t\t\t<div class=\"e-con-inner\">\n\t\t\t\t<div class=\"elementor-element elementor-element-65a1901 elementor-widget elementor-widget-heading\" data-id=\"65a1901\" data-element_type=\"widget\" data-widget_type=\"heading.default\">\n\t\t\t\t\t<h2 class=\"elementor-heading-title elementor-size-default\"><h1 data-elementor-setting-key=\"title\" data-pen-placeholder=\"\u00c9crivez ici...\" style=\"font-style: normal;font-weight: 600;font-family: Roboto, sans-serif\">\ud83d\udc3e Composition du CA de GPE<span style=\"font-size: 1.875rem;font-style: inherit\"><\/span><\/h1><\/h2>\t\t\t\t<\/div>\n\t\t\t\t\t<\/div>\n\t\t\t\t<\/div>\n\t\t<div class=\"elementor-element elementor-element-0c5daab e-flex e-con-boxed e-con e-parent\" data-id=\"0c5daab\" data-element_type=\"container\">\n\t\t\t\t\t<div class=\"e-con-inner\">\n\t\t\t\t<div class=\"elementor-element elementor-element-0ae56ee elementor-widget elementor-widget-html\" data-id=\"0ae56ee\" data-element_type=\"widget\" data-widget_type=\"html.default\">\n\t\t\t\t\t<div style=\"max-width: 1200px; margin: 0 auto; padding: 20px;\">\r\n  <h2 style=\"text-align: center; color: #2a4333; margin-bottom: 30px;\"> <\/h2>\r\n\r\n\r\n  <!-- Pr\u00e9sident de GPE -->\r\n  <div style=\"display: flex; align-items: flex-start; gap: 20px; margin-bottom: 30px; flex-wrap: wrap;\">\r\n    <img decoding=\"async\" src=\"https:\/\/grandparquetendurance.com\/wp-content\/uploads\/2025\/07\/President.jpg\" alt=\"Photo Pr\u00e9sident\" style=\"width: 160px; height: 160px; border-radius: 12px; object-fit: cover;\" \/>\r\n    <div>\r\n      <h2 style=\"margin: 0; color: #2155732;\">Pr\u00e9sident  \u2013 Gilles Cabardos <\/h2>\r\n      <p style=\"margin: 8px 0;\">\r\n        Repr\u00e9sente l\u00e9galement l'association pour tous les actes de la vie civile et coordonne les activit\u00e9s globales.     <\/p>\r\n      <ul style=\"margin: 0; padding-left: 20px;\">\r\n        <li>Anime l'association et ordonnance les d\u00e9penses de l'ensemble de GPE<\/li>\r\n        <li>Veille au respect des r\u00e8glements divers de GPE et ses sections<\/li>\r\n        <li>Pr\u00e9side l'AG annuelle et pr\u00e9sente le rapport d'activit\u00e9 annuel<\/li>\r\n      <\/ul>\r\n    <h4>Pr\u00e9sident \u00e9lu et membre de droit en tant que Tr\u00e9sorier de la section canisport<\/h4><\/div>\r\n  <\/div>\r\n<br><\/br>\r\n\r\n<!-- Vice-Pr\u00e9sident 1 de GPE -->\r\n  <div style=\"display: flex; align-items: flex-start; gap: 20px; margin-bottom: 30px; flex-wrap: wrap;\">\r\n    <img decoding=\"async\" src=\"https:\/\/grandparquetendurance.com\/wp-content\/uploads\/2025\/07\/Vice-President-1.jpg\" alt=\"Photo Responsable\" style=\"width: 160px; height: 160px; border-radius: 12px; object-fit: cover;\" \/>\r\n    <div>\r\n      <h2 style=\"margin: 0; color: #2155732;\">Vice-Pr\u00e9sident  \u2013 St\u00e9phane Pr\u00e9vosteau<\/h2>\r\n      <p style=\"margin: 8px 0;\">\r\n        Exerce les activit\u00e9s du Pr\u00e9sident en cas d'emp\u00eachement de ce dernier.\r\n      <\/p>\r\n      <ul style=\"margin: 0; padding-left: 20px;\">\r\n        <li>Accompagne les projets d'organisation d'\u00e9v\u00e8nements par  une coordination logistique terrain<\/li>\r\n        <li>Encadre et veille aux bonnes r\u00e8gles de s\u00e9curit\u00e9 sur les \u00e9v\u00e8nements<\/li>\r\n        <li>Peut repr\u00e9senter le Pr\u00e9sident \u00e0 certaines r\u00e9unions institutionnelles<\/li>\r\n      <\/ul>\r\n    <\/div>\r\n  <\/div>\r\n<br><\/br>\r\n\r\n<!-- Vice-Pr\u00e9sident 2 de GPE -->\r\n  <div style=\"display: flex; align-items: flex-start; gap: 20px; margin-bottom: 30px; flex-wrap: wrap;\">\r\n    <img decoding=\"async\" src=\"https:\/\/grandparquetendurance.com\/wp-content\/uploads\/2025\/07\/Vice-President-2.jpg\" alt=\"Photo Responsable\" style=\"width: 160px; height: 160px; border-radius: 12px; object-fit: cover;\" \/>\r\n    <div>\r\n      <h2 style=\"margin: 0; color: #2155732;\">Vice-Pr\u00e9sident  \u2013 Guillaume Br\u00e9vart<\/h2>\r\n      <p style=\"margin: 8px 0;\">\r\n       Exerce les activit\u00e9s du Pr\u00e9sident en cas d'emp\u00eachement de ce dernier.\r\n      <\/p>\r\n      <ul style=\"margin: 0; padding-left: 20px;\">\r\n        <li>Exerce une activit\u00e9 multiple de pr\u00e9paration logistique en amont des grands \u00e9v\u00e8nements<\/li>\r\n        <li>Participe \u00e0 la bonne gestion de la s\u00e9curit\u00e9 sur les \u00e9v\u00e8nements<\/li>\r\n        <li>Peut repr\u00e9senter le Pr\u00e9sident \u00e0 certaines r\u00e9unions institutionnelles<\/li>\r\n      <\/ul>\r\n    <\/div>\r\n  <\/div>\r\n<br><\/br>\r\n\r\n  <!-- Tr\u00e9sorier G\u00e9n\u00e9ral -->\r\n  <div style=\"display: flex; align-items: flex-start; gap: 20px; margin-bottom: 30px; flex-wrap: wrap;\">\r\n    <img decoding=\"async\" src=\"https:\/\/grandparquetendurance.com\/wp-content\/uploads\/2025\/07\/Tresoriere-generale.jpg\" alt=\"Photo Tr\u00e9sorier\" style=\"width: 160px; height: 160px; border-radius: 12px; object-fit: cover;\" \/>\r\n    <div>\r\n      <h2 style=\"margin: 0; color: #2155732;\">Tr\u00e9sori\u00e8re G\u00e9n\u00e9rale \u2013 Elisa Pautex<\/h2>\r\n      <p style=\"margin: 8px 0;\">\r\n        G\u00e8re les finances et tient la comptabilit\u00e9 de l'association.\r\n      <\/p>\r\n      <ul style=\"margin: 0; padding-left: 20px;\">\r\n        <li>Tient \u00e0 jour les livres de comptabilit\u00e9 de GPE<\/li>\r\n        <li>Pr\u00e9pare le bilan et le budget pr\u00e9visionnel<\/li>\r\n        <li>Coordonne les budgets des sections en relation avec les Tr\u00e9soriers de section<\/li>\r\n      <\/ul>\r\n    <\/div>\r\n  <\/div>\r\n<br><\/br>\r\n\r\n  <!-- Tr\u00e9sori\u00e8re G\u00e9n\u00e9rale adjointe -->\r\n  <div style=\"display: flex; align-items: flex-start; gap: 20px; margin-bottom: 30px; flex-wrap: wrap;\">\r\n    <img decoding=\"async\" src=\"https:\/\/grandparquetendurance.com\/wp-content\/uploads\/2025\/07\/Tresoriere-adjointe.jpg\" alt=\"Photo Tr\u00e9sorier\" style=\"width: 160px; height: 160px; border-radius: 12px; object-fit: cover;\" \/>\r\n    <div>\r\n      <h2 style=\"margin: 0; color: #2155732;\">Tr\u00e9sori\u00e8re G\u00e9n\u00e9rale adjointe \u2013 Caroline Cabardos<\/h2>\r\n      <p style=\"margin: 8px 0;\">\r\n        Assiste la Tr\u00e9sori\u00e8re G\u00e9n\u00e9rale dans ses missions et la remplace en cas de besoin.\r\n      <\/p>\r\n      <ul style=\"margin: 0; padding-left: 20px;\">\r\n         <i><li>Tient \u00e0 jour les livres de comptabilit\u00e9 de GPE<\/li>\r\n        <li>Pr\u00e9pare le bilan et le budget pr\u00e9visionnel<\/li>\r\n        <li>Coordonne les budgets des sections en relation avec les Tr\u00e9soriers de section<\/li><\/i>\r\n      <\/ul>\r\n    <\/div>\r\n  <\/div>\r\n<br><\/br>\r\n\r\n\r\n  <!-- Secr\u00e9taire G\u00e9n\u00e9ral -->\r\n  <div style=\"display: flex; align-items: flex-start; gap: 20px; margin-bottom: 30px; flex-wrap: wrap;\">\r\n    <img decoding=\"async\" src=\"https:\/\/grandparquetendurance.com\/wp-content\/uploads\/2025\/07\/President.jpg\" alt=\"Photo Secr\u00e9taire\" style=\"width: 160px; height: 160px; border-radius: 12px; object-fit: cover;\" \/>\r\n    <div>\r\n      <h2 style=\"margin: 0; color: #2155732;\">Secr\u00e9taire G\u00e9n\u00e9ral \u2013 Gilles Cabardos<\/h2>\r\n      <p style=\"margin: 8px 0;\">\r\n        G\u00e8re les t\u00e2ches d'enregistrement interne et s'assure de la bonne tra\u00e7abilit\u00e9 des d\u00e9cisions prises.\r\n      <\/p>\r\n      <ul style=\"margin: 0; padding-left: 20px;\">\r\n        <li>Assure la correspondance de l'association et archive les documents importants<\/li>\r\n        <li>Etablit les comptes-rendus des r\u00e9unions<\/li>\r\n        <li>Convoque les Assembl\u00e9es G\u00e9n\u00e9rales et r\u00e9dige les proc\u00e8s-verbaux<\/li>\r\n      <\/ul>\r\n    <\/div>\r\n  <\/div>\r\n  <br><\/br>\r\n  \r\n  <!-- Secr\u00e9taire G\u00e9n\u00e9rale adjointe -->\r\n  <div style=\"display: flex; align-items: flex-start; gap: 20px; margin-bottom: 30px; flex-wrap: wrap;\">\r\n    <img decoding=\"async\" src=\"https:\/\/grandparquetendurance.com\/wp-content\/uploads\/2025\/07\/Secretaire-adjointe.jpg\" alt=\"Photo Secr\u00e9taire-adjointe\" style=\"width: 160px; height: 160px; border-radius: 12px; object-fit: cover;\" \/>\r\n    <div>\r\n      <h2 style=\"margin: 0; color: #2155732;\">Secr\u00e9taire G\u00e9n\u00e9rale adjointe \u2013 Salvina Deniaud<\/h2>\r\n      <p style=\"margin: 8px 0;\">\r\n       Assiste le Secr\u00e9taire G\u00e9n\u00e9ral dans ses missions et le remplace en cas de besoin.\r\n      <\/p>\r\n      <ul style=\"margin: 0; padding-left: 20px;\">\r\n        <i><li>Assure la correspondance de l'association et archive les documents importants<\/li>\r\n        <li>Etablit les comptes-rendus des r\u00e9unions<\/li>\r\n        <li>Convoque les Assembl\u00e9es G\u00e9n\u00e9rales et r\u00e9dige les proc\u00e8s-verbaux<\/li><\/i>\r\n      <\/ul>\r\n    <\/div>\r\n  <\/div>\r\n  <br><\/br>\r\n  \r\n  <!-- Membre actif de Doggy -->\r\n  <div style=\"display: flex; align-items: flex-start; gap: 20px; margin-bottom: 30px; flex-wrap: wrap;\">\r\n    <img decoding=\"async\" src=\"https:\/\/grandparquetendurance.com\/wp-content\/uploads\/2025\/07\/Resp-section-Doggy.jpg\" alt=\"Photo Resp Doggy\" style=\"width: 160px; height: 160px; border-radius: 12px; object-fit: cover;\" \/>\r\n    <div>\r\n      <h2 style=\"margin: 0; color: #2155732;\">Membre actif - Agn\u00e8s Le Gall<\/h2>\r\n      <p style=\"margin: 8px 0;\">\r\n        Membre de droit - Responsable de la section Canisport.\r\n      <\/p>\r\n      <ul style=\"margin: 0; padding-left: 20px;\">\r\n        <li>Repr\u00e9sente la section canisport au sein du CA<\/li>\r\n        <li>Porte le budget et les projets de la section<\/li>\r\n        <li>Participe aux d\u00e9cisions importantes du CA<\/li>\r\n      <\/ul>\r\n    <\/div>\r\n  <\/div>\r\n<br><\/br>\r\n\r\n\r\n<!-- Membre actif de WildRun -->\r\n  <div style=\"display: flex; align-items: flex-start; gap: 20px; margin-bottom: 30px; flex-wrap: wrap;\">\r\n    <img decoding=\"async\" src=\"URL_IMAGE_Resp section WildRun\" alt=\"Photo Resp WildRun\" style=\"width: 160px; height: 160px; border-radius: 12px; object-fit: cover;\" \/>\r\n    <div>\r\n      <h2 style=\"margin: 0; color: #2155732;\">Membre actif - Non encore pourvu<\/h2>\r\n      <p style=\"margin: 8px 0;\">\r\n        Membre de droit - Responsable de la section Trail.\r\n      <\/p>\r\n      <ul style=\"margin: 0; padding-left: 20px;\">\r\n        <li>Repr\u00e9sente la section trail au sein du CA<\/li>\r\n        <li>Porte le budget et les projets de la section<\/li>\r\n        <li>Participe aux d\u00e9cisions importantes du CA<\/li>\r\n      <\/ul>\r\n    <\/div>\r\n  <\/div>\r\n<\/div>\t\t\t\t<\/div>\n\t\t\t\t\t<\/div>\n\t\t\t\t<\/div>\n\t\t\t\t<\/div>\n\t\t","protected":false},"excerpt":{"rendered":"<p>\ud83d\udc3e Le Conseil d&rsquo;Administration de Grand Parquet Endurance Le Conseil d\u2019Administration (CA) g\u00e8re la gouvernance de l\u2019association m\u00e8re. Il inclut [&hellip;]<\/p>\n","protected":false},"author":1,"featured_media":0,"parent":0,"menu_order":0,"comment_status":"closed","ping_status":"closed","template":"","meta":{"site-sidebar-layout":"no-sidebar","site-content-layout":"","ast-site-content-layout":"full-width-container","site-content-style":"default","site-sidebar-style":"default","ast-global-header-display":"","ast-banner-title-visibility":"","ast-main-header-display":"","ast-hfb-above-header-display":"","ast-hfb-below-header-display":"","ast-hfb-mobile-header-display":"","site-post-title":"disabled","ast-breadcrumbs-content":"","ast-featured-img":"disabled","footer-sml-layout":"","theme-transparent-header-meta":"","adv-header-id-meta":"","stick-header-meta":"","header-above-stick-meta":"","header-main-stick-meta":"","header-below-stick-meta":"","astra-migrate-meta-layouts":"default","ast-page-background-enabled":"default","ast-page-background-meta":{"desktop":{"background-color":"var(--ast-global-color-5)","background-image":"","background-repeat":"repeat","background-position":"center center","background-size":"auto","background-attachment":"scroll","background-type":"","background-media":"","overlay-type":"","overlay-color":"","overlay-opacity":"","overlay-gradient":""},"tablet":{"background-color":"","background-image":"","background-repeat":"repeat","background-position":"center center","background-size":"auto","background-attachment":"scroll","background-type":"","background-media":"","overlay-type":"","overlay-color":"","overlay-opacity":"","overlay-gradient":""},"mobile":{"background-color":"","background-image":"","background-repeat":"repeat","background-position":"center center","background-size":"auto","background-attachment":"scroll","background-type":"","background-media":"","overlay-type":"","overlay-color":"","overlay-opacity":"","overlay-gradient":""}},"ast-content-background-meta":{"desktop":{"background-color":"var(--ast-global-color-4)","background-image":"","background-repeat":"repeat","background-position":"center center","background-size":"auto","background-attachment":"scroll","background-type":"","background-media":"","overlay-type":"","overlay-color":"","overlay-opacity":"","overlay-gradient":""},"tablet":{"background-color":"var(--ast-global-color-4)","background-image":"","background-repeat":"repeat","background-position":"center center","background-size":"auto","background-attachment":"scroll","background-type":"","background-media":"","overlay-type":"","overlay-color":"","overlay-opacity":"","overlay-gradient":""},"mobile":{"background-color":"var(--ast-global-color-4)","background-image":"","background-repeat":"repeat","background-position":"center center","background-size":"auto","background-attachment":"scroll","background-type":"","background-media":"","overlay-type":"","overlay-color":"","overlay-opacity":"","overlay-gradient":""}},"footnotes":""},"class_list":["post-160","page","type-page","status-publish","hentry"],"yoast_head":"<!-- This site is optimized with the Yoast SEO plugin v26.6 - https:\/\/yoast.com\/wordpress\/plugins\/seo\/ -->\n<title>GPE - Le Conseil d&#039;Administration - Grand Parquet Endurance (GPE)<\/title>\n<meta name=\"robots\" content=\"index, follow, max-snippet:-1, max-image-preview:large, max-video-preview:-1\" \/>\n<link rel=\"canonical\" href=\"https:\/\/grandparquetendurance.com\/index.php\/le-conseil-dadministration\/\" \/>\n<meta property=\"og:locale\" content=\"fr_FR\" \/>\n<meta property=\"og:type\" content=\"article\" \/>\n<meta property=\"og:title\" content=\"GPE - Le Conseil d&#039;Administration - Grand Parquet Endurance (GPE)\" \/>\n<meta property=\"og:description\" content=\"\ud83d\udc3e Le Conseil d&rsquo;Administration de Grand Parquet Endurance Le Conseil d\u2019Administration (CA) g\u00e8re la gouvernance de l\u2019association m\u00e8re. Il inclut [&hellip;]\" \/>\n<meta property=\"og:url\" content=\"https:\/\/grandparquetendurance.com\/index.php\/le-conseil-dadministration\/\" \/>\n<meta property=\"og:site_name\" content=\"Grand Parquet Endurance (GPE)\" \/>\n<meta property=\"article:modified_time\" content=\"2025-07-31T14:42:26+00:00\" \/>\n<meta property=\"og:image\" content=\"https:\/\/grandparquetendurance.com\/wp-content\/uploads\/2025\/07\/President.jpg\" \/>\n<meta name=\"twitter:card\" content=\"summary_large_image\" \/>\n<meta name=\"twitter:label1\" content=\"Dur\u00e9e de lecture estim\u00e9e\" \/>\n\t<meta name=\"twitter:data1\" content=\"5 minutes\" \/>\n<script type=\"application\/ld+json\" class=\"yoast-schema-graph\">{\"@context\":\"https:\/\/schema.org\",\"@graph\":[{\"@type\":\"WebPage\",\"@id\":\"https:\/\/grandparquetendurance.com\/index.php\/le-conseil-dadministration\/\",\"url\":\"https:\/\/grandparquetendurance.com\/index.php\/le-conseil-dadministration\/\",\"name\":\"GPE - Le Conseil d'Administration - Grand Parquet Endurance (GPE)\",\"isPartOf\":{\"@id\":\"https:\/\/grandparquetendurance.com\/#website\"},\"primaryImageOfPage\":{\"@id\":\"https:\/\/grandparquetendurance.com\/index.php\/le-conseil-dadministration\/#primaryimage\"},\"image\":{\"@id\":\"https:\/\/grandparquetendurance.com\/index.php\/le-conseil-dadministration\/#primaryimage\"},\"thumbnailUrl\":\"https:\/\/grandparquetendurance.com\/wp-content\/uploads\/2025\/07\/President.jpg\",\"datePublished\":\"2025-07-05T10:23:33+00:00\",\"dateModified\":\"2025-07-31T14:42:26+00:00\",\"breadcrumb\":{\"@id\":\"https:\/\/grandparquetendurance.com\/index.php\/le-conseil-dadministration\/#breadcrumb\"},\"inLanguage\":\"fr-FR\",\"potentialAction\":[{\"@type\":\"ReadAction\",\"target\":[\"https:\/\/grandparquetendurance.com\/index.php\/le-conseil-dadministration\/\"]}]},{\"@type\":\"ImageObject\",\"inLanguage\":\"fr-FR\",\"@id\":\"https:\/\/grandparquetendurance.com\/index.php\/le-conseil-dadministration\/#primaryimage\",\"url\":\"https:\/\/grandparquetendurance.com\/wp-content\/uploads\/2025\/07\/President.jpg\",\"contentUrl\":\"https:\/\/grandparquetendurance.com\/wp-content\/uploads\/2025\/07\/President.jpg\",\"width\":440,\"height\":480},{\"@type\":\"BreadcrumbList\",\"@id\":\"https:\/\/grandparquetendurance.com\/index.php\/le-conseil-dadministration\/#breadcrumb\",\"itemListElement\":[{\"@type\":\"ListItem\",\"position\":1,\"name\":\"Accueil\",\"item\":\"https:\/\/grandparquetendurance.com\/\"},{\"@type\":\"ListItem\",\"position\":2,\"name\":\"GPE &#8211; Le Conseil d&rsquo;Administration\"}]},{\"@type\":\"WebSite\",\"@id\":\"https:\/\/grandparquetendurance.com\/#website\",\"url\":\"https:\/\/grandparquetendurance.com\/\",\"name\":\"Grand Parquet Endurance (GPE)\",\"description\":\"Au coeur du sport outdoor...\",\"potentialAction\":[{\"@type\":\"SearchAction\",\"target\":{\"@type\":\"EntryPoint\",\"urlTemplate\":\"https:\/\/grandparquetendurance.com\/?s={search_term_string}\"},\"query-input\":{\"@type\":\"PropertyValueSpecification\",\"valueRequired\":true,\"valueName\":\"search_term_string\"}}],\"inLanguage\":\"fr-FR\"}]}<\/script>\n<!-- \/ Yoast SEO plugin. -->","yoast_head_json":{"title":"GPE - Le Conseil d'Administration - Grand Parquet Endurance (GPE)","robots":{"index":"index","follow":"follow","max-snippet":"max-snippet:-1","max-image-preview":"max-image-preview:large","max-video-preview":"max-video-preview:-1"},"canonical":"https:\/\/grandparquetendurance.com\/index.php\/le-conseil-dadministration\/","og_locale":"fr_FR","og_type":"article","og_title":"GPE - Le Conseil d'Administration - Grand Parquet Endurance (GPE)","og_description":"\ud83d\udc3e Le Conseil d&rsquo;Administration de Grand Parquet Endurance Le Conseil d\u2019Administration (CA) g\u00e8re la gouvernance de l\u2019association m\u00e8re. Il inclut [&hellip;]","og_url":"https:\/\/grandparquetendurance.com\/index.php\/le-conseil-dadministration\/","og_site_name":"Grand Parquet Endurance (GPE)","article_modified_time":"2025-07-31T14:42:26+00:00","og_image":[{"url":"https:\/\/grandparquetendurance.com\/wp-content\/uploads\/2025\/07\/President.jpg","type":"","width":"","height":""}],"twitter_card":"summary_large_image","twitter_misc":{"Dur\u00e9e de lecture estim\u00e9e":"5 minutes"},"schema":{"@context":"https:\/\/schema.org","@graph":[{"@type":"WebPage","@id":"https:\/\/grandparquetendurance.com\/index.php\/le-conseil-dadministration\/","url":"https:\/\/grandparquetendurance.com\/index.php\/le-conseil-dadministration\/","name":"GPE - Le Conseil d'Administration - Grand Parquet Endurance (GPE)","isPartOf":{"@id":"https:\/\/grandparquetendurance.com\/#website"},"primaryImageOfPage":{"@id":"https:\/\/grandparquetendurance.com\/index.php\/le-conseil-dadministration\/#primaryimage"},"image":{"@id":"https:\/\/grandparquetendurance.com\/index.php\/le-conseil-dadministration\/#primaryimage"},"thumbnailUrl":"https:\/\/grandparquetendurance.com\/wp-content\/uploads\/2025\/07\/President.jpg","datePublished":"2025-07-05T10:23:33+00:00","dateModified":"2025-07-31T14:42:26+00:00","breadcrumb":{"@id":"https:\/\/grandparquetendurance.com\/index.php\/le-conseil-dadministration\/#breadcrumb"},"inLanguage":"fr-FR","potentialAction":[{"@type":"ReadAction","target":["https:\/\/grandparquetendurance.com\/index.php\/le-conseil-dadministration\/"]}]},{"@type":"ImageObject","inLanguage":"fr-FR","@id":"https:\/\/grandparquetendurance.com\/index.php\/le-conseil-dadministration\/#primaryimage","url":"https:\/\/grandparquetendurance.com\/wp-content\/uploads\/2025\/07\/President.jpg","contentUrl":"https:\/\/grandparquetendurance.com\/wp-content\/uploads\/2025\/07\/President.jpg","width":440,"height":480},{"@type":"BreadcrumbList","@id":"https:\/\/grandparquetendurance.com\/index.php\/le-conseil-dadministration\/#breadcrumb","itemListElement":[{"@type":"ListItem","position":1,"name":"Accueil","item":"https:\/\/grandparquetendurance.com\/"},{"@type":"ListItem","position":2,"name":"GPE &#8211; Le Conseil d&rsquo;Administration"}]},{"@type":"WebSite","@id":"https:\/\/grandparquetendurance.com\/#website","url":"https:\/\/grandparquetendurance.com\/","name":"Grand Parquet Endurance (GPE)","description":"Au coeur du sport outdoor...","potentialAction":[{"@type":"SearchAction","target":{"@type":"EntryPoint","urlTemplate":"https:\/\/grandparquetendurance.com\/?s={search_term_string}"},"query-input":{"@type":"PropertyValueSpecification","valueRequired":true,"valueName":"search_term_string"}}],"inLanguage":"fr-FR"}]}},"_links":{"self":[{"href":"https:\/\/grandparquetendurance.com\/index.php\/wp-json\/wp\/v2\/pages\/160","targetHints":{"allow":["GET"]}}],"collection":[{"href":"https:\/\/grandparquetendurance.com\/index.php\/wp-json\/wp\/v2\/pages"}],"about":[{"href":"https:\/\/grandparquetendurance.com\/index.php\/wp-json\/wp\/v2\/types\/page"}],"author":[{"embeddable":true,"href":"https:\/\/grandparquetendurance.com\/index.php\/wp-json\/wp\/v2\/users\/1"}],"replies":[{"embeddable":true,"href":"https:\/\/grandparquetendurance.com\/index.php\/wp-json\/wp\/v2\/comments?post=160"}],"version-history":[{"count":54,"href":"https:\/\/grandparquetendurance.com\/index.php\/wp-json\/wp\/v2\/pages\/160\/revisions"}],"predecessor-version":[{"id":1558,"href":"https:\/\/grandparquetendurance.com\/index.php\/wp-json\/wp\/v2\/pages\/160\/revisions\/1558"}],"wp:attachment":[{"href":"https:\/\/grandparquetendurance.com\/index.php\/wp-json\/wp\/v2\/media?parent=160"}],"curies":[{"name":"wp","href":"https:\/\/api.w.org\/{rel}","templated":true}]}}