{"id":1454,"date":"2025-07-31T00:12:56","date_gmt":"2025-07-30T22:12:56","guid":{"rendered":"https:\/\/grandparquetendurance.com\/?page_id=1454"},"modified":"2025-07-31T14:41:21","modified_gmt":"2025-07-31T12:41:21","slug":"doggy-_-nos-plannings","status":"publish","type":"page","link":"https:\/\/grandparquetendurance.com\/index.php\/doggy-_-nos-plannings\/","title":{"rendered":"Doggy &#8211; Nos plannings"},"content":{"rendered":"\t\t<div data-elementor-type=\"wp-page\" data-elementor-id=\"1454\" class=\"elementor elementor-1454\">\n\t\t\t\t<div class=\"elementor-element elementor-element-de0e9f1 e-flex e-con-boxed e-con e-parent\" data-id=\"de0e9f1\" data-element_type=\"container\">\n\t\t\t\t\t<div class=\"e-con-inner\">\n\t\t\t\t<div class=\"elementor-element elementor-element-f2f0814 elementor-widget elementor-widget-html\" data-id=\"f2f0814\" data-element_type=\"widget\" data-widget_type=\"html.default\">\n\t\t\t\t\t<style>\r\n.club-planning table,\r\n.club-planning th,\r\n.club-planning td {\r\n  border: 2px solid #000 !important; \/* noir et plus \u00e9pais *\/\r\n  border-collapse: collapse;\r\n}\r\n\r\n.club-planning th {\r\n  background-color: #e0f2f1;\r\n  font-weight: bold;\r\n  text-align: left;\r\n}\r\n\r\n.club-planning td, .club-planning th {\r\n  padding: 10px;\r\n}\r\n<\/style>\r\n\r\n<section class=\"club-planning\">\r\n    <h1 style=\"text-align: center;\"><span style=\"font-family: Arial, sans-serif; font-style: normal; font-size: 1em; line-height: 1; display: inline; vertical-align: middle;\">\ud83d\udcc5<\/span> CALENDRIERS DU CLUB \u2013 SAISON 2025-2026<\/h1>\r\n  <br>\r\n  <p style=\"text-align: justify;\">\r\n    Retrouvez ici tous les temps forts de la saison <strong>2025\u20132026<\/strong> pour notre club Doggy on the Rocks au sein de l'association multisports GPE : \u00e9v\u00e8nements phares, rassemblements conviviaux, stages, ainsi que notre <strong>planning hebdomadaire<\/strong> des entra\u00eenements.\r\n  <\/p>\r\n  <p style=\"text-align: justify;\">\r\n    Le programme annuel est susceptible de modifications, d'ajustements, et des nouvelles dates en lien avec les projets du club pourront appara\u00eetre ! Il est de m\u00eame construit sans int\u00e9grer \u00e0 ce stade le planning sp\u00e9cifique des comp\u00e9titions.\r\n  <\/p>\r\n  <p style=\"text-align: justify;\">\r\n    Le planning hebdomadaire est g\u00e9n\u00e9rique et il sera adapt\u00e9 en r\u00e9el dans la vie du club, en fonction des disponibilit\u00e9s des encadrants, des actualit\u00e9s multiples et vari\u00e9es comme les comp\u00e9titions le week-end, les p\u00e9riodes de vacances, ou encore la pr\u00e9paration et la tenue de gros \u00e9v\u00e8nements.<br><br>\r\n    Une fois votre adh\u00e9sion valid\u00e9e, vous aurez acc\u00e8s au planning mensuel d\u00e9taill\u00e9, construit sur la base de ce planning type hebdo, dans notre communaut\u00e9 WhatsApp r\u00e9serv\u00e9e aux adh\u00e9rents.\r\n  <\/p>\r\n  <p style=\"text-align: justify;\">\r\n    Ce calendrier est mis \u00e0 jour r\u00e9guli\u00e8rement \u2013 restez connect\u00e9s !\r\n  <\/p>\r\n\r\n  <br><br>\r\n\r\n  <h2><span style=\"all: unset;\">\ud83d\udccc<\/span> PLANNING GLOBAL ANNUEL \u2013 \u00c9V\u00c8NEMENTS CLUB<\/h2>\r\n  <table style=\"width: 100%; border-collapse: collapse;\">\r\n    <thead style=\"background-color: #e0f2f1;\">\r\n      <tr>\r\n        <th style=\"width: 25%; padding: 10px; border: 1px solid #ccc;\"><span style=\"all: unset;\">\ud83d\udcc6<\/span> Date<\/th>\r\n        <th style=\"width: 35%; padding: 10px; border: 1px solid #ccc;\"><span style=\"all: unset;\">\u2b50<\/span> \u00c9v\u00e8nement<\/th>\r\n        <th style=\"width: 40%; padding: 10px; border: 1px solid #ccc;\"><span style=\"all: unset;\">\ud83d\udcdd<\/span> D\u00e9tails<\/th>\r\n      <\/tr>\r\n    <\/thead>\r\n    <tbody>\r\n      <tr>\r\n        <td style=\"padding: 10px; border: 1px solid #ccc;\">Samedi 6 sept. 2025<br><em>(\u00e0 confirmer)<\/em><\/td>\r\n        <td style=\"padding: 10px; border: 1px solid #ccc;\">Forum des Associations \u2013 <em>Lieu \u00e0 confirmer<\/em><\/td>\r\n        <td style=\"padding: 10px; border: 1px solid #ccc;\"><span style=\"all: unset;\">\ud83c\udfaa<\/span> Participation du club<br><span style=\"all: unset;\">\ud83c\udfa4<\/span> Stand et d\u00e9monstration<\/td>\r\n      <\/tr>\r\n      <tr>\r\n        <td style=\"padding: 10px; border: 1px solid #ccc;\">Vendredi 19 sept. 2025 \u2013 19h30<br><em>(\u00e0 confirmer)<\/em><\/td>\r\n        <td style=\"padding: 10px; border: 1px solid #ccc;\">R\u00e9union d'information \u2013 Rentr\u00e9e<\/td>\r\n        <td style=\"padding: 10px; border: 1px solid #ccc;\"><span style=\"all: unset;\">\ud83d\udccb<\/span> Pr\u00e9sentation saison + <span style=\"all: unset;\">\ud83c\udf79<\/span> ap\u00e9ritif de rentr\u00e9e<br><span style=\"all: unset;\">\ud83d\udccd<\/span> Villiers-sous-Grez<\/td>\r\n      <\/tr>\r\n      <tr>\r\n        <td style=\"padding: 10px; border: 1px solid #ccc;\">30 oct. \u2192 2 nov. 2025<\/td>\r\n        <td style=\"padding: 10px; border: 1px solid #ccc;\">Stage Montagne \u2013 Canitrail<\/td>\r\n        <td style=\"padding: 10px; border: 1px solid #ccc;\"><span style=\"all: unset;\">\ud83c\udfd4\ufe0f<\/span> Pr\u00e9pa Championnat de France<br><strong><span style=\"all: unset;\">\ud83c\udfaf<\/span> R\u00e9serv\u00e9 aux cani-traileurs<\/strong><\/td>\r\n      <\/tr>\r\n      <tr>\r\n        <td style=\"padding: 10px; border: 1px solid #ccc;\">Weekend 13\u201314 d\u00e9c. 2025<\/td>\r\n        <td style=\"padding: 10px; border: 1px solid #ccc;\">\u00c9v\u00e8nement de No\u00ebl <span style=\"all: unset;\">\ud83c\udf84<\/span><\/td>\r\n        <td style=\"padding: 10px; border: 1px solid #ccc;\"><span style=\"all: unset;\">\ud83e\uddc0<\/span> Doggy Raclette, ambiance festive garantie !<\/td>\r\n      <\/tr>\r\n      <tr>\r\n        <td style=\"padding: 10px; border: 1px solid #ccc;\">Samedi 10 janv. 2026<\/td>\r\n        <td style=\"padding: 10px; border: 1px solid #ccc;\">Galette des Rois & Rando <img decoding=\"async\" src=\"https:\/\/grandparquetendurance.com\/wp-content\/uploads\/2025\/07\/ChatGPT-Image-31-juil.-2025-14_35_42.png\" alt=\"Galette des Rois\" style=\"height: 24px; vertical-align: middle; margin-right: 8px;\"><\/td>\r\n        <td style=\"padding: 10px; border: 1px solid #ccc;\"><span style=\"all: unset;\">\ud83d\udc51<\/span> Apr\u00e8s l'entra\u00eenement des jeunes \/ <span style=\"all: unset;\">\ud83e\udd7e<\/span>  Rando pour les adultes<\/td>\r\n      <\/tr>\r\n      <tr>\r\n        <td style=\"padding: 10px; border: 1px solid #ccc;\">Weekend 1er mai 2026<\/td>\r\n        <td style=\"padding: 10px; border: 1px solid #ccc;\">Sortie Montagne \u2013 Printemps<\/td>\r\n        <td style=\"padding: 10px; border: 1px solid #ccc;\"><span style=\"all: unset;\">\ud83c\udf0b<\/span> Volcans d\u2019Auvergne<\/td>\r\n      <\/tr>\r\n      <tr>\r\n        <td style=\"padding: 10px; border: 1px solid #ccc;\">Vendredi 29 mai 2026<br><em>(\u00e0 confirmer)<\/em><\/td>\r\n        <td style=\"padding: 10px; border: 1px solid #ccc;\">Assembl\u00e9e G\u00e9n\u00e9rale du club<\/td>\r\n        <td style=\"padding: 10px; border: 1px solid #ccc;\"><span style=\"all: unset;\">\ud83d\udcca<\/span> Bilan annuel + projets \u00e0 venir<\/td>\r\n      <\/tr>\r\n      <tr>\r\n        <td style=\"padding: 10px; border: 1px solid #ccc;\">Samedi 13 juin 2026<\/td>\r\n        <td style=\"padding: 10px; border: 1px solid #ccc;\">\u00c9v\u00e8nement de fin de saison <span style=\"all: unset;\">\ud83c\udf38<\/span><\/td>\r\n        <td style=\"padding: 10px; border: 1px solid #ccc;\"><span style=\"all: unset;\">\ud83c\udf89<\/span> F\u00eate, animations & moment partag\u00e9<\/td>\r\n      <\/tr>\r\n    <\/tbody>\r\n  <\/table>\r\n\r\n  <br><br>\r\n\r\n  <h2><span style=\"all: unset;\">\ud83d\udd01<\/span> PLANNING HEBDOMADAIRE DES ENTRA\u00ceNEMENTS<\/h2>\r\n  <table style=\"width: 100%; border-collapse: collapse;\">\r\n    <thead style=\"background-color: #e0f2f1;\">\r\n      <tr>\r\n        <th style=\"width: 25%; padding: 10px; border: 1px solid #ccc;\"><span style=\"all: unset;\">\ud83d\udcc6<\/span> Jour<\/th>\r\n        <th style=\"width: 35%; padding: 10px; border: 1px solid #ccc;\"><span style=\"all: unset;\">\ud83d\udc3e<\/span> Activit\u00e9<\/th>\r\n        <th style=\"width: 40%; padding: 10px; border: 1px solid #ccc;\"><span style=\"all: unset;\">\ud83d\udcdd<\/span> D\u00e9tails<\/th>\r\n      <\/tr>\r\n    <\/thead>\r\n    <tbody>\r\n      <tr>\r\n        <td style=\"padding: 10px; border: 1px solid #ccc;\">Mercredi soir<\/td>\r\n        <td style=\"padding: 10px; border: 1px solid #ccc;\"><span style=\"all: unset;\">\ud83c\udfc3\u200d\u2642\ufe0f<\/span> Canicross<\/td>\r\n        <td style=\"padding: 10px; border: 1px solid #ccc;\">Entra\u00eenement adultes<\/td>\r\n      <\/tr>\r\n      <tr>\r\n        <td style=\"padding: 10px; border: 1px solid #ccc;\">Vendredi soir<\/td>\r\n        <td style=\"padding: 10px; border: 1px solid #ccc;\"><span style=\"all: unset;\">\ud83c\udfc3\u200d\u2640\ufe0f<\/span> Canicross<\/td>\r\n        <td style=\"padding: 10px; border: 1px solid #ccc;\">Entra\u00eenement adultes<\/td>\r\n      <\/tr>\r\n      <tr>\r\n        <td style=\"padding: 10px; border: 1px solid #ccc;\">Samedi matin<\/td>\r\n        <td style=\"padding: 10px; border: 1px solid #ccc;\"><span style=\"all: unset;\">\ud83d\udeb4\u200d\u2642\ufe0f<\/span> CanivTT \/ P\u00e9dicycle<br><span style=\"all: unset;\">\ud83d\udeb6\u200d\u2640\ufe0f<\/span> Canimarche<\/td>\r\n        <td style=\"padding: 10px; border: 1px solid #ccc;\">Groupes en parall\u00e8le, tous niveaux<\/td>\r\n      <\/tr>\r\n      <tr>\r\n        <td style=\"padding: 10px; border: 1px solid #ccc;\">Samedi apr\u00e8s-midi<br>(1 semaine sur 2)<\/td>\r\n        <td style=\"padding: 10px; border: 1px solid #ccc;\"><span style=\"all: unset;\">\ud83d\udc67\ud83d\udc66<\/span> Entra\u00eenement Jeunes<\/td>\r\n        <td style=\"padding: 10px; border: 1px solid #ccc;\">\u00c0 partir du CP, et apr\u00e8s contact avec les encadrants<br> tous les 15 jours<\/td>\r\n      <\/tr>\r\n      <tr>\r\n        <td style=\"padding: 10px; border: 1px solid #ccc;\">Dimanche matin<\/td>\r\n        <td style=\"padding: 10px; border: 1px solid #ccc;\"><span style=\"all: unset;\">\u26f0\ufe0f<\/span> Canitrail \/ Canirando<\/td>\r\n        <td style=\"padding: 10px; border: 1px solid #ccc;\">Sorties nature \u2013 loisir ou engag\u00e9<\/td>\r\n      <\/tr>\r\n    <\/tbody>\r\n  <\/table>\r\n\r\n  <p><em>Derni\u00e8re mise \u00e0 jour\u00a0: juillet 2025<\/em><\/p>\r\n<\/section>\t\t\t\t<\/div>\n\t\t\t\t\t<\/div>\n\t\t\t\t<\/div>\n\t\t<div class=\"elementor-element elementor-element-2338d9a e-flex e-con-boxed e-con e-parent\" data-id=\"2338d9a\" data-element_type=\"container\">\n\t\t\t\t\t<div class=\"e-con-inner\">\n\t\t\t\t<div class=\"elementor-element elementor-element-86235b5 elementor-align-center elementor-widget elementor-widget-button\" data-id=\"86235b5\" data-element_type=\"widget\" data-widget_type=\"button.default\">\n\t\t\t\t\t\t\t\t\t\t<a class=\"elementor-button elementor-button-link elementor-size-sm\" href=\"https:\/\/grandparquetendurance.com\/index.php\/canisport\/\">\n\t\t\t\t\t\t<span class=\"elementor-button-content-wrapper\">\n\t\t\t\t\t\t<span class=\"elementor-button-icon\">\n\t\t\t\t<svg aria-hidden=\"true\" class=\"e-font-icon-svg e-far-caret-square-left\" viewBox=\"0 0 448 512\" xmlns=\"http:\/\/www.w3.org\/2000\/svg\"><path d=\"M272 157.1v197.8c0 10.7-13 16.1-20.5 8.5l-98.3-98.9c-4.7-4.7-4.7-12.2 0-16.9l98.3-98.9c7.5-7.7 20.5-2.3 20.5 8.4zM448 80v352c0 26.5-21.5 48-48 48H48c-26.5 0-48-21.5-48-48V80c0-26.5 21.5-48 48-48h352c26.5 0 48 21.5 48 48zm-48 346V86c0-3.3-2.7-6-6-6H54c-3.3 0-6 2.7-6 6v340c0 3.3 2.7 6 6 6h340c3.3 0 6-2.7 6-6z\"><\/path><\/svg>\t\t\t<\/span>\n\t\t\t\t\t\t\t\t\t<span class=\"elementor-button-text\">Retour menu<\/span>\n\t\t\t\t\t<\/span>\n\t\t\t\t\t<\/a>\n\t\t\t\t\t\t\t\t<\/div>\n\t\t\t\t\t<\/div>\n\t\t\t\t<\/div>\n\t\t\t\t<\/div>\n\t\t","protected":false},"excerpt":{"rendered":"<p>\ud83d\udcc5 CALENDRIERS DU CLUB \u2013 SAISON 2025-2026 Retrouvez ici tous les temps forts de la saison 2025\u20132026 pour notre club [&hellip;]<\/p>\n","protected":false},"author":1,"featured_media":0,"parent":0,"menu_order":0,"comment_status":"closed","ping_status":"closed","template":"","meta":{"site-sidebar-layout":"no-sidebar","site-content-layout":"","ast-site-content-layout":"full-width-container","site-content-style":"default","site-sidebar-style":"default","ast-global-header-display":"","ast-banner-title-visibility":"","ast-main-header-display":"","ast-hfb-above-header-display":"","ast-hfb-below-header-display":"","ast-hfb-mobile-header-display":"","site-post-title":"disabled","ast-breadcrumbs-content":"","ast-featured-img":"disabled","footer-sml-layout":"","theme-transparent-header-meta":"","adv-header-id-meta":"","stick-header-meta":"","header-above-stick-meta":"","header-main-stick-meta":"","header-below-stick-meta":"","astra-migrate-meta-layouts":"default","ast-page-background-enabled":"default","ast-page-background-meta":{"desktop":{"background-color":"var(--ast-global-color-5)","background-image":"","background-repeat":"repeat","background-position":"center center","background-size":"auto","background-attachment":"scroll","background-type":"","background-media":"","overlay-type":"","overlay-color":"","overlay-opacity":"","overlay-gradient":""},"tablet":{"background-color":"","background-image":"","background-repeat":"repeat","background-position":"center center","background-size":"auto","background-attachment":"scroll","background-type":"","background-media":"","overlay-type":"","overlay-color":"","overlay-opacity":"","overlay-gradient":""},"mobile":{"background-color":"","background-image":"","background-repeat":"repeat","background-position":"center center","background-size":"auto","background-attachment":"scroll","background-type":"","background-media":"","overlay-type":"","overlay-color":"","overlay-opacity":"","overlay-gradient":""}},"ast-content-background-meta":{"desktop":{"background-color":"var(--ast-global-color-4)","background-image":"","background-repeat":"repeat","background-position":"center center","background-size":"auto","background-attachment":"scroll","background-type":"","background-media":"","overlay-type":"","overlay-color":"","overlay-opacity":"","overlay-gradient":""},"tablet":{"background-color":"var(--ast-global-color-4)","background-image":"","background-repeat":"repeat","background-position":"center center","background-size":"auto","background-attachment":"scroll","background-type":"","background-media":"","overlay-type":"","overlay-color":"","overlay-opacity":"","overlay-gradient":""},"mobile":{"background-color":"var(--ast-global-color-4)","background-image":"","background-repeat":"repeat","background-position":"center center","background-size":"auto","background-attachment":"scroll","background-type":"","background-media":"","overlay-type":"","overlay-color":"","overlay-opacity":"","overlay-gradient":""}},"footnotes":""},"class_list":["post-1454","page","type-page","status-publish","hentry"],"yoast_head":"<!-- This site is optimized with the Yoast SEO plugin v26.6 - https:\/\/yoast.com\/wordpress\/plugins\/seo\/ -->\n<title>Doggy - Nos plannings - Grand Parquet Endurance (GPE)<\/title>\n<meta name=\"robots\" content=\"index, follow, max-snippet:-1, max-image-preview:large, max-video-preview:-1\" \/>\n<link rel=\"canonical\" href=\"https:\/\/grandparquetendurance.com\/index.php\/doggy-_-nos-plannings\/\" \/>\n<meta property=\"og:locale\" content=\"fr_FR\" \/>\n<meta property=\"og:type\" content=\"article\" \/>\n<meta property=\"og:title\" content=\"Doggy - Nos plannings - Grand Parquet Endurance (GPE)\" \/>\n<meta property=\"og:description\" content=\"\ud83d\udcc5 CALENDRIERS DU CLUB \u2013 SAISON 2025-2026 Retrouvez ici tous les temps forts de la saison 2025\u20132026 pour notre club [&hellip;]\" \/>\n<meta property=\"og:url\" content=\"https:\/\/grandparquetendurance.com\/index.php\/doggy-_-nos-plannings\/\" \/>\n<meta property=\"og:site_name\" content=\"Grand Parquet Endurance (GPE)\" \/>\n<meta property=\"article:modified_time\" content=\"2025-07-31T12:41:21+00:00\" \/>\n<meta property=\"og:image\" content=\"https:\/\/grandparquetendurance.com\/wp-content\/uploads\/2025\/07\/ChatGPT-Image-31-juil.-2025-14_35_42.png\" \/>\n<meta name=\"twitter:card\" content=\"summary_large_image\" \/>\n<meta name=\"twitter:label1\" content=\"Dur\u00e9e de lecture estim\u00e9e\" \/>\n\t<meta name=\"twitter:data1\" content=\"3 minutes\" \/>\n<script type=\"application\/ld+json\" class=\"yoast-schema-graph\">{\"@context\":\"https:\/\/schema.org\",\"@graph\":[{\"@type\":\"WebPage\",\"@id\":\"https:\/\/grandparquetendurance.com\/index.php\/doggy-_-nos-plannings\/\",\"url\":\"https:\/\/grandparquetendurance.com\/index.php\/doggy-_-nos-plannings\/\",\"name\":\"Doggy - Nos plannings - Grand Parquet Endurance (GPE)\",\"isPartOf\":{\"@id\":\"https:\/\/grandparquetendurance.com\/#website\"},\"primaryImageOfPage\":{\"@id\":\"https:\/\/grandparquetendurance.com\/index.php\/doggy-_-nos-plannings\/#primaryimage\"},\"image\":{\"@id\":\"https:\/\/grandparquetendurance.com\/index.php\/doggy-_-nos-plannings\/#primaryimage\"},\"thumbnailUrl\":\"https:\/\/grandparquetendurance.com\/wp-content\/uploads\/2025\/07\/ChatGPT-Image-31-juil.-2025-14_35_42.png\",\"datePublished\":\"2025-07-30T22:12:56+00:00\",\"dateModified\":\"2025-07-31T12:41:21+00:00\",\"breadcrumb\":{\"@id\":\"https:\/\/grandparquetendurance.com\/index.php\/doggy-_-nos-plannings\/#breadcrumb\"},\"inLanguage\":\"fr-FR\",\"potentialAction\":[{\"@type\":\"ReadAction\",\"target\":[\"https:\/\/grandparquetendurance.com\/index.php\/doggy-_-nos-plannings\/\"]}]},{\"@type\":\"ImageObject\",\"inLanguage\":\"fr-FR\",\"@id\":\"https:\/\/grandparquetendurance.com\/index.php\/doggy-_-nos-plannings\/#primaryimage\",\"url\":\"https:\/\/grandparquetendurance.com\/wp-content\/uploads\/2025\/07\/ChatGPT-Image-31-juil.-2025-14_35_42.png\",\"contentUrl\":\"https:\/\/grandparquetendurance.com\/wp-content\/uploads\/2025\/07\/ChatGPT-Image-31-juil.-2025-14_35_42.png\",\"width\":1024,\"height\":1024},{\"@type\":\"BreadcrumbList\",\"@id\":\"https:\/\/grandparquetendurance.com\/index.php\/doggy-_-nos-plannings\/#breadcrumb\",\"itemListElement\":[{\"@type\":\"ListItem\",\"position\":1,\"name\":\"Accueil\",\"item\":\"https:\/\/grandparquetendurance.com\/\"},{\"@type\":\"ListItem\",\"position\":2,\"name\":\"Doggy &#8211; Nos plannings\"}]},{\"@type\":\"WebSite\",\"@id\":\"https:\/\/grandparquetendurance.com\/#website\",\"url\":\"https:\/\/grandparquetendurance.com\/\",\"name\":\"Grand Parquet Endurance (GPE)\",\"description\":\"Au coeur du sport outdoor...\",\"potentialAction\":[{\"@type\":\"SearchAction\",\"target\":{\"@type\":\"EntryPoint\",\"urlTemplate\":\"https:\/\/grandparquetendurance.com\/?s={search_term_string}\"},\"query-input\":{\"@type\":\"PropertyValueSpecification\",\"valueRequired\":true,\"valueName\":\"search_term_string\"}}],\"inLanguage\":\"fr-FR\"}]}<\/script>\n<!-- \/ Yoast SEO plugin. -->","yoast_head_json":{"title":"Doggy - Nos plannings - Grand Parquet Endurance (GPE)","robots":{"index":"index","follow":"follow","max-snippet":"max-snippet:-1","max-image-preview":"max-image-preview:large","max-video-preview":"max-video-preview:-1"},"canonical":"https:\/\/grandparquetendurance.com\/index.php\/doggy-_-nos-plannings\/","og_locale":"fr_FR","og_type":"article","og_title":"Doggy - Nos plannings - Grand Parquet Endurance (GPE)","og_description":"\ud83d\udcc5 CALENDRIERS DU CLUB \u2013 SAISON 2025-2026 Retrouvez ici tous les temps forts de la saison 2025\u20132026 pour notre club [&hellip;]","og_url":"https:\/\/grandparquetendurance.com\/index.php\/doggy-_-nos-plannings\/","og_site_name":"Grand Parquet Endurance (GPE)","article_modified_time":"2025-07-31T12:41:21+00:00","og_image":[{"url":"https:\/\/grandparquetendurance.com\/wp-content\/uploads\/2025\/07\/ChatGPT-Image-31-juil.-2025-14_35_42.png","type":"","width":"","height":""}],"twitter_card":"summary_large_image","twitter_misc":{"Dur\u00e9e de lecture estim\u00e9e":"3 minutes"},"schema":{"@context":"https:\/\/schema.org","@graph":[{"@type":"WebPage","@id":"https:\/\/grandparquetendurance.com\/index.php\/doggy-_-nos-plannings\/","url":"https:\/\/grandparquetendurance.com\/index.php\/doggy-_-nos-plannings\/","name":"Doggy - Nos plannings - Grand Parquet Endurance (GPE)","isPartOf":{"@id":"https:\/\/grandparquetendurance.com\/#website"},"primaryImageOfPage":{"@id":"https:\/\/grandparquetendurance.com\/index.php\/doggy-_-nos-plannings\/#primaryimage"},"image":{"@id":"https:\/\/grandparquetendurance.com\/index.php\/doggy-_-nos-plannings\/#primaryimage"},"thumbnailUrl":"https:\/\/grandparquetendurance.com\/wp-content\/uploads\/2025\/07\/ChatGPT-Image-31-juil.-2025-14_35_42.png","datePublished":"2025-07-30T22:12:56+00:00","dateModified":"2025-07-31T12:41:21+00:00","breadcrumb":{"@id":"https:\/\/grandparquetendurance.com\/index.php\/doggy-_-nos-plannings\/#breadcrumb"},"inLanguage":"fr-FR","potentialAction":[{"@type":"ReadAction","target":["https:\/\/grandparquetendurance.com\/index.php\/doggy-_-nos-plannings\/"]}]},{"@type":"ImageObject","inLanguage":"fr-FR","@id":"https:\/\/grandparquetendurance.com\/index.php\/doggy-_-nos-plannings\/#primaryimage","url":"https:\/\/grandparquetendurance.com\/wp-content\/uploads\/2025\/07\/ChatGPT-Image-31-juil.-2025-14_35_42.png","contentUrl":"https:\/\/grandparquetendurance.com\/wp-content\/uploads\/2025\/07\/ChatGPT-Image-31-juil.-2025-14_35_42.png","width":1024,"height":1024},{"@type":"BreadcrumbList","@id":"https:\/\/grandparquetendurance.com\/index.php\/doggy-_-nos-plannings\/#breadcrumb","itemListElement":[{"@type":"ListItem","position":1,"name":"Accueil","item":"https:\/\/grandparquetendurance.com\/"},{"@type":"ListItem","position":2,"name":"Doggy &#8211; Nos plannings"}]},{"@type":"WebSite","@id":"https:\/\/grandparquetendurance.com\/#website","url":"https:\/\/grandparquetendurance.com\/","name":"Grand Parquet Endurance (GPE)","description":"Au coeur du sport outdoor...","potentialAction":[{"@type":"SearchAction","target":{"@type":"EntryPoint","urlTemplate":"https:\/\/grandparquetendurance.com\/?s={search_term_string}"},"query-input":{"@type":"PropertyValueSpecification","valueRequired":true,"valueName":"search_term_string"}}],"inLanguage":"fr-FR"}]}},"_links":{"self":[{"href":"https:\/\/grandparquetendurance.com\/index.php\/wp-json\/wp\/v2\/pages\/1454","targetHints":{"allow":["GET"]}}],"collection":[{"href":"https:\/\/grandparquetendurance.com\/index.php\/wp-json\/wp\/v2\/pages"}],"about":[{"href":"https:\/\/grandparquetendurance.com\/index.php\/wp-json\/wp\/v2\/types\/page"}],"author":[{"embeddable":true,"href":"https:\/\/grandparquetendurance.com\/index.php\/wp-json\/wp\/v2\/users\/1"}],"replies":[{"embeddable":true,"href":"https:\/\/grandparquetendurance.com\/index.php\/wp-json\/wp\/v2\/comments?post=1454"}],"version-history":[{"count":17,"href":"https:\/\/grandparquetendurance.com\/index.php\/wp-json\/wp\/v2\/pages\/1454\/revisions"}],"predecessor-version":[{"id":1554,"href":"https:\/\/grandparquetendurance.com\/index.php\/wp-json\/wp\/v2\/pages\/1454\/revisions\/1554"}],"wp:attachment":[{"href":"https:\/\/grandparquetendurance.com\/index.php\/wp-json\/wp\/v2\/media?parent=1454"}],"curies":[{"name":"wp","href":"https:\/\/api.w.org\/{rel}","templated":true}]}}