{"id":119,"date":"2025-07-05T10:38:04","date_gmt":"2025-07-05T08:38:04","guid":{"rendered":"https:\/\/grandparquetendurance.com\/?page_id=119"},"modified":"2025-07-31T17:44:45","modified_gmt":"2025-07-31T15:44:45","slug":"mentions-legales-2","status":"publish","type":"page","link":"https:\/\/grandparquetendurance.com\/index.php\/mentions-legales-2\/","title":{"rendered":"Mentions l\u00e9gales"},"content":{"rendered":"\t\t<div data-elementor-type=\"wp-page\" data-elementor-id=\"119\" class=\"elementor elementor-119\">\n\t\t\t\t<div class=\"elementor-element elementor-element-f88b2a0 e-flex e-con-boxed e-con e-parent\" data-id=\"f88b2a0\" data-element_type=\"container\">\n\t\t\t\t\t<div class=\"e-con-inner\">\n\t\t\t\t<div class=\"elementor-element elementor-element-0aedb8c elementor-widget elementor-widget-text-editor\" data-id=\"0aedb8c\" data-element_type=\"widget\" data-widget_type=\"text-editor.default\">\n\t\t\t\t\t\t\t\t\t<h1 data-start=\"483\" data-end=\"530\">Mentions l\u00e9gales<\/h1>\n<hr data-start=\"532\" data-end=\"535\">\n<h2 data-start=\"537\" data-end=\"558\">1. \u00c9diteur du site<\/h2>\n<p data-start=\"560\" data-end=\"815\">Le pr\u00e9sent site est \u00e9dit\u00e9 par&nbsp;<strong data-start=\"594\" data-end=\"621\">Grand Parquet Endurance, <\/strong>association loi 1901 d\u00e9clar\u00e9e l\u00e9galemet aupr\u00e8s de l&rsquo;Administration fran\u00e7aise.<br data-start=\"653\" data-end=\"656\">\ud83d\udccd [Adresse du si\u00e8ge : 38 rue de Larchant, 77760 Villiers-sous-Grez<br data-start=\"722\" data-end=\"725\">\ud83d\udce7 Contact : <a class=\"cursor-pointer\" rel=\"noopener\" data-start=\"738\" data-end=\"815\">contact@grandparquetendurance.com<\/a><\/p>\n<p data-start=\"817\" data-end=\"953\">Directeur de publication : <strong data-start=\"844\" data-end=\"886\">Gilles Cabardos<\/strong><br data-start=\"886\" data-end=\"889\">Responsable de la r\u00e9daction : <strong data-start=\"919\" data-end=\"953\">Gilles Cabardos<\/strong><\/p>\n<hr data-start=\"955\" data-end=\"958\">\n<h2 data-start=\"960\" data-end=\"983\">2. H\u00e9bergeur du site<\/h2>\n<p data-start=\"985\" data-end=\"1148\">Ce site est h\u00e9berg\u00e9 par :<br data-start=\"1010\" data-end=\"1013\"><strong data-start=\"1013\" data-end=\"1024\">OVH SAS<\/strong><br data-start=\"1024\" data-end=\"1027\">\ud83d\udccd 2 rue Kellermann \u2013 59100 Roubaix \u2013 France<br data-start=\"1093\" data-end=\"1096\">\ud83c\udf10 Site : <a class=\"\" href=\"https:\/\/www.ovh.com\" target=\"_new\" rel=\"noopener\" data-start=\"1106\" data-end=\"1148\">https:\/\/www.ovh.com<\/a><\/p>\n<hr data-start=\"1150\" data-end=\"1153\">\n<h2 data-start=\"1155\" data-end=\"1188\">3. Conception et d\u00e9veloppement<\/h2>\n<p data-start=\"1190\" data-end=\"1269\">Site con\u00e7u et administr\u00e9 par :<br data-start=\"1220\" data-end=\"1223\"><strong data-start=\"1223\" data-end=\"1242\">Gilles Cabardos<\/strong>, b\u00e9n\u00e9vole de l\u2019association<\/p>\n<p data-start=\"1271\" data-end=\"1335\">Logiciel utilis\u00e9 : WordPress<br data-start=\"1299\" data-end=\"1302\">Th\u00e8mes utilis\u00e9s : Astra + Elementor<\/p>\n<hr data-start=\"1337\" data-end=\"1340\">\n<h2 data-start=\"1342\" data-end=\"1372\">4. Propri\u00e9t\u00e9 intellectuelle<\/h2>\n<p data-start=\"1374\" data-end=\"1538\">L\u2019ensemble des \u00e9l\u00e9ments de ce site (textes, images, logos, graphismes\u2026) est la propri\u00e9t\u00e9 exclusive de l\u2019association Grand Parquet Endurance, sauf mention contraire.<\/p>\n<p data-start=\"1540\" data-end=\"1620\">Toute reproduction, distribution ou utilisation sans autorisation est interdite.<\/p>\n<p data-start=\"1622\" data-end=\"1747\">Les logos de GPE et de ses sections sont des cr\u00e9ations originales d\u00e9pos\u00e9es et prot\u00e9g\u00e9es.<\/p>\n<hr data-start=\"1749\" data-end=\"1752\">\n<h2 data-start=\"1754\" data-end=\"1795\">5. Protection des donn\u00e9es personnelles<\/h2>\n<p data-start=\"1797\" data-end=\"1952\">Les donn\u00e9es personnelles collect\u00e9es via les formulaires sont trait\u00e9es uniquement par l\u2019association, dans le cadre de la gestion des activit\u00e9s et adh\u00e9sions.<\/p>\n<p data-start=\"1954\" data-end=\"2025\">Pour en savoir plus, consultez notre <a class=\"\" href=\"#\" rel=\"noopener\" data-start=\"1991\" data-end=\"2024\">Politique de confidentialit\u00e9<\/a>.<\/p>\n<p data-start=\"2027\" data-end=\"2248\">Conform\u00e9ment \u00e0 la loi Informatique et Libert\u00e9s et au RGPD, vous pouvez exercer vos droits d\u2019acc\u00e8s, rectification ou suppression en \u00e9crivant \u00e0 : <a class=\"cursor-pointer\" rel=\"noopener\" data-start=\"2171\" data-end=\"2248\">grandparquetendurance@orange.fr<\/a><\/p>\n<hr data-start=\"2250\" data-end=\"2253\">\n<h2 data-start=\"2255\" data-end=\"2268\">6. Cookies<\/h2>\n<p data-start=\"2270\" data-end=\"2446\">Ce site utilise des cookies \u00e0 des fins de navigation, de mesure d\u2019audience et de s\u00e9curit\u00e9.<br data-start=\"2360\" data-end=\"2363\">Un bandeau d\u2019information et de consentement est propos\u00e9 lors de la premi\u00e8re visite.<\/p>\n<hr data-start=\"2448\" data-end=\"2451\">\n<h2 data-start=\"2453\" data-end=\"2473\">7. Liens externes<\/h2>\n<p data-start=\"2475\" data-end=\"2607\">Ce site peut contenir des liens vers d\u2019autres sites. Grand Parquet Endurance n\u2019est pas responsable du contenu de ces sites externes.<\/p>\n<hr data-start=\"2609\" data-end=\"2612\">\n<h2 data-start=\"2614\" data-end=\"2634\">8. Loi applicable<\/h2>\n<p data-start=\"2636\" data-end=\"2772\">Le pr\u00e9sent site est soumis au droit fran\u00e7ais.<br data-start=\"2681\" data-end=\"2684\">En cas de litige, la juridiction comp\u00e9tente est celle du lieu de si\u00e8ge de l\u2019association.<\/p>\n<hr data-start=\"2774\" data-end=\"2777\">\n<h2 data-start=\"2779\" data-end=\"2824\">\ud83d\udccc Derni\u00e8re mise \u00e0 jour : <strong data-start=\"2808\" data-end=\"2824\">juillet 2025<\/strong><\/h2>\t\t\t\t\t\t\t\t<\/div>\n\t\t\t\t\t<\/div>\n\t\t\t\t<\/div>\n\t\t\t\t<\/div>\n\t\t","protected":false},"excerpt":{"rendered":"<p>Mentions l\u00e9gales 1. \u00c9diteur du site Le pr\u00e9sent site est \u00e9dit\u00e9 par&nbsp;Grand Parquet Endurance, association loi 1901 d\u00e9clar\u00e9e l\u00e9galemet aupr\u00e8s [&hellip;]<\/p>\n","protected":false},"author":1,"featured_media":0,"parent":0,"menu_order":0,"comment_status":"closed","ping_status":"closed","template":"","meta":{"site-sidebar-layout":"no-sidebar","site-content-layout":"","ast-site-content-layout":"full-width-container","site-content-style":"default","site-sidebar-style":"default","ast-global-header-display":"","ast-banner-title-visibility":"","ast-main-header-display":"","ast-hfb-above-header-display":"","ast-hfb-below-header-display":"","ast-hfb-mobile-header-display":"","site-post-title":"disabled","ast-breadcrumbs-content":"","ast-featured-img":"disabled","footer-sml-layout":"","theme-transparent-header-meta":"","adv-header-id-meta":"","stick-header-meta":"","header-above-stick-meta":"","header-main-stick-meta":"","header-below-stick-meta":"","astra-migrate-meta-layouts":"default","ast-page-background-enabled":"default","ast-page-background-meta":{"desktop":{"background-color":"var(--ast-global-color-5)","background-image":"","background-repeat":"repeat","background-position":"center center","background-size":"auto","background-attachment":"scroll","background-type":"","background-media":"","overlay-type":"","overlay-color":"","overlay-opacity":"","overlay-gradient":""},"tablet":{"background-color":"","background-image":"","background-repeat":"repeat","background-position":"center center","background-size":"auto","background-attachment":"scroll","background-type":"","background-media":"","overlay-type":"","overlay-color":"","overlay-opacity":"","overlay-gradient":""},"mobile":{"background-color":"","background-image":"","background-repeat":"repeat","background-position":"center center","background-size":"auto","background-attachment":"scroll","background-type":"","background-media":"","overlay-type":"","overlay-color":"","overlay-opacity":"","overlay-gradient":""}},"ast-content-background-meta":{"desktop":{"background-color":"var(--ast-global-color-4)","background-image":"","background-repeat":"repeat","background-position":"center center","background-size":"auto","background-attachment":"scroll","background-type":"","background-media":"","overlay-type":"","overlay-color":"","overlay-opacity":"","overlay-gradient":""},"tablet":{"background-color":"var(--ast-global-color-4)","background-image":"","background-repeat":"repeat","background-position":"center center","background-size":"auto","background-attachment":"scroll","background-type":"","background-media":"","overlay-type":"","overlay-color":"","overlay-opacity":"","overlay-gradient":""},"mobile":{"background-color":"var(--ast-global-color-4)","background-image":"","background-repeat":"repeat","background-position":"center center","background-size":"auto","background-attachment":"scroll","background-type":"","background-media":"","overlay-type":"","overlay-color":"","overlay-opacity":"","overlay-gradient":""}},"footnotes":""},"class_list":["post-119","page","type-page","status-publish","hentry"],"yoast_head":"<!-- This site is optimized with the Yoast SEO plugin v26.6 - https:\/\/yoast.com\/wordpress\/plugins\/seo\/ -->\n<title>Mentions l\u00e9gales - Grand Parquet Endurance (GPE)<\/title>\n<meta name=\"robots\" content=\"index, follow, max-snippet:-1, max-image-preview:large, max-video-preview:-1\" \/>\n<link rel=\"canonical\" href=\"https:\/\/grandparquetendurance.com\/index.php\/mentions-legales-2\/\" \/>\n<meta property=\"og:locale\" content=\"fr_FR\" \/>\n<meta property=\"og:type\" content=\"article\" \/>\n<meta property=\"og:title\" content=\"Mentions l\u00e9gales - Grand Parquet Endurance (GPE)\" \/>\n<meta property=\"og:description\" content=\"Mentions l\u00e9gales 1. \u00c9diteur du site Le pr\u00e9sent site est \u00e9dit\u00e9 par&nbsp;Grand Parquet Endurance, association loi 1901 d\u00e9clar\u00e9e l\u00e9galemet aupr\u00e8s [&hellip;]\" \/>\n<meta property=\"og:url\" content=\"https:\/\/grandparquetendurance.com\/index.php\/mentions-legales-2\/\" \/>\n<meta property=\"og:site_name\" content=\"Grand Parquet Endurance (GPE)\" \/>\n<meta property=\"article:modified_time\" content=\"2025-07-31T15:44:45+00:00\" \/>\n<meta name=\"twitter:card\" content=\"summary_large_image\" \/>\n<meta name=\"twitter:label1\" content=\"Dur\u00e9e de lecture estim\u00e9e\" \/>\n\t<meta name=\"twitter:data1\" content=\"2 minutes\" \/>\n<script type=\"application\/ld+json\" class=\"yoast-schema-graph\">{\"@context\":\"https:\/\/schema.org\",\"@graph\":[{\"@type\":\"WebPage\",\"@id\":\"https:\/\/grandparquetendurance.com\/index.php\/mentions-legales-2\/\",\"url\":\"https:\/\/grandparquetendurance.com\/index.php\/mentions-legales-2\/\",\"name\":\"Mentions l\u00e9gales - Grand Parquet Endurance (GPE)\",\"isPartOf\":{\"@id\":\"https:\/\/grandparquetendurance.com\/#website\"},\"datePublished\":\"2025-07-05T08:38:04+00:00\",\"dateModified\":\"2025-07-31T15:44:45+00:00\",\"breadcrumb\":{\"@id\":\"https:\/\/grandparquetendurance.com\/index.php\/mentions-legales-2\/#breadcrumb\"},\"inLanguage\":\"fr-FR\",\"potentialAction\":[{\"@type\":\"ReadAction\",\"target\":[\"https:\/\/grandparquetendurance.com\/index.php\/mentions-legales-2\/\"]}]},{\"@type\":\"BreadcrumbList\",\"@id\":\"https:\/\/grandparquetendurance.com\/index.php\/mentions-legales-2\/#breadcrumb\",\"itemListElement\":[{\"@type\":\"ListItem\",\"position\":1,\"name\":\"Accueil\",\"item\":\"https:\/\/grandparquetendurance.com\/\"},{\"@type\":\"ListItem\",\"position\":2,\"name\":\"Mentions l\u00e9gales\"}]},{\"@type\":\"WebSite\",\"@id\":\"https:\/\/grandparquetendurance.com\/#website\",\"url\":\"https:\/\/grandparquetendurance.com\/\",\"name\":\"Grand Parquet Endurance (GPE)\",\"description\":\"Au coeur du sport outdoor...\",\"potentialAction\":[{\"@type\":\"SearchAction\",\"target\":{\"@type\":\"EntryPoint\",\"urlTemplate\":\"https:\/\/grandparquetendurance.com\/?s={search_term_string}\"},\"query-input\":{\"@type\":\"PropertyValueSpecification\",\"valueRequired\":true,\"valueName\":\"search_term_string\"}}],\"inLanguage\":\"fr-FR\"}]}<\/script>\n<!-- \/ Yoast SEO plugin. -->","yoast_head_json":{"title":"Mentions l\u00e9gales - Grand Parquet Endurance (GPE)","robots":{"index":"index","follow":"follow","max-snippet":"max-snippet:-1","max-image-preview":"max-image-preview:large","max-video-preview":"max-video-preview:-1"},"canonical":"https:\/\/grandparquetendurance.com\/index.php\/mentions-legales-2\/","og_locale":"fr_FR","og_type":"article","og_title":"Mentions l\u00e9gales - Grand Parquet Endurance (GPE)","og_description":"Mentions l\u00e9gales 1. \u00c9diteur du site Le pr\u00e9sent site est \u00e9dit\u00e9 par&nbsp;Grand Parquet Endurance, association loi 1901 d\u00e9clar\u00e9e l\u00e9galemet aupr\u00e8s [&hellip;]","og_url":"https:\/\/grandparquetendurance.com\/index.php\/mentions-legales-2\/","og_site_name":"Grand Parquet Endurance (GPE)","article_modified_time":"2025-07-31T15:44:45+00:00","twitter_card":"summary_large_image","twitter_misc":{"Dur\u00e9e de lecture estim\u00e9e":"2 minutes"},"schema":{"@context":"https:\/\/schema.org","@graph":[{"@type":"WebPage","@id":"https:\/\/grandparquetendurance.com\/index.php\/mentions-legales-2\/","url":"https:\/\/grandparquetendurance.com\/index.php\/mentions-legales-2\/","name":"Mentions l\u00e9gales - Grand Parquet Endurance (GPE)","isPartOf":{"@id":"https:\/\/grandparquetendurance.com\/#website"},"datePublished":"2025-07-05T08:38:04+00:00","dateModified":"2025-07-31T15:44:45+00:00","breadcrumb":{"@id":"https:\/\/grandparquetendurance.com\/index.php\/mentions-legales-2\/#breadcrumb"},"inLanguage":"fr-FR","potentialAction":[{"@type":"ReadAction","target":["https:\/\/grandparquetendurance.com\/index.php\/mentions-legales-2\/"]}]},{"@type":"BreadcrumbList","@id":"https:\/\/grandparquetendurance.com\/index.php\/mentions-legales-2\/#breadcrumb","itemListElement":[{"@type":"ListItem","position":1,"name":"Accueil","item":"https:\/\/grandparquetendurance.com\/"},{"@type":"ListItem","position":2,"name":"Mentions l\u00e9gales"}]},{"@type":"WebSite","@id":"https:\/\/grandparquetendurance.com\/#website","url":"https:\/\/grandparquetendurance.com\/","name":"Grand Parquet Endurance (GPE)","description":"Au coeur du sport outdoor...","potentialAction":[{"@type":"SearchAction","target":{"@type":"EntryPoint","urlTemplate":"https:\/\/grandparquetendurance.com\/?s={search_term_string}"},"query-input":{"@type":"PropertyValueSpecification","valueRequired":true,"valueName":"search_term_string"}}],"inLanguage":"fr-FR"}]}},"_links":{"self":[{"href":"https:\/\/grandparquetendurance.com\/index.php\/wp-json\/wp\/v2\/pages\/119","targetHints":{"allow":["GET"]}}],"collection":[{"href":"https:\/\/grandparquetendurance.com\/index.php\/wp-json\/wp\/v2\/pages"}],"about":[{"href":"https:\/\/grandparquetendurance.com\/index.php\/wp-json\/wp\/v2\/types\/page"}],"author":[{"embeddable":true,"href":"https:\/\/grandparquetendurance.com\/index.php\/wp-json\/wp\/v2\/users\/1"}],"replies":[{"embeddable":true,"href":"https:\/\/grandparquetendurance.com\/index.php\/wp-json\/wp\/v2\/comments?post=119"}],"version-history":[{"count":10,"href":"https:\/\/grandparquetendurance.com\/index.php\/wp-json\/wp\/v2\/pages\/119\/revisions"}],"predecessor-version":[{"id":1561,"href":"https:\/\/grandparquetendurance.com\/index.php\/wp-json\/wp\/v2\/pages\/119\/revisions\/1561"}],"wp:attachment":[{"href":"https:\/\/grandparquetendurance.com\/index.php\/wp-json\/wp\/v2\/media?parent=119"}],"curies":[{"name":"wp","href":"https:\/\/api.w.org\/{rel}","templated":true}]}}